{"id":93814,"date":"2019-04-08T08:58:38","date_gmt":"2020-11-20T07:56:46","guid":{"rendered":"https:\/\/simex.es\/closet-hanger-natural-wood-with-ring-and-pegs\/"},"modified":"2022-03-14T17:37:09","modified_gmt":"2022-03-14T16:37:09","slug":"cintre-bois-naturel-avec-anneau-et-pinces","status":"publish","type":"product","link":"https:\/\/simex.es\/fr\/cintre-bois-naturel-avec-anneau-et-pinces\/","title":{"rendered":"Cintre &#8211; Bois naturel avec anneau et pinces"},"content":{"rendered":"","protected":false},"excerpt":{"rendered":"<ul>\n<li><span style=\"color: #FF5100;\">Mat\u00e9riel:<\/span> Bois naturel.<\/li>\n<li>Avec pinces m\u00e9talliques en chrome et anneau de s\u00e9curit\u00e9.<\/li>\n<li>Minimum commande: 1 carton de 100 pi\u00e8ces.<\/li>\n<\/ul>\n<p><span class=\"ficha-tecnica\"><a title=\"\u201cFicha\" href=\"https:\/\/simex.es\/wp-content\/uploads\/2020\/11\/08035-08044-08079_EN-FR.pdf\" target=\"_blank\" rel=\"noopener noreferrer\">Fiche technique<\/a><\/span><\/p>\n<p><span class=\"ficha-tecnica\"><a title=\"\u201cFicha\" href=\"https:\/\/simex.es\/wp-content\/uploads\/2022\/02\/08035_08044_08079-PLANO.pdf\" target=\"_blank\" rel=\"noopener noreferrer\">Donn\u00e9es techniques<\/a><\/span><\/p>\n","protected":false},"featured_media":203579,"template":"","meta":[],"product_brand":[],"product_cat":[1288,444],"product_tag":[],"class_list":{"0":"post-93814","1":"product","2":"type-product","3":"status-publish","4":"has-post-thumbnail","6":"product_cat-cintre-en-bois","7":"product_cat-equipements-hoteliers","9":"first","10":"instock","11":"shipping-taxable","12":"purchasable","13":"product-type-simple"},"_links":{"self":[{"href":"https:\/\/simex.es\/fr\/wp-json\/wp\/v2\/product\/93814","targetHints":{"allow":["GET"]}}],"collection":[{"href":"https:\/\/simex.es\/fr\/wp-json\/wp\/v2\/product"}],"about":[{"href":"https:\/\/simex.es\/fr\/wp-json\/wp\/v2\/types\/product"}],"wp:featuredmedia":[{"embeddable":true,"href":"https:\/\/simex.es\/fr\/wp-json\/wp\/v2\/media\/203579"}],"wp:attachment":[{"href":"https:\/\/simex.es\/fr\/wp-json\/wp\/v2\/media?parent=93814"}],"wp:term":[{"taxonomy":"product_brand","embeddable":true,"href":"https:\/\/simex.es\/fr\/wp-json\/wp\/v2\/product_brand?post=93814"},{"taxonomy":"product_cat","embeddable":true,"href":"https:\/\/simex.es\/fr\/wp-json\/wp\/v2\/product_cat?post=93814"},{"taxonomy":"product_tag","embeddable":true,"href":"https:\/\/simex.es\/fr\/wp-json\/wp\/v2\/product_tag?post=93814"}],"curies":[{"name":"wp","href":"https:\/\/api.w.org\/{rel}","templated":true}]}}