{"id":92425,"date":"2020-11-02T08:11:29","date_gmt":"2020-11-02T08:11:29","guid":{"rendered":"https:\/\/simex.es\/ecoclean-gel-soap-dispenser-1-litre\/"},"modified":"2022-03-08T17:02:05","modified_gmt":"2022-03-08T16:02:05","slug":"distributeur-de-savon-gel-ecoclean-1-litre","status":"publish","type":"product","link":"https:\/\/simex.es\/fr\/distributeur-de-savon-gel-ecoclean-1-litre\/","title":{"rendered":"Distributeur de savon \/ gel S\u00e9rie Ecoclean &#8211; 1 litre"},"content":{"rendered":"","protected":false},"excerpt":{"rendered":"<ul>\n<li>Mod\u00e8le fix\u00e9 au mur. Fermeture de s\u00e9curit\u00e9.<\/li>\n<li><span style=\"color: #ff5100;\">Mat\u00e9riel:<\/span> ABS.<\/li>\n<li><span style=\"color: #ff5100;\">Capacit\u00e9:<\/span> 1 litre.<\/li>\n<li><span style=\"color: #ff5100;\">Finition:<\/span>\u00a0Blanc.<\/li>\n<li><span style=\"color: #ff5100;\">Bouton poussoir finition:<\/span>\u00a0Gris.<\/li>\n<li><span style=\"color: #ff5100;\">Contenance:<\/span>\u00a0Liquide \/ Gel hydroalcoolique.<\/li>\n<\/ul>\n<p><span class=\"ficha-tecnica\"><a title=\"Ficha t\u00e9cnica\" href=\"https:\/\/simex.es\/wp-content\/uploads\/2020\/11\/04069_EN-FR.pdf\" target=\"_blank\" rel=\"noopener noreferrer\">Fiche technique<\/a><\/span><\/p>\n<p><span class=\"ficha-tecnica\"><a title=\"Ficha T\u00e9cnica\" href=\"https:\/\/simex.es\/wp-content\/uploads\/2022\/03\/04069-PLANO.pdf\" target=\"_blank\" rel=\"noopener noreferrer\">Donn\u00e9es techniques<\/a><\/span><\/p>\n","protected":false},"featured_media":144372,"template":"","meta":[],"product_brand":[],"product_cat":[958,443,1236],"product_tag":[],"class_list":{"0":"post-92425","1":"product","2":"type-product","3":"status-publish","4":"has-post-thumbnail","6":"product_cat-bouton-poussoir","7":"product_cat-distributeurs-de-savon","8":"product_cat-ecoclean-fr","10":"first","11":"instock","12":"shipping-taxable","13":"purchasable","14":"product-type-simple"},"_links":{"self":[{"href":"https:\/\/simex.es\/fr\/wp-json\/wp\/v2\/product\/92425","targetHints":{"allow":["GET"]}}],"collection":[{"href":"https:\/\/simex.es\/fr\/wp-json\/wp\/v2\/product"}],"about":[{"href":"https:\/\/simex.es\/fr\/wp-json\/wp\/v2\/types\/product"}],"wp:featuredmedia":[{"embeddable":true,"href":"https:\/\/simex.es\/fr\/wp-json\/wp\/v2\/media\/144372"}],"wp:attachment":[{"href":"https:\/\/simex.es\/fr\/wp-json\/wp\/v2\/media?parent=92425"}],"wp:term":[{"taxonomy":"product_brand","embeddable":true,"href":"https:\/\/simex.es\/fr\/wp-json\/wp\/v2\/product_brand?post=92425"},{"taxonomy":"product_cat","embeddable":true,"href":"https:\/\/simex.es\/fr\/wp-json\/wp\/v2\/product_cat?post=92425"},{"taxonomy":"product_tag","embeddable":true,"href":"https:\/\/simex.es\/fr\/wp-json\/wp\/v2\/product_tag?post=92425"}],"curies":[{"name":"wp","href":"https:\/\/api.w.org\/{rel}","templated":true}]}}