{"id":89947,"date":"2020-10-13T09:34:19","date_gmt":"2020-10-13T09:34:20","guid":{"rendered":"https:\/\/simex.es\/?post_type=product&#038;p=89947"},"modified":"2022-03-10T09:18:37","modified_gmt":"2022-03-10T08:18:37","slug":"poubelle-sans-couvercle-elements-chromes","status":"publish","type":"product","link":"https:\/\/simex.es\/fr\/poubelle-sans-couvercle-elements-chromes\/","title":{"rendered":"Poubelle sans couvercle &#8211; \u00c9l\u00e9ments chrom\u00e9s"},"content":{"rendered":"","protected":false},"excerpt":{"rendered":"<ul>\n<li><span style=\"color: #FF5100;\">Mat\u00e9riel:<\/span> Acier.<\/li>\n<li><span style=\"color: #FF5100;\">Capacit\u00e9:<\/span> 9 litres.<\/li>\n<\/ul>\n<p><span class=\"ficha-tecnica\"><a title=\"\u201cFicha\" href=\"https:\/\/simex.es\/wp-content\/uploads\/2020\/11\/07049-07050_EN-FR-1.pdf\" target=\"_blank\" rel=\"noopener noreferrer\">Fiche technique<\/a><\/span><\/p>\n<p><span class=\"ficha-tecnica\"><a title=\"\u201cFicha\" href=\"https:\/\/simex.es\/wp-content\/uploads\/2022\/03\/07049-07050-PLANO.pdf\" target=\"_blank\" rel=\"noopener noreferrer\">Donn\u00e9es techniques<\/a><\/span><\/p>\n","protected":false},"featured_media":92598,"template":"","meta":[],"product_brand":[],"product_cat":[447,811],"product_tag":[],"class_list":{"0":"post-89947","1":"product","2":"type-product","3":"status-publish","4":"has-post-thumbnail","6":"product_cat-poubelles","7":"product_cat-sans-couvercle","9":"first","10":"instock","11":"purchasable","12":"product-type-variable"},"_links":{"self":[{"href":"https:\/\/simex.es\/fr\/wp-json\/wp\/v2\/product\/89947","targetHints":{"allow":["GET"]}}],"collection":[{"href":"https:\/\/simex.es\/fr\/wp-json\/wp\/v2\/product"}],"about":[{"href":"https:\/\/simex.es\/fr\/wp-json\/wp\/v2\/types\/product"}],"wp:featuredmedia":[{"embeddable":true,"href":"https:\/\/simex.es\/fr\/wp-json\/wp\/v2\/media\/92598"}],"wp:attachment":[{"href":"https:\/\/simex.es\/fr\/wp-json\/wp\/v2\/media?parent=89947"}],"wp:term":[{"taxonomy":"product_brand","embeddable":true,"href":"https:\/\/simex.es\/fr\/wp-json\/wp\/v2\/product_brand?post=89947"},{"taxonomy":"product_cat","embeddable":true,"href":"https:\/\/simex.es\/fr\/wp-json\/wp\/v2\/product_cat?post=89947"},{"taxonomy":"product_tag","embeddable":true,"href":"https:\/\/simex.es\/fr\/wp-json\/wp\/v2\/product_tag?post=89947"}],"curies":[{"name":"wp","href":"https:\/\/api.w.org\/{rel}","templated":true}]}}