{"id":85936,"date":"2020-05-05T10:57:58","date_gmt":"2020-05-05T10:57:58","guid":{"rendered":"https:\/\/simex.es\/estacion-de-desinfeccion-liquido-gel\/"},"modified":"2022-03-08T16:50:28","modified_gmt":"2022-03-08T15:50:28","slug":"station-de-desinfection-liquide-gel","status":"publish","type":"product","link":"https:\/\/simex.es\/fr\/station-de-desinfection-liquide-gel\/","title":{"rendered":"Station de d\u00e9sinfection &#8211; S\u00e9rie Ecoclean"},"content":{"rendered":"","protected":false},"excerpt":{"rendered":"<ul>\n<li>Distributeur avec fermeture de s\u00e9curit\u00e9 et capteur \u00e9lectronique.<\/li>\n<li><span style=\"color: #FF5100;\">Mat\u00e9riel distributeur:<\/span> ABS.<\/li>\n<li><span style=\"color: #FF5100;\">Capacit\u00e9:<\/span> 1,2 litre.<\/li>\n<li><span style=\"color: #FF5100;\">Finition distributeur:<\/span>\u00a0Blanc.<\/li>\n<li><span style=\"color: #FF5100;\">Contenace:<\/span>\u00a0Liquide \/ Gel hydroalcolique.<\/li>\n<li><span style=\"color: #FF5100;\">Alimentation:<\/span>\u00a04 piles 1.5V. (Piles non fournies.)<\/li>\n<li><span style=\"color: #FF5100;\">Mat\u00e9riel support:<\/span> Aluminium.<\/li>\n<li><span style=\"color: #FF5100;\">Finition support:<\/span>\u00a0Noir.<\/li>\n<li><span style=\"color: #FF5100;\">Mat\u00e9riel plateau:<\/span> ABS.<\/li>\n<\/ul>\n<p><span class=\"ficha-tecnica\"><a title=\"Ficha t\u00e9cnica\" href=\"https:\/\/simex.es\/wp-content\/uploads\/2021\/03\/04061_EN-FR.pdf\" target=\"_blank\" rel=\"noopener noreferrer\">Fiche technique<\/a><\/span><\/p>\n<p><span class=\"ficha-tecnica\"><a title=\"Ficha T\u00e9cnica\" href=\"https:\/\/simex.es\/wp-content\/uploads\/2022\/03\/04061-PLANO.pdf\" target=\"_blank\" rel=\"noopener noreferrer\">Donn\u00e9es techniques<\/a><\/span><\/p>\n","protected":false},"featured_media":99084,"template":"","meta":[],"product_brand":[],"product_cat":[443,945,961,955],"product_tag":[],"class_list":{"0":"post-85936","1":"product","2":"type-product","3":"status-publish","4":"has-post-thumbnail","6":"product_cat-distributeurs-de-savon","7":"product_cat-equipement-dhygiene","8":"product_cat-stations-de-desinfection-2","9":"product_cat-stations-de-desinfection","11":"first","12":"instock","13":"shipping-taxable","14":"purchasable","15":"product-type-simple"},"_links":{"self":[{"href":"https:\/\/simex.es\/fr\/wp-json\/wp\/v2\/product\/85936","targetHints":{"allow":["GET"]}}],"collection":[{"href":"https:\/\/simex.es\/fr\/wp-json\/wp\/v2\/product"}],"about":[{"href":"https:\/\/simex.es\/fr\/wp-json\/wp\/v2\/types\/product"}],"wp:featuredmedia":[{"embeddable":true,"href":"https:\/\/simex.es\/fr\/wp-json\/wp\/v2\/media\/99084"}],"wp:attachment":[{"href":"https:\/\/simex.es\/fr\/wp-json\/wp\/v2\/media?parent=85936"}],"wp:term":[{"taxonomy":"product_brand","embeddable":true,"href":"https:\/\/simex.es\/fr\/wp-json\/wp\/v2\/product_brand?post=85936"},{"taxonomy":"product_cat","embeddable":true,"href":"https:\/\/simex.es\/fr\/wp-json\/wp\/v2\/product_cat?post=85936"},{"taxonomy":"product_tag","embeddable":true,"href":"https:\/\/simex.es\/fr\/wp-json\/wp\/v2\/product_tag?post=85936"}],"curies":[{"name":"wp","href":"https:\/\/api.w.org\/{rel}","templated":true}]}}