{"id":81404,"date":"2019-04-08T08:54:17","date_gmt":"2019-04-08T08:54:17","guid":{"rendered":"https:\/\/simex.es\/producto\/non%20class\u00e9\/etagere-pour-serviette-avec-barre-inferieure-black-classic\/"},"modified":"2024-08-01T11:43:06","modified_gmt":"2024-08-01T09:43:06","slug":"etagere-pour-serviette-avec-barre-inferieure-black-classic","status":"publish","type":"product","link":"https:\/\/simex.es\/fr\/etagere-pour-serviette-avec-barre-inferieure-black-classic\/","title":{"rendered":"\u00c9tag\u00e8re pour serviette avec barre inf\u00e9rieure &#8211; S\u00e9rie Black Classic"},"content":{"rendered":"<p><span style=\"color: #ff6600;\"><strong>DESCRIPTION DU PRODUIT<\/strong><\/span><\/p>\n<ul>\n<li>\u00c9tag\u00e8re avec barre porte-serviettes inf\u00e9rieure.<\/li>\n<li><span style=\"color: #ff6600;\">Mat\u00e9riau:<\/span> Acier inoxydable AISI 304.<\/li>\n<li><span style=\"color: #ff6600;\">Finition:<\/span> Noire<\/li>\n<\/ul>\n<p><strong><span style=\"color: #ff6600;\">SP\u00c9CIFICATIONS DU PRODUIT<\/span><\/strong><\/p>\n<ul>\n<li><span style=\"color: #ff6600;\">\u00d8 Rosace:<\/span> 48 mm.<\/li>\n<li><span style=\"color: #ff6600;\">\u00c9paisseur de la rosace:<\/span> 1,5 mm.<\/li>\n<li><span style=\"color: #ff6600;\">Supports en acier:<\/span> \u00d838 mm.<\/li>\n<li><span style=\"color: #ff6600;\">\u00c9paisseur du support:<\/span> 3 mm.<\/li>\n<\/ul>\n<p><strong><span style=\"color: #ff6600;\">SP\u00c9CIFICATIONS TECHNIQUES<\/span><\/strong><\/p>\n<ul>\n<li><span style=\"color: #ff6600;\">Poids:<\/span> 1,3 kg<\/li>\n<li><span style=\"color: #ff6600;\">Dimensions:<\/span> 211 x 650 x 125 mm<\/li>\n<li><span style=\"color: #ff6600;\">Poids avec emballage:<\/span> 1,5 kg<\/li>\n<li><span style=\"color: #ff6600;\">Dimensions avec emballage:<\/span> 230 x 670 x 145 mm<\/li>\n<\/ul>\n<p><strong><span style=\"color: #ff6600;\">INSTALLATION DU PRODUIT<\/span><\/strong><\/p>\n<ul>\n<li>Fixation murale.<\/li>\n<li><span style=\"color: #ff6600;\">Fixation:<\/span> \u00c0 l&#8217;aide de vis et de chevilles.<\/li>\n<li><span style=\"color: #ff6600;\">Accessoires inclus:<\/span> 4 vis, 4 chevilles et une cl\u00e9 Allen.<\/li>\n<\/ul>\n","protected":false},"excerpt":{"rendered":"<ul>\n<li><span style=\"color: #ff5100;\">Mat\u00e9riel:<\/span> Acier inoxydable AISI 304.<\/li>\n<li><span style=\"color: #ff5100;\">Finition:<\/span> Noir Mat.<\/li>\n<\/ul>\n<p><span class=\"ficha-tecnica\"><a title=\"\u201cFicha\" href=\"https:\/\/simex.es\/wp-content\/uploads\/2020\/10\/05132-05029-05156_EN-FR.pdf\" target=\"_blank\" rel=\"noopener noreferrer\">Fiche technique<\/a><\/span><\/p>\n<p><span class=\"ficha-tecnica\"><a title=\"\u201cFicha\" href=\"https:\/\/simex.es\/wp-content\/uploads\/2022\/03\/05132-05029-05156-PLANO.pdf\" target=\"_blank\" rel=\"noopener noreferrer\">Donn\u00e9es techniques<\/a><\/span><\/p>\n","protected":false},"featured_media":325409,"template":"","meta":[],"product_brand":[],"product_cat":[441,894],"product_tag":[],"class_list":{"0":"post-81404","1":"product","2":"type-product","3":"status-publish","4":"has-post-thumbnail","6":"product_cat-accessoires-salle-de-bains","7":"product_cat-black-classic-fr","9":"first","10":"instock","11":"shipping-taxable","12":"purchasable","13":"product-type-simple"},"_links":{"self":[{"href":"https:\/\/simex.es\/fr\/wp-json\/wp\/v2\/product\/81404","targetHints":{"allow":["GET"]}}],"collection":[{"href":"https:\/\/simex.es\/fr\/wp-json\/wp\/v2\/product"}],"about":[{"href":"https:\/\/simex.es\/fr\/wp-json\/wp\/v2\/types\/product"}],"wp:featuredmedia":[{"embeddable":true,"href":"https:\/\/simex.es\/fr\/wp-json\/wp\/v2\/media\/325409"}],"wp:attachment":[{"href":"https:\/\/simex.es\/fr\/wp-json\/wp\/v2\/media?parent=81404"}],"wp:term":[{"taxonomy":"product_brand","embeddable":true,"href":"https:\/\/simex.es\/fr\/wp-json\/wp\/v2\/product_brand?post=81404"},{"taxonomy":"product_cat","embeddable":true,"href":"https:\/\/simex.es\/fr\/wp-json\/wp\/v2\/product_cat?post=81404"},{"taxonomy":"product_tag","embeddable":true,"href":"https:\/\/simex.es\/fr\/wp-json\/wp\/v2\/product_tag?post=81404"}],"curies":[{"name":"wp","href":"https:\/\/api.w.org\/{rel}","templated":true}]}}