{"id":79131,"date":"2019-03-20T09:10:55","date_gmt":"2019-03-20T09:10:55","guid":{"rendered":"https:\/\/simex.es\/producto\/non%20class\u00e9\/distributeurs-de-savon-basic-03-litre\/"},"modified":"2022-03-08T16:36:07","modified_gmt":"2022-03-08T15:36:07","slug":"distributeurs-de-savon-basic-03-litre","status":"publish","type":"product","link":"https:\/\/simex.es\/fr\/distributeurs-de-savon-basic-03-litre\/","title":{"rendered":"Distributeur de savon \/ gel S\u00e9rie Basic &#8211; 0,3 litre"},"content":{"rendered":"","protected":false},"excerpt":{"rendered":"<ul>\n<li>Bouton poussoir avec valve anti-goutte.<\/li>\n<li>Mod\u00e8le fix\u00e9 au mur. Fermeture de s\u00e9curit\u00e9.<\/li>\n<li><span style=\"color: #FF5100;\">Mat\u00e9riel:<\/span> ABS.<\/li>\n<li><span style=\"color: #FF5100;\">R\u00e9servoir:<\/span> Transparent.<\/li>\n<li><span style=\"color: #FF5100;\">Bouton poussoir:<\/span> Blanco.<\/li>\n<li><span style=\"color: #FF5100;\">Couleur:<\/span> Blanc.<\/li>\n<\/ul>\n","protected":false},"featured_media":144348,"template":"","meta":[],"product_brand":[],"product_cat":[1414],"product_tag":[],"class_list":{"0":"post-79131","1":"product","2":"type-product","3":"status-publish","4":"has-post-thumbnail","6":"product_cat-outlet-fr","8":"first","9":"instock","10":"shipping-taxable","11":"purchasable","12":"product-type-variable"},"_links":{"self":[{"href":"https:\/\/simex.es\/fr\/wp-json\/wp\/v2\/product\/79131","targetHints":{"allow":["GET"]}}],"collection":[{"href":"https:\/\/simex.es\/fr\/wp-json\/wp\/v2\/product"}],"about":[{"href":"https:\/\/simex.es\/fr\/wp-json\/wp\/v2\/types\/product"}],"wp:featuredmedia":[{"embeddable":true,"href":"https:\/\/simex.es\/fr\/wp-json\/wp\/v2\/media\/144348"}],"wp:attachment":[{"href":"https:\/\/simex.es\/fr\/wp-json\/wp\/v2\/media?parent=79131"}],"wp:term":[{"taxonomy":"product_brand","embeddable":true,"href":"https:\/\/simex.es\/fr\/wp-json\/wp\/v2\/product_brand?post=79131"},{"taxonomy":"product_cat","embeddable":true,"href":"https:\/\/simex.es\/fr\/wp-json\/wp\/v2\/product_cat?post=79131"},{"taxonomy":"product_tag","embeddable":true,"href":"https:\/\/simex.es\/fr\/wp-json\/wp\/v2\/product_tag?post=79131"}],"curies":[{"name":"wp","href":"https:\/\/api.w.org\/{rel}","templated":true}]}}