{"id":78097,"date":"2019-04-08T08:55:24","date_gmt":"2019-03-11T12:53:24","guid":{"rendered":"https:\/\/simex.es\/producto\/non%20class\u00e9\/seche-cheveux-hotel-line-1-600-w-2\/"},"modified":"2022-03-08T13:55:32","modified_gmt":"2022-03-08T12:55:32","slug":"seche-cheveux-hotel-line-1-600-w-2","status":"publish","type":"product","link":"https:\/\/simex.es\/fr\/seche-cheveux-hotel-line-1-600-w-2\/","title":{"rendered":"S\u00e8che-cheveux S\u00e9rie Basic &#8211; 1.600 W &#8211; Prise pour rasoirs"},"content":{"rendered":"","protected":false},"excerpt":{"rendered":"<ul>\n<li>S\u00e8che-cheveux avec support mural type pistolet automatique.<\/li>\n<li>Deux vitesses et deux temp\u00e9ratures en sortie d\u2019air, froid et chaud.<\/li>\n<li>Interrupteur de s\u00e9curit\u00e9 ON\/OFF.<\/li>\n<li>Avec prise rasoir et interrupteur ON\/OFF.<\/li>\n<li><span style=\"color: #ff5100;\">Capot:<\/span> ABS.<\/li>\n<li><span style=\"color: #ff5100;\">Finition:<\/span> Blanc avec \u00e9l\u00e9ments chrom\u00e9s<\/li>\n<li><span style=\"color: #ff5100;\">Puissance:<\/span> 1.600 W<\/li>\n<\/ul>\n<p><span class=\"ficha-tecnica\"><a title=\"Data Sheet\" href=\"https:\/\/simex.es\/wp-content\/uploads\/2020\/10\/01035-01026_EN-FR.pdf\" target=\"_blank\" rel=\"noopener noreferrer\">Fiche technique<\/a><\/span><\/p>\n<p><span class=\"ficha-tecnica\"><a title=\"Ficha T\u00e9cnica\" href=\"https:\/\/simex.es\/wp-content\/uploads\/2022\/03\/01026-PLANO.pdf\" target=\"_blank\" rel=\"noopener noreferrer\">Donn\u00e9es techniques<\/a><\/span><\/p>\n","protected":false},"featured_media":327343,"template":"","meta":[],"product_brand":[],"product_cat":[1152,450,1176],"product_tag":[],"class_list":{"0":"post-78097","1":"product","2":"type-product","3":"status-publish","4":"has-post-thumbnail","6":"product_cat-avec-support-mural","7":"product_cat-seche-cheveux","8":"product_cat-serie-basic-fr","10":"first","11":"instock","12":"shipping-taxable","13":"purchasable","14":"product-type-simple"},"_links":{"self":[{"href":"https:\/\/simex.es\/fr\/wp-json\/wp\/v2\/product\/78097","targetHints":{"allow":["GET"]}}],"collection":[{"href":"https:\/\/simex.es\/fr\/wp-json\/wp\/v2\/product"}],"about":[{"href":"https:\/\/simex.es\/fr\/wp-json\/wp\/v2\/types\/product"}],"wp:featuredmedia":[{"embeddable":true,"href":"https:\/\/simex.es\/fr\/wp-json\/wp\/v2\/media\/327343"}],"wp:attachment":[{"href":"https:\/\/simex.es\/fr\/wp-json\/wp\/v2\/media?parent=78097"}],"wp:term":[{"taxonomy":"product_brand","embeddable":true,"href":"https:\/\/simex.es\/fr\/wp-json\/wp\/v2\/product_brand?post=78097"},{"taxonomy":"product_cat","embeddable":true,"href":"https:\/\/simex.es\/fr\/wp-json\/wp\/v2\/product_cat?post=78097"},{"taxonomy":"product_tag","embeddable":true,"href":"https:\/\/simex.es\/fr\/wp-json\/wp\/v2\/product_tag?post=78097"}],"curies":[{"name":"wp","href":"https:\/\/api.w.org\/{rel}","templated":true}]}}