{"id":75788,"date":"2019-04-08T08:48:00","date_gmt":"2017-11-25T10:28:00","guid":{"rendered":"https:\/\/simex.es\/producto\/non%20class\u00e9\/repisa-para-toallas-con-barra-toallero-inferior-basic\/"},"modified":"2024-07-31T10:23:35","modified_gmt":"2024-07-31T08:23:35","slug":"etagere-pour-serviette-avec-barre-inferieure-basic","status":"publish","type":"product","link":"https:\/\/simex.es\/fr\/etagere-pour-serviette-avec-barre-inferieure-basic\/","title":{"rendered":"\u00c9tag\u00e8re pour serviette avec barre inf\u00e9rieure &#8211; S\u00e9rie Basic"},"content":{"rendered":"<p><span style=\"color: #ff6600;\"><strong>DESCRIPTION DU PRODUIT<\/strong><\/span><\/p>\n<ul>\n<li>\u00c9tag\u00e8re avec barre porte-serviettes inf\u00e9rieure pour salle de bain<\/li>\n<li><span style=\"color: #ff6600;\">Mat\u00e9riel:<\/span> Acier inoxydable AISI 304.<\/li>\n<li><span style=\"color: #ff6600;\">Finitions disponibles:<\/span> Brillante et satin\u00e9e<\/li>\n<\/ul>\n<p><strong><span style=\"color: #ff6600;\">SP\u00c9CIFICATIONS DU PRODUIT<\/span><\/strong><\/p>\n<ul>\n<li><span style=\"color: #ff6600;\">\u00d8 Rosace:<\/span> 50 mm.<\/li>\n<li><span style=\"color: #ff6600;\">\u00c9paisseur de la rosace:<\/span> 1,5 mm.<\/li>\n<\/ul>\n<p><strong><span style=\"color: #ff6600;\">SP\u00c9CIFICATIONS TECHNIQUES<\/span><\/strong><\/p>\n<ul>\n<li><span style=\"color: #ff6600;\">Poids:<\/span> 0,65 kg<\/li>\n<li><span style=\"color: #ff6600;\">Dimensions:&lt;\/span<br \/>\n<\/span><\/li>\n<\/ul>\n","protected":false},"excerpt":{"rendered":"<ul>\n<li><span style=\"color: #ff5100;\">Mat\u00e9riel:<\/span> Acier inoxydable AISI 304.<\/li>\n<\/ul>\n<p><span class=\"ficha-tecnica\"><a title=\"\u201cFicha\" href=\"https:\/\/simex.es\/wp-content\/uploads\/2020\/10\/05121-05083_EN-FR.pdf\" target=\"_blank\" rel=\"noopener noreferrer\">Fiche technique<\/a><\/span><\/p>\n<p><span class=\"ficha-tecnica\"><a title=\"\u201cFicha\" href=\"https:\/\/simex.es\/wp-content\/uploads\/2022\/03\/05121-05083-PLANO.pdf\" target=\"_blank\" rel=\"noopener noreferrer\">Donn\u00e9es techniques<\/a><\/span><\/p>\n","protected":false},"featured_media":325342,"template":"","meta":[],"product_brand":[],"product_cat":[441,893],"product_tag":[],"class_list":{"0":"post-75788","1":"product","2":"type-product","3":"status-publish","4":"has-post-thumbnail","6":"product_cat-accessoires-salle-de-bains","7":"product_cat-basic-fr-2","9":"first","10":"instock","11":"purchasable","12":"product-type-variable"},"_links":{"self":[{"href":"https:\/\/simex.es\/fr\/wp-json\/wp\/v2\/product\/75788","targetHints":{"allow":["GET"]}}],"collection":[{"href":"https:\/\/simex.es\/fr\/wp-json\/wp\/v2\/product"}],"about":[{"href":"https:\/\/simex.es\/fr\/wp-json\/wp\/v2\/types\/product"}],"wp:featuredmedia":[{"embeddable":true,"href":"https:\/\/simex.es\/fr\/wp-json\/wp\/v2\/media\/325342"}],"wp:attachment":[{"href":"https:\/\/simex.es\/fr\/wp-json\/wp\/v2\/media?parent=75788"}],"wp:term":[{"taxonomy":"product_brand","embeddable":true,"href":"https:\/\/simex.es\/fr\/wp-json\/wp\/v2\/product_brand?post=75788"},{"taxonomy":"product_cat","embeddable":true,"href":"https:\/\/simex.es\/fr\/wp-json\/wp\/v2\/product_cat?post=75788"},{"taxonomy":"product_tag","embeddable":true,"href":"https:\/\/simex.es\/fr\/wp-json\/wp\/v2\/product_tag?post=75788"}],"curies":[{"name":"wp","href":"https:\/\/api.w.org\/{rel}","templated":true}]}}