{"id":72613,"date":"2019-04-08T08:51:03","date_gmt":"2017-10-24T10:12:03","guid":{"rendered":"https:\/\/simex.es\/producto\/non%20class\u00e9\/etageres-brass\/"},"modified":"2024-08-01T16:13:15","modified_gmt":"2024-08-01T14:13:15","slug":"etagere-avec-barre-inferieure-brass","status":"publish","type":"product","link":"https:\/\/simex.es\/fr\/etagere-avec-barre-inferieure-brass\/","title":{"rendered":"\u00c9tag\u00e8re avec barre inf\u00e9rieure &#8211; S\u00e9rie Brass"},"content":{"rendered":"<p><span style=\"color: #ff6600;\"><strong>DESCRIPTION DU PRODUIT<\/strong><\/span><\/p>\n<ul>\n<li>\u00c9tag\u00e8re avec barre porte-serviettes inf\u00e9rieure.<\/li>\n<li><span style=\"color: #ff6600;\">Mat\u00e9riau:<\/span> Laiton chrom\u00e9.<\/li>\n<li><span style=\"color: #ff6600;\">Finition:<\/span> Brillant<\/li>\n<\/ul>\n<p><strong><span style=\"color: #ff6600;\">SP\u00c9CIFICATIONS DU PRODUIT<\/span><\/strong><\/p>\n<ul>\n<li><span style=\"color: #ff6600;\">\u00d8 Rosette:<\/span> 52 mm.<\/li>\n<li><span style=\"color: #ff6600;\">\u00c9paisseur de la rosette:<\/span> 1,5 mm.<\/li>\n<\/ul>\n<p><strong><span style=\"color: #ff6600;\">SP\u00c9CIFICATIONS TECHNIQUES<\/span><\/strong><\/p>\n<ul>\n<li><span style=\"color: #ff6600;\">Poids:<\/span> 1,3 kg<\/li>\n<li><span style=\"color: #ff6600;\">Dimensions:<\/span> 135 x 635 x 220 mm<\/li>\n<li><span style=\"color: #ff6600;\">Poids avec emballage:<\/span> 1,5 kg<\/li>\n<li><span style=\"color: #ff6600;\">Dimensions avec emballage:<\/span> 150 x 670 x 250 mm<\/li>\n<\/ul>\n<p><span style=\"color: #ff6600;\"><strong>INSTALLATION DU PRODUIT<\/strong><\/span><\/p>\n<ul>\n<li>Fixation murale.<\/li>\n<li><span style=\"color: #ff6600;\">Fixation:<\/span> Par vis et chevilles.<\/li>\n<li><span style=\"color: #ff6600;\">Accessoires inclus:<\/span> 4 vis, 4 chevilles et une cl\u00e9 Allen.<\/li>\n<\/ul>\n","protected":false},"excerpt":{"rendered":"<ul>\n<li><span style=\"color: #ff5100;\">Mat\u00e9riel:<\/span> Laiton chrom\u00e9.<\/li>\n<li><span style=\"color: #ff5100;\">Finition:<\/span> Brillant.<\/li>\n<\/ul>\n<p><span class=\"ficha-tecnica\"><a title=\"Fiche Technique\" href=\"https:\/\/simex.es\/wp-content\/uploads\/2020\/10\/05099_EN-FR.pdf\" target=\"_blank\" rel=\"noopener noreferrer\">Fiche technique<\/a><\/span><\/p>\n<p><span class=\"ficha-tecnica\"><a title=\"Ficha T\u00e9cnica\" href=\"https:\/\/simex.es\/wp-content\/uploads\/2022\/03\/05099-PLANO.pdf\" target=\"_blank\" rel=\"noopener noreferrer\">Donn\u00e9es techniques<\/a><\/span><\/p>\n","protected":false},"featured_media":325476,"template":"","meta":[],"product_brand":[],"product_cat":[441,895],"product_tag":[],"class_list":{"0":"post-72613","1":"product","2":"type-product","3":"status-publish","4":"has-post-thumbnail","6":"product_cat-accessoires-salle-de-bains","7":"product_cat-brass-fr","9":"first","10":"instock","11":"product-type-simple"},"_links":{"self":[{"href":"https:\/\/simex.es\/fr\/wp-json\/wp\/v2\/product\/72613","targetHints":{"allow":["GET"]}}],"collection":[{"href":"https:\/\/simex.es\/fr\/wp-json\/wp\/v2\/product"}],"about":[{"href":"https:\/\/simex.es\/fr\/wp-json\/wp\/v2\/types\/product"}],"wp:featuredmedia":[{"embeddable":true,"href":"https:\/\/simex.es\/fr\/wp-json\/wp\/v2\/media\/325476"}],"wp:attachment":[{"href":"https:\/\/simex.es\/fr\/wp-json\/wp\/v2\/media?parent=72613"}],"wp:term":[{"taxonomy":"product_brand","embeddable":true,"href":"https:\/\/simex.es\/fr\/wp-json\/wp\/v2\/product_brand?post=72613"},{"taxonomy":"product_cat","embeddable":true,"href":"https:\/\/simex.es\/fr\/wp-json\/wp\/v2\/product_cat?post=72613"},{"taxonomy":"product_tag","embeddable":true,"href":"https:\/\/simex.es\/fr\/wp-json\/wp\/v2\/product_tag?post=72613"}],"curies":[{"name":"wp","href":"https:\/\/api.w.org\/{rel}","templated":true}]}}