{"id":72595,"date":"2019-04-08T08:47:03","date_gmt":"2017-11-24T10:38:03","guid":{"rendered":"https:\/\/simex.es\/producto\/non%20class\u00e9\/etagere-basic\/"},"modified":"2024-07-31T10:52:42","modified_gmt":"2024-07-31T08:52:42","slug":"etagere-basic","status":"publish","type":"product","link":"https:\/\/simex.es\/fr\/etagere-basic\/","title":{"rendered":"\u00c9tag\u00e8re &#8211; S\u00e9rie Basic"},"content":{"rendered":"<p><span style=\"color: #ff6600;\"><strong>DESCRIPTION DU PRODUIT<\/strong><\/span><\/p>\n<ul>\n<li>\u00c9tag\u00e8re de salle de bain<\/li>\n<li><span style=\"color: #ff6600;\">Mat\u00e9riau :<\/span> Acier inoxydable AISI 304.<\/li>\n<\/ul>\n<p><span style=\"color: #ff6600;\"><strong>SP\u00c9CIFICATIONS DU PRODUIT<\/strong><\/span><\/p>\n<ul>\n<li><span style=\"color: #ff6600;\">\u00d8 Rosette :<\/span> 50 mm.<\/li>\n<li><span style=\"color: #ff6600;\">\u00c9paisseur de la rosette :<\/span> 1,5 mm.<\/li>\n<\/ul>\n<p><strong><span style=\"color: #ff6600;\">SP\u00c9CIFICATIONS TECHNIQUES<\/span><\/strong><\/p>\n<ul>\n<li><span style=\"color: #ff6600;\">Poids :<\/span> 0,8 kg<\/li>\n<li><span style=\"color: #ff6600;\">Dimensions :<\/span> 50 x 673 x 157 mm<\/li>\n<li><span style=\"color: #ff6600;\">Poids avec emballage :<\/span> 0,9 kg<\/li>\n<li><span style=\"color: #ff6600;\">Dimensions avec emballage :<\/span> 70 x 690 x 170 mm<\/li>\n<\/ul>\n<p><strong><span style=\"color: #ff6600;\">INSTALLATION DU PRODUIT<\/span><\/strong><\/p>\n<ul>\n<li>Fixation murale.<\/li>\n<li><span style=\"color: #ff6600;\">Fixation :<\/span> Avec des vis et des chevilles.<\/li>\n<li><span style=\"color: #ff6600;\">Accessoires inclus :<\/span> 4 vis, 4 chevilles et cl\u00e9 Allen.<\/li>\n<\/ul>\n","protected":false},"excerpt":{"rendered":"<ul>\n<li><span style=\"color: #ff5100;\">Mat\u00e9riel:<\/span> Acier inoxydable AISI 304.<\/li>\n<li><span style=\"color: #ff5100;\">Finition:<\/span> Brillant.<\/li>\n<\/ul>\n<p><span class=\"ficha-tecnica\"><a title=\"Data Sheet\" href=\"https:\/\/simex.es\/wp-content\/uploads\/2020\/10\/05137_EN-FR.pdf\" target=\"_blank\" rel=\"noopener noreferrer\">Fiche technique<\/a><\/span><\/p>\n<p><span class=\"ficha-tecnica\"><a title=\"Ficha T\u00e9cnica\" href=\"https:\/\/simex.es\/wp-content\/uploads\/2022\/03\/05137-PLANO.pdf\" target=\"_blank\" rel=\"noopener noreferrer\">Donn\u00e9es techniques<\/a><\/span><\/p>\n","protected":false},"featured_media":325349,"template":"","meta":[],"product_brand":[],"product_cat":[441,893],"product_tag":[],"class_list":{"0":"post-72595","1":"product","2":"type-product","3":"status-publish","4":"has-post-thumbnail","6":"product_cat-accessoires-salle-de-bains","7":"product_cat-basic-fr-2","9":"first","10":"instock","11":"product-type-simple"},"_links":{"self":[{"href":"https:\/\/simex.es\/fr\/wp-json\/wp\/v2\/product\/72595","targetHints":{"allow":["GET"]}}],"collection":[{"href":"https:\/\/simex.es\/fr\/wp-json\/wp\/v2\/product"}],"about":[{"href":"https:\/\/simex.es\/fr\/wp-json\/wp\/v2\/types\/product"}],"wp:featuredmedia":[{"embeddable":true,"href":"https:\/\/simex.es\/fr\/wp-json\/wp\/v2\/media\/325349"}],"wp:attachment":[{"href":"https:\/\/simex.es\/fr\/wp-json\/wp\/v2\/media?parent=72595"}],"wp:term":[{"taxonomy":"product_brand","embeddable":true,"href":"https:\/\/simex.es\/fr\/wp-json\/wp\/v2\/product_brand?post=72595"},{"taxonomy":"product_cat","embeddable":true,"href":"https:\/\/simex.es\/fr\/wp-json\/wp\/v2\/product_cat?post=72595"},{"taxonomy":"product_tag","embeddable":true,"href":"https:\/\/simex.es\/fr\/wp-json\/wp\/v2\/product_tag?post=72595"}],"curies":[{"name":"wp","href":"https:\/\/api.w.org\/{rel}","templated":true}]}}