{"id":72463,"date":"2018-01-11T22:28:06","date_gmt":"2018-01-11T22:28:06","guid":{"rendered":"https:\/\/simex.es\/producto\/non%20class\u00e9\/fontaine-a-eau-inox-25-l-h\/"},"modified":"2022-03-10T09:40:25","modified_gmt":"2022-03-10T08:40:25","slug":"fontaine-a-eau-inox-25-l-h","status":"publish","type":"product","link":"https:\/\/simex.es\/fr\/fontaine-a-eau-inox-25-l-h\/","title":{"rendered":"Fontaine \u00e0 eau INOX &#8211; 25 l\/h"},"content":{"rendered":"","protected":false},"excerpt":{"rendered":"<p>Fontaine \u00e0 eau avec robinet col de cygne et robinet avec bouton poussoir.<\/p>\n<ul>\n<li>INCLUS FILTRES INTERNES.<\/li>\n<li>Thermostat int\u00e9rieur pour r\u00e9guler la temp\u00e9rature.<\/li>\n<li><span style=\"color: #FF5100;\">Mat\u00e9riel:<\/span> Acier inoxydable AISI 304.<\/li>\n<li><span style=\"color: #FF5100;\">Finition:<\/span> Brillant.<\/li>\n<li><span style=\"color: #FF5100;\">Temp\u00e9ratures:<\/span> Ambiante 30\u00baC; Entr\u00e9e 20\u00baC; Sortie 10\u00baC.<\/li>\n<li><span style=\"color: #FF5100;\">Capacit\u00e9 d\u2019eau froide:<\/span> 25 l\/h. Entre 6\u00baC et 10\u00baC<\/li>\n<\/ul>\n<p><span class=\"ficha-tecnica\"><a title=\"Fiche Technique\" href=\"https:\/\/simex.es\/wp-content\/uploads\/2020\/10\/09001_EN-FR.pdf\" target=\"_blank\" rel=\"noopener noreferrer\">Fiche technique<\/a><\/span><\/p>\n<p><span class=\"ficha-tecnica\"><a title=\"Ficha T\u00e9cnica\" href=\"https:\/\/simex.es\/wp-content\/uploads\/2022\/03\/09001-PLANO.pdf\" target=\"_blank\" rel=\"noopener noreferrer\">Donn\u00e9es techniques<\/a><\/span><\/p>\n","protected":false},"featured_media":78974,"template":"","meta":[],"product_brand":[],"product_cat":[445],"product_tag":[],"class_list":{"0":"post-72463","1":"product","2":"type-product","3":"status-publish","4":"has-post-thumbnail","6":"product_cat-fontaines-a-eau","8":"first","9":"instock","10":"product-type-simple"},"_links":{"self":[{"href":"https:\/\/simex.es\/fr\/wp-json\/wp\/v2\/product\/72463","targetHints":{"allow":["GET"]}}],"collection":[{"href":"https:\/\/simex.es\/fr\/wp-json\/wp\/v2\/product"}],"about":[{"href":"https:\/\/simex.es\/fr\/wp-json\/wp\/v2\/types\/product"}],"wp:featuredmedia":[{"embeddable":true,"href":"https:\/\/simex.es\/fr\/wp-json\/wp\/v2\/media\/78974"}],"wp:attachment":[{"href":"https:\/\/simex.es\/fr\/wp-json\/wp\/v2\/media?parent=72463"}],"wp:term":[{"taxonomy":"product_brand","embeddable":true,"href":"https:\/\/simex.es\/fr\/wp-json\/wp\/v2\/product_brand?post=72463"},{"taxonomy":"product_cat","embeddable":true,"href":"https:\/\/simex.es\/fr\/wp-json\/wp\/v2\/product_cat?post=72463"},{"taxonomy":"product_tag","embeddable":true,"href":"https:\/\/simex.es\/fr\/wp-json\/wp\/v2\/product_tag?post=72463"}],"curies":[{"name":"wp","href":"https:\/\/api.w.org\/{rel}","templated":true}]}}