{"id":72451,"date":"2018-01-11T19:05:14","date_gmt":"2018-01-11T19:05:14","guid":{"rendered":"https:\/\/simex.es\/producto\/non%20class\u00e9\/fontaine-a-eau-exterieur\/"},"modified":"2022-03-10T09:43:44","modified_gmt":"2022-03-10T08:43:44","slug":"fontaine-a-eau-exterieur","status":"publish","type":"product","link":"https:\/\/simex.es\/fr\/fontaine-a-eau-exterieur\/","title":{"rendered":"Fontaine \u00e0 eau EXT\u00c9RIEUR"},"content":{"rendered":"","protected":false},"excerpt":{"rendered":"<p>Fontaine pour ext\u00e9rieur.<\/p>\n<ul>\n<li>Base fix\u00e9e au sol. Corps de la fontaine se vise \u00e0 la base.<\/li>\n<li>Non r\u00e9frig\u00e9r\u00e9e.<\/li>\n<li><span style=\"color: #FF5100;\">Mat\u00e9riel:<\/span> Acier inoxydable\u00a0AISI 304.<\/li>\n<li><span style=\"color: #FF5100;\">Finition:<\/span>\u00a0Brillant.<\/li>\n<li><span style=\"color: #FF5100;\">Base:<\/span> 420 mm.<\/li>\n<\/ul>\n<p><span class=\"ficha-tecnica\"><a title=\"Fiche Technique\" href=\"https:\/\/simex.es\/wp-content\/uploads\/2020\/10\/09009_EN-FR.pdf\" target=\"_blank\" rel=\"noopener noreferrer\">Fiche technique<\/a><\/span><\/p>\n<p><span class=\"ficha-tecnica\"><a title=\"Ficha T\u00e9cnica\" href=\"https:\/\/simex.es\/wp-content\/uploads\/2022\/03\/09009-PLANO.pdf\" target=\"_blank\" rel=\"noopener noreferrer\">Donn\u00e9es techniques<\/a><\/span><\/p>\n","protected":false},"featured_media":78988,"template":"","meta":[],"product_brand":[],"product_cat":[445],"product_tag":[],"class_list":{"0":"post-72451","1":"product","2":"type-product","3":"status-publish","4":"has-post-thumbnail","6":"product_cat-fontaines-a-eau","8":"first","9":"instock","10":"product-type-simple"},"_links":{"self":[{"href":"https:\/\/simex.es\/fr\/wp-json\/wp\/v2\/product\/72451","targetHints":{"allow":["GET"]}}],"collection":[{"href":"https:\/\/simex.es\/fr\/wp-json\/wp\/v2\/product"}],"about":[{"href":"https:\/\/simex.es\/fr\/wp-json\/wp\/v2\/types\/product"}],"wp:featuredmedia":[{"embeddable":true,"href":"https:\/\/simex.es\/fr\/wp-json\/wp\/v2\/media\/78988"}],"wp:attachment":[{"href":"https:\/\/simex.es\/fr\/wp-json\/wp\/v2\/media?parent=72451"}],"wp:term":[{"taxonomy":"product_brand","embeddable":true,"href":"https:\/\/simex.es\/fr\/wp-json\/wp\/v2\/product_brand?post=72451"},{"taxonomy":"product_cat","embeddable":true,"href":"https:\/\/simex.es\/fr\/wp-json\/wp\/v2\/product_cat?post=72451"},{"taxonomy":"product_tag","embeddable":true,"href":"https:\/\/simex.es\/fr\/wp-json\/wp\/v2\/product_tag?post=72451"}],"curies":[{"name":"wp","href":"https:\/\/api.w.org\/{rel}","templated":true}]}}