{"id":71800,"date":"2017-12-31T10:42:19","date_gmt":"2017-12-31T10:42:19","guid":{"rendered":"https:\/\/simex.es\/producto\/non%20class\u00e9\/tables-a-langer-vertical\/"},"modified":"2024-08-08T16:01:24","modified_gmt":"2024-08-08T14:01:24","slug":"tables-a-langer-vertical","status":"publish","type":"product","link":"https:\/\/simex.es\/fr\/tables-a-langer-vertical\/","title":{"rendered":"Tables \u00e0 langer &#8211; Vertical"},"content":{"rendered":"<p><strong><span style=\"color: #ff6600;\">DESCRIPTION DU PRODUIT<\/span><\/strong><\/p>\n<ul>\n<li><span style=\"color: #ff6600;\">Mat\u00e9riau :<\/span> Poly\u00e9thyl\u00e8ne haute densit\u00e9.<\/li>\n<li><span style=\"color: #ff6600;\">Finition :<\/span> Blanc.<\/li>\n<li><span style=\"color: #ff6600;\">Poids maximum support\u00e9 :<\/span> 11 kg.<\/li>\n<li><span style=\"color: #ff6600;\">Poids statique pendant 1h :<\/span> 50 kg.<\/li>\n<li>Avec ceinture de s\u00e9curit\u00e9 r\u00e9glable.<\/li>\n<li>Syst\u00e8me antibact\u00e9rien, facile \u00e0 nettoyer.<\/li>\n<li>Pliable et l\u00e9ger.<\/li>\n<li><span style=\"color: #ff6600;\">Design :<\/span> Vertical.<\/li>\n<\/ul>\n<p><strong><span style=\"color: #ff6600;\">SP\u00c9CIFICATIONS TECHNIQUES<\/span><\/strong><\/p>\n<ul>\n<li><span style=\"color: #ff6600;\">Poids :<\/span> 22 kg<\/li>\n<li><span style=\"color: #ff6600;\">Dimensions :<\/span> 870 x 480 x 125 mm<\/li>\n<li><span style=\"color: #ff6600;\">Poids avec emballage :<\/span> 24 kg<\/li>\n<li><span style=\"color: #ff6600;\">Dimensions avec emballage :<\/span> 975 x 600 x 180 mm<\/li>\n<\/ul>\n<p><strong><span style=\"color: #ff6600;\">INSTALLATION DU PRODUIT<\/span><\/strong><\/p>\n<ul>\n<li>Mont\u00e9 au mur.<\/li>\n<li><span style=\"color: #ff6600;\">Fixation :<\/span> Par vis et chevilles.<\/li>\n<li><span style=\"color: #ff6600;\">Accessoires inclus :<\/span> 4 vis, 4 chevilles et une plaque de fixation.<\/li>\n<\/ul>\n<p>&nbsp;<\/p>\n","protected":false},"excerpt":{"rendered":"<ul>\n<li><span style=\"color: #ff5100;\">Mat\u00e9riel:<\/span> Poly\u00e9thyl\u00e8ne haute densit\u00e9.<\/li>\n<li><span style=\"color: #ff5100;\">Finition:<\/span> Blanc.<\/li>\n<li><span style=\"color: #ff5100;\">Poids maximum support\u00e9:<\/span> 11 kg.<\/li>\n<li>Poids statique pendant 1 h : 50 kg<\/li>\n<li>Ceinture de s\u00e9curit\u00e9 ajustable.<\/li>\n<li>Syst\u00e8me antibact\u00e9rien facile \u00e0 nettoyer.<\/li>\n<li>Pliable et l\u00e9ger.<\/li>\n<\/ul>\n<p><span class=\"ficha-tecnica\"><a title=\"Fiche Technique\" href=\"https:\/\/simex.es\/wp-content\/uploads\/2023\/04\/05158_EN-FR.pdf\" target=\"_blank\" rel=\"noopener noreferrer\">Fiche technique<\/a><\/span><\/p>\n<p><span class=\"ficha-tecnica\"><a title=\"Ficha T\u00e9cnica\" href=\"https:\/\/simex.es\/wp-content\/uploads\/2022\/03\/05158-PLANO.pdf\" target=\"_blank\" rel=\"noopener noreferrer\">Donn\u00e9es techniques<\/a><\/span><\/p>\n","protected":false},"featured_media":325776,"template":"","meta":[],"product_brand":[],"product_cat":[452],"product_tag":[],"class_list":{"0":"post-71800","1":"product","2":"type-product","3":"status-publish","4":"has-post-thumbnail","6":"product_cat-tables-a-langer-chaises-haute-pour-bebe-destructeurs-dinsecte-et-diffuseur-dodeur","8":"first","9":"instock","10":"product-type-simple"},"_links":{"self":[{"href":"https:\/\/simex.es\/fr\/wp-json\/wp\/v2\/product\/71800","targetHints":{"allow":["GET"]}}],"collection":[{"href":"https:\/\/simex.es\/fr\/wp-json\/wp\/v2\/product"}],"about":[{"href":"https:\/\/simex.es\/fr\/wp-json\/wp\/v2\/types\/product"}],"wp:featuredmedia":[{"embeddable":true,"href":"https:\/\/simex.es\/fr\/wp-json\/wp\/v2\/media\/325776"}],"wp:attachment":[{"href":"https:\/\/simex.es\/fr\/wp-json\/wp\/v2\/media?parent=71800"}],"wp:term":[{"taxonomy":"product_brand","embeddable":true,"href":"https:\/\/simex.es\/fr\/wp-json\/wp\/v2\/product_brand?post=71800"},{"taxonomy":"product_cat","embeddable":true,"href":"https:\/\/simex.es\/fr\/wp-json\/wp\/v2\/product_cat?post=71800"},{"taxonomy":"product_tag","embeddable":true,"href":"https:\/\/simex.es\/fr\/wp-json\/wp\/v2\/product_tag?post=71800"}],"curies":[{"name":"wp","href":"https:\/\/api.w.org\/{rel}","templated":true}]}}