{"id":71755,"date":"2017-12-25T11:15:22","date_gmt":"2017-12-25T11:15:22","guid":{"rendered":"https:\/\/simex.es\/producto\/non%20class\u00e9\/exterminateurs-dinsectes\/"},"modified":"2022-03-14T11:31:21","modified_gmt":"2022-03-14T10:31:21","slug":"destructeurs-dinsectes-avec-papier-adhesif","status":"publish","type":"product","link":"https:\/\/simex.es\/fr\/destructeurs-dinsectes-avec-papier-adhesif\/","title":{"rendered":"Destructeurs d&#8217;insectes avec papier adh\u00e9sif"},"content":{"rendered":"","protected":false},"excerpt":{"rendered":"<ul>\n<li>Lampe \u00e9lectrique d\u00e9corative anti-insectes avec papier adh\u00e9sif<\/li>\n<li><span style=\"color: #FF5100;\">Mat\u00e9riel de la structure:<\/span> Acier inoxydable.<\/li>\n<li><span style=\"color: #FF5100;\">Mat\u00e9riel du support de lampe:<\/span> C\u00e9ramique.<\/li>\n<li>Contr\u00f4le silencieux des insectes.<\/li>\n<li>Grande capacit\u00e9 d\u2019attraction.<\/li>\n<li><span style=\"color: #FF5100;\">R\u00e9f\u00e9rence de remplacement de papier adh\u00e9sif:<\/span> 05054 (Pack de 10 unit\u00e9s.)<\/li>\n<\/ul>\n<p><span class=\"ficha-tecnica\"><a title=\"Fiche Technique\" href=\"https:\/\/simex.es\/wp-content\/uploads\/2020\/09\/05053_EN-FR.pdf\" target=\"_blank\" rel=\"noopener noreferrer\">Fiche technique<\/a><\/span><\/p>\n<p><span class=\"ficha-tecnica\"><a title=\"Ficha T\u00e9cnica\" href=\"https:\/\/simex.es\/wp-content\/uploads\/2022\/03\/05053-PLANO.pdf\" target=\"_blank\" rel=\"noopener noreferrer\">Donn\u00e9es techniques<\/a><\/span><\/p>\n","protected":false},"featured_media":116902,"template":"","meta":[],"product_brand":[],"product_cat":[1029],"product_tag":[],"class_list":{"0":"post-71755","1":"product","2":"type-product","3":"status-publish","4":"has-post-thumbnail","6":"product_cat-destructeurs-dinsectes-et-diffuseurs-da-parfum","8":"first","9":"instock","10":"product-type-simple"},"_links":{"self":[{"href":"https:\/\/simex.es\/fr\/wp-json\/wp\/v2\/product\/71755","targetHints":{"allow":["GET"]}}],"collection":[{"href":"https:\/\/simex.es\/fr\/wp-json\/wp\/v2\/product"}],"about":[{"href":"https:\/\/simex.es\/fr\/wp-json\/wp\/v2\/types\/product"}],"wp:featuredmedia":[{"embeddable":true,"href":"https:\/\/simex.es\/fr\/wp-json\/wp\/v2\/media\/116902"}],"wp:attachment":[{"href":"https:\/\/simex.es\/fr\/wp-json\/wp\/v2\/media?parent=71755"}],"wp:term":[{"taxonomy":"product_brand","embeddable":true,"href":"https:\/\/simex.es\/fr\/wp-json\/wp\/v2\/product_brand?post=71755"},{"taxonomy":"product_cat","embeddable":true,"href":"https:\/\/simex.es\/fr\/wp-json\/wp\/v2\/product_cat?post=71755"},{"taxonomy":"product_tag","embeddable":true,"href":"https:\/\/simex.es\/fr\/wp-json\/wp\/v2\/product_tag?post=71755"}],"curies":[{"name":"wp","href":"https:\/\/api.w.org\/{rel}","templated":true}]}}