{"id":66229,"date":"2020-10-28T12:00:38","date_gmt":"2017-11-20T10:48:38","guid":{"rendered":"https:\/\/simex.es\/producto\/non%20class\u00e9\/siege-de-douche-rabatable-avec-fixation-murale\/"},"modified":"2024-08-12T11:48:36","modified_gmt":"2024-08-12T09:48:36","slug":"siege-de-douche-rabatable-avec-fixation-murale","status":"publish","type":"product","link":"https:\/\/simex.es\/fr\/siege-de-douche-rabatable-avec-fixation-murale\/","title":{"rendered":"Si\u00e8ge pliant avec pied au mur"},"content":{"rendered":"<p><strong><span style=\"color: #ff6600;\">DESCRIPTION DU PRODUIT<\/span><\/strong><\/p>\n<ul>\n<li>Si\u00e8ge de douche rabattable avec pied mural.<\/li>\n<li><span style=\"color: #ff6600;\">Mat\u00e9riau de la structure :<\/span> Acier inox AISI 304.<\/li>\n<li><span style=\"color: #ff6600;\">Mat\u00e9riau de la surface :<\/span> Plaque ph\u00e9nolique r\u00e9sistante \u00e0 l&#8217;eau.<\/li>\n<li><span style=\"color: #ff6600;\">Finition :<\/span> Satin\u00e9<\/li>\n<\/ul>\n<p><strong><span style=\"color: #ff6600;\">SP\u00c9CIFICATIONS DU PRODUIT<\/span><\/strong><\/p>\n<ul>\n<li><span style=\"color: #ff6600;\">\u00c9paisseur :<\/span> 8 mm.<\/li>\n<li><span style=\"color: #ff6600;\">Supports :<\/span> 5 mm.<\/li>\n<li><span style=\"color: #ff6600;\">Trois trous par support :<\/span> \u00d86,5 mm.<\/li>\n<li><span style=\"color: #ff6600;\">Charge statique et dynamique maximale :<\/span> 200 kg.<\/li>\n<\/ul>\n<p><strong><span style=\"color: #ff6600;\">SP\u00c9CIFICATIONS TECHNIQUES<\/span><\/strong><\/p>\n<ul>\n<li><span style=\"color: #ff6600;\">Poids :<\/span> 6,2 kg<\/li>\n<li><span style=\"color: #ff6600;\">Dimensions :<\/span> 374 x 457 x 413 mm<\/li>\n<li><span style=\"color: #ff6600;\">Poids avec emballage :<\/span> 6,5 kg<\/li>\n<li><span style=\"color: #ff6600;\">Dimensions avec emballage :<\/span> 135 x 545 x 480 mm<\/li>\n<\/ul>\n<p><strong><span style=\"color: #ff6600;\">INSTALLATION DU PRODUIT<\/span><\/strong><\/p>\n<ul>\n<li>Mont\u00e9 au mur.<\/li>\n<li><span style=\"color: #ff6600;\">Fixation :<\/span> Par vis et chevilles.<\/li>\n<li><span style=\"color: #ff6600;\">Accessoires inclus :<\/span> 10 vis 8&#215;70 et 10 chevilles 10&#215;50.<\/li>\n<\/ul>\n","protected":false},"excerpt":{"rendered":"<ul>\n<li><span style=\"color: #ff5100;\">Mat\u00e9riel structure:<\/span> Acier inoxydable AISI 304.<\/li>\n<li><span style=\"color: #ff5100;\">Mat\u00e9riel surface<\/span> Planche ph\u00e9nolique r\u00e9sistante \u00e0 l&#8217;eau.<\/li>\n<li><span style=\"color: #ff5100;\">Finition:<\/span> Satin\u00e9.<\/li>\n<\/ul>\n<p><span class=\"ficha-tecnica\"><a title=\"Si\u00e8ge de douche rabatable avec fixation murale\" href=\"https:\/\/simex.es\/wp-content\/uploads\/2020\/10\/02038_EN-FR.pdf\" target=\"_blank\" rel=\"noopener noreferrer\">Fiche technique<\/a><\/span><\/p>\n<p><span class=\"ficha-tecnica\"><a title=\"Asiento de ducha\" href=\"https:\/\/simex.es\/wp-content\/uploads\/2022\/03\/02038-PLANO.pdf\" target=\"_blank\" rel=\"noopener noreferrer\">Donn\u00e9es techniques<\/a><\/span><\/p>\n","protected":false},"featured_media":325808,"template":"","meta":[],"product_brand":[],"product_cat":[1039,1214],"product_tag":[],"class_list":{"0":"post-66229","1":"product","2":"type-product","3":"status-publish","4":"has-post-thumbnail","6":"product_cat-aides-techniques","7":"product_cat-sieges-de-douche","9":"first","10":"instock","11":"product-type-simple"},"_links":{"self":[{"href":"https:\/\/simex.es\/fr\/wp-json\/wp\/v2\/product\/66229","targetHints":{"allow":["GET"]}}],"collection":[{"href":"https:\/\/simex.es\/fr\/wp-json\/wp\/v2\/product"}],"about":[{"href":"https:\/\/simex.es\/fr\/wp-json\/wp\/v2\/types\/product"}],"wp:featuredmedia":[{"embeddable":true,"href":"https:\/\/simex.es\/fr\/wp-json\/wp\/v2\/media\/325808"}],"wp:attachment":[{"href":"https:\/\/simex.es\/fr\/wp-json\/wp\/v2\/media?parent=66229"}],"wp:term":[{"taxonomy":"product_brand","embeddable":true,"href":"https:\/\/simex.es\/fr\/wp-json\/wp\/v2\/product_brand?post=66229"},{"taxonomy":"product_cat","embeddable":true,"href":"https:\/\/simex.es\/fr\/wp-json\/wp\/v2\/product_cat?post=66229"},{"taxonomy":"product_tag","embeddable":true,"href":"https:\/\/simex.es\/fr\/wp-json\/wp\/v2\/product_tag?post=66229"}],"curies":[{"name":"wp","href":"https:\/\/api.w.org\/{rel}","templated":true}]}}