{"id":51208,"date":"2017-09-19T09:33:46","date_gmt":"2017-09-19T09:33:46","guid":{"rendered":"https:\/\/simex.es\/producto\/non%20class\u00e9\/ensemble-2\/"},"modified":"2022-03-21T13:18:46","modified_gmt":"2022-03-21T12:18:46","slug":"ensemble-2","status":"publish","type":"product","link":"https:\/\/simex.es\/fr\/ensemble-2\/","title":{"rendered":"Ensemble \u00e9vier \u00e0 r\u00e9glage manuel"},"content":{"rendered":"","protected":false},"excerpt":{"rendered":"<ul>\n<li><span style=\"color: #FF5100;\">Mat\u00e9riel:<\/span>\u00a0C\u00e9ramique.<\/li>\n<li><span style=\"color: #FF5100;\">Finition:<\/span>\u00a0Blanc.<\/li>\n<\/ul>\n<p><span class=\"ficha-tecnica\"><a href=\"https:\/\/simex.es\/wp-content\/uploads\/2022\/03\/02219-PLANO-1.pdf\" title=\"Asiento de ducha\" target=\"_blank\" rel=\"noopener noreferrer\">Donn\u00e9es techniques<\/a><\/span><\/p>\n","protected":false},"featured_media":92398,"template":"","meta":[],"product_brand":[],"product_cat":[1039,1216],"product_tag":[507],"class_list":{"0":"post-51208","1":"product","2":"type-product","3":"status-publish","4":"has-post-thumbnail","6":"product_cat-aides-techniques","7":"product_cat-ensemble-devier","8":"product_tag-relacionado-02225-fr","10":"first","11":"instock","12":"product-type-simple"},"_links":{"self":[{"href":"https:\/\/simex.es\/fr\/wp-json\/wp\/v2\/product\/51208","targetHints":{"allow":["GET"]}}],"collection":[{"href":"https:\/\/simex.es\/fr\/wp-json\/wp\/v2\/product"}],"about":[{"href":"https:\/\/simex.es\/fr\/wp-json\/wp\/v2\/types\/product"}],"wp:featuredmedia":[{"embeddable":true,"href":"https:\/\/simex.es\/fr\/wp-json\/wp\/v2\/media\/92398"}],"wp:attachment":[{"href":"https:\/\/simex.es\/fr\/wp-json\/wp\/v2\/media?parent=51208"}],"wp:term":[{"taxonomy":"product_brand","embeddable":true,"href":"https:\/\/simex.es\/fr\/wp-json\/wp\/v2\/product_brand?post=51208"},{"taxonomy":"product_cat","embeddable":true,"href":"https:\/\/simex.es\/fr\/wp-json\/wp\/v2\/product_cat?post=51208"},{"taxonomy":"product_tag","embeddable":true,"href":"https:\/\/simex.es\/fr\/wp-json\/wp\/v2\/product_tag?post=51208"}],"curies":[{"name":"wp","href":"https:\/\/api.w.org\/{rel}","templated":true}]}}