{"id":51204,"date":"2017-09-18T09:39:15","date_gmt":"2017-09-18T09:39:15","guid":{"rendered":"https:\/\/simex.es\/producto\/non%20class\u00e9\/ensemble\/"},"modified":"2022-03-21T13:20:14","modified_gmt":"2022-03-21T12:20:14","slug":"ensemble","status":"publish","type":"product","link":"https:\/\/simex.es\/fr\/ensemble\/","title":{"rendered":"Ensemble \u00e9vier \u00e0 r\u00e9glage m\u00e9canique"},"content":{"rendered":"","protected":false},"excerpt":{"rendered":"<ul>\n<li><span style=\"color: #FF5100;\">Mat\u00e9riel:<\/span>\u00a0C\u00e9ramique.<\/li>\n<li><span style=\"color: #FF5100;\">Finition:<\/span>\u00a0Blanc.<\/li>\n<\/ul>\n<p><span class=\"ficha-tecnica\"><a href=\"https:\/\/simex.es\/wp-content\/uploads\/2022\/03\/02220-PLANO-1.pdf\" title=\"Asiento de ducha\" target=\"_blank\" rel=\"noopener noreferrer\">Donn\u00e9es techniques<\/a><\/span><\/p>\n","protected":false},"featured_media":92402,"template":"","meta":[],"product_brand":[],"product_cat":[1039,1216],"product_tag":[507],"class_list":{"0":"post-51204","1":"product","2":"type-product","3":"status-publish","4":"has-post-thumbnail","6":"product_cat-aides-techniques","7":"product_cat-ensemble-devier","8":"product_tag-relacionado-02225-fr","10":"first","11":"instock","12":"product-type-simple"},"_links":{"self":[{"href":"https:\/\/simex.es\/fr\/wp-json\/wp\/v2\/product\/51204","targetHints":{"allow":["GET"]}}],"collection":[{"href":"https:\/\/simex.es\/fr\/wp-json\/wp\/v2\/product"}],"about":[{"href":"https:\/\/simex.es\/fr\/wp-json\/wp\/v2\/types\/product"}],"wp:featuredmedia":[{"embeddable":true,"href":"https:\/\/simex.es\/fr\/wp-json\/wp\/v2\/media\/92402"}],"wp:attachment":[{"href":"https:\/\/simex.es\/fr\/wp-json\/wp\/v2\/media?parent=51204"}],"wp:term":[{"taxonomy":"product_brand","embeddable":true,"href":"https:\/\/simex.es\/fr\/wp-json\/wp\/v2\/product_brand?post=51204"},{"taxonomy":"product_cat","embeddable":true,"href":"https:\/\/simex.es\/fr\/wp-json\/wp\/v2\/product_cat?post=51204"},{"taxonomy":"product_tag","embeddable":true,"href":"https:\/\/simex.es\/fr\/wp-json\/wp\/v2\/product_tag?post=51204"}],"curies":[{"name":"wp","href":"https:\/\/api.w.org\/{rel}","templated":true}]}}