{"id":46637,"date":"2019-04-08T09:00:13","date_gmt":"2017-12-31T19:40:13","guid":{"rendered":"https:\/\/simex.es\/producto\/non%20class\u00e9\/charriots-de-menage\/"},"modified":"2022-04-07T13:05:21","modified_gmt":"2022-04-07T11:05:21","slug":"charriot-de-menage","status":"publish","type":"product","link":"https:\/\/simex.es\/fr\/charriot-de-menage\/","title":{"rendered":"Chariot de m\u00e9nage"},"content":{"rendered":"","protected":false},"excerpt":{"rendered":"<ul>\n<li><span style=\"color: #FF5100;\">Mat\u00e9riel:<\/span> Plastique tr\u00e8s r\u00e9sistant.<\/li>\n<li><span style=\"color: #FF5100;\">Couleur structure:<\/span> Gris.<\/li>\n<li><span style=\"color: #FF5100;\">Couleur sac:<\/span> Jaune.<\/li>\n<li><span style=\"color: #FF5100;\">Roues:<\/span> 2 roues arri\u00e8re en caoutchouc de grand diam\u00e8tre et 2 roues avant pivotantes.<\/li>\n<li><span style=\"color: #FF5100;\">\u00c9tag\u00e8re inf\u00e9rieur:<\/span> 90 cm.<\/li>\n<\/ul>\n<p><span class=\"ficha-tecnica\"><a title=\"Charriots de m\u00e9nage\" href=\"https:\/\/simex.es\/wp-content\/uploads\/2020\/11\/08011_EN-FR.pdf\" target=\"_blank\" rel=\"noopener noreferrer\">Fiche technique<\/a><\/span><\/p>\n<p><span class=\"ficha-tecnica\"><a title=\"Ficha T\u00e9cnica\" href=\"https:\/\/simex.es\/wp-content\/uploads\/2022\/03\/08011-PLANO.pdf\" target=\"_blank\" rel=\"noopener noreferrer\">Donn\u00e9es techniques<\/a><\/span><\/p>\n","protected":false},"featured_media":326415,"template":"","meta":[],"product_brand":[],"product_cat":[1254,444],"product_tag":[],"class_list":{"0":"post-46637","1":"product","2":"type-product","3":"status-publish","4":"has-post-thumbnail","6":"product_cat-chariot-de-menage-fr","7":"product_cat-equipements-hoteliers","9":"first","10":"instock","11":"product-type-simple"},"_links":{"self":[{"href":"https:\/\/simex.es\/fr\/wp-json\/wp\/v2\/product\/46637","targetHints":{"allow":["GET"]}}],"collection":[{"href":"https:\/\/simex.es\/fr\/wp-json\/wp\/v2\/product"}],"about":[{"href":"https:\/\/simex.es\/fr\/wp-json\/wp\/v2\/types\/product"}],"wp:featuredmedia":[{"embeddable":true,"href":"https:\/\/simex.es\/fr\/wp-json\/wp\/v2\/media\/326415"}],"wp:attachment":[{"href":"https:\/\/simex.es\/fr\/wp-json\/wp\/v2\/media?parent=46637"}],"wp:term":[{"taxonomy":"product_brand","embeddable":true,"href":"https:\/\/simex.es\/fr\/wp-json\/wp\/v2\/product_brand?post=46637"},{"taxonomy":"product_cat","embeddable":true,"href":"https:\/\/simex.es\/fr\/wp-json\/wp\/v2\/product_cat?post=46637"},{"taxonomy":"product_tag","embeddable":true,"href":"https:\/\/simex.es\/fr\/wp-json\/wp\/v2\/product_tag?post=46637"}],"curies":[{"name":"wp","href":"https:\/\/api.w.org\/{rel}","templated":true}]}}