{"id":252470,"date":"2023-10-24T10:04:15","date_gmt":"2023-10-24T08:20:45","guid":{"rendered":"https:\/\/simex.es\/?post_type=product&#038;p=252470"},"modified":"2023-10-24T10:21:18","modified_gmt":"2023-10-24T08:21:18","slug":"filtre-a-charbon","status":"publish","type":"product","link":"https:\/\/simex.es\/fr\/filtre-a-charbon\/","title":{"rendered":"Filtre \u00e0 charbon"},"content":{"rendered":"","protected":false},"excerpt":{"rendered":"<ul>\n<li><span style=\"color: #ff6600;\">Temp\u00e9rature de fonctionnement :<\/span> 5-40 \u2103.<\/li>\n<li><span style=\"color: #ff6600;\">Pression de fonctionnement :<\/span> 0,1-0,4 Mpa.<\/li>\n<li><span style=\"color: #ff6600;\">Cartouche rempla\u00e7able \u00e0 deux niveaux int\u00e9gr\u00e9e :<\/span> PP et charbon actif.<\/li>\n<li><span style=\"color: #ff6600;\">Convient aux particules<\/span>, \u00e0 la boue, aux chlorures et autres impuret\u00e9s.<\/li>\n<li><span style=\"color: #ff6600;\">Application de la qualit\u00e9 de l&#8217;eau :<\/span> approvisionnement en eau municipale.<\/li>\n<\/ul>\n<p><span class=\"ficha-tecnica\"><a title=\"\u201cDati tecnici\" href=\"https:\/\/simex.es\/wp-content\/uploads\/2023\/10\/09005-ING-FR.pdf\" target=\"_blank\" rel=\"noopener noreferrer\">Fiche technique<\/a><\/span><\/p>\n","protected":false},"featured_media":79022,"template":"","meta":[],"product_brand":[],"product_cat":[445],"product_tag":[],"class_list":{"0":"post-252470","1":"product","2":"type-product","3":"status-publish","4":"has-post-thumbnail","6":"product_cat-fontaines-a-eau","8":"first","9":"instock","10":"shipping-taxable","11":"product-type-simple"},"_links":{"self":[{"href":"https:\/\/simex.es\/fr\/wp-json\/wp\/v2\/product\/252470","targetHints":{"allow":["GET"]}}],"collection":[{"href":"https:\/\/simex.es\/fr\/wp-json\/wp\/v2\/product"}],"about":[{"href":"https:\/\/simex.es\/fr\/wp-json\/wp\/v2\/types\/product"}],"wp:featuredmedia":[{"embeddable":true,"href":"https:\/\/simex.es\/fr\/wp-json\/wp\/v2\/media\/79022"}],"wp:attachment":[{"href":"https:\/\/simex.es\/fr\/wp-json\/wp\/v2\/media?parent=252470"}],"wp:term":[{"taxonomy":"product_brand","embeddable":true,"href":"https:\/\/simex.es\/fr\/wp-json\/wp\/v2\/product_brand?post=252470"},{"taxonomy":"product_cat","embeddable":true,"href":"https:\/\/simex.es\/fr\/wp-json\/wp\/v2\/product_cat?post=252470"},{"taxonomy":"product_tag","embeddable":true,"href":"https:\/\/simex.es\/fr\/wp-json\/wp\/v2\/product_tag?post=252470"}],"curies":[{"name":"wp","href":"https:\/\/api.w.org\/{rel}","templated":true}]}}