{"id":252237,"date":"2023-10-23T11:18:15","date_gmt":"2023-10-23T13:39:10","guid":{"rendered":"https:\/\/simex.es\/?post_type=product&#038;p=252237"},"modified":"2023-10-23T15:39:11","modified_gmt":"2023-10-23T13:39:11","slug":"filtre-a-particules","status":"publish","type":"product","link":"https:\/\/simex.es\/fr\/filtre-a-particules\/","title":{"rendered":"Filtre \u00e0 particules"},"content":{"rendered":"","protected":false},"excerpt":{"rendered":"<ul>\n<li><span style=\"color: #ff6600;\">Recharge<\/span> du filtre.<\/li>\n<li><span style=\"color: #ff6600;\">Cartouche de filtre en plastique.<\/span><\/li>\n<li>Le mod\u00e8le de filtre \u00e0 eau est <span style=\"color: #ff6600;\">09004<\/span><\/li>\n<li>Cartouche int\u00e9gr\u00e9e rempla\u00e7able en deux \u00e9tapes : <span style=\"color: #ff6600;\">PP et charbon actif.<\/span><\/li>\n<li><span style=\"color: #ff6600;\">Convient pour les particules<\/span>, la boue, les chlorures et autres impuret\u00e9s.<\/li>\n<li><span style=\"color: #ff6600;\">D\u00e9vissage de la cuve<\/span> du filtre et nettoyage ult\u00e9rieur.<\/li>\n<\/ul>\n<p><span class=\"ficha-tecnica\"><a title=\"\u201cFicha\" href=\"https:\/\/simex.es\/wp-content\/uploads\/2023\/10\/09004-ING-FR.pdf\" target=\"_blank\" rel=\"noopener noreferrer\">Fiche technique<\/a><\/span><\/p>\n","protected":false},"featured_media":72958,"template":"","meta":[],"product_brand":[],"product_cat":[445],"product_tag":[],"class_list":{"0":"post-252237","1":"product","2":"type-product","3":"status-publish","4":"has-post-thumbnail","6":"product_cat-fontaines-a-eau","8":"first","9":"instock","10":"shipping-taxable","11":"product-type-simple"},"_links":{"self":[{"href":"https:\/\/simex.es\/fr\/wp-json\/wp\/v2\/product\/252237","targetHints":{"allow":["GET"]}}],"collection":[{"href":"https:\/\/simex.es\/fr\/wp-json\/wp\/v2\/product"}],"about":[{"href":"https:\/\/simex.es\/fr\/wp-json\/wp\/v2\/types\/product"}],"wp:featuredmedia":[{"embeddable":true,"href":"https:\/\/simex.es\/fr\/wp-json\/wp\/v2\/media\/72958"}],"wp:attachment":[{"href":"https:\/\/simex.es\/fr\/wp-json\/wp\/v2\/media?parent=252237"}],"wp:term":[{"taxonomy":"product_brand","embeddable":true,"href":"https:\/\/simex.es\/fr\/wp-json\/wp\/v2\/product_brand?post=252237"},{"taxonomy":"product_cat","embeddable":true,"href":"https:\/\/simex.es\/fr\/wp-json\/wp\/v2\/product_cat?post=252237"},{"taxonomy":"product_tag","embeddable":true,"href":"https:\/\/simex.es\/fr\/wp-json\/wp\/v2\/product_tag?post=252237"}],"curies":[{"name":"wp","href":"https:\/\/api.w.org\/{rel}","templated":true}]}}