{"id":11091,"date":"2017-08-30T06:43:32","date_gmt":"2017-08-30T06:43:32","guid":{"rendered":"https:\/\/simex.es\/producto\/non%20class\u00e9\/abattant-pour-siege-de-toilette\/"},"modified":"2022-03-01T10:34:10","modified_gmt":"2022-03-01T09:34:10","slug":"abattant-pour-siege-de-toilette","status":"publish","type":"product","link":"https:\/\/simex.es\/fr\/abattant-pour-siege-de-toilette\/","title":{"rendered":"Ouverture hygi\u00e9nique avec couvercle"},"content":{"rendered":"","protected":false},"excerpt":{"rendered":"<ul>\n<li><span style=\"color: #FF5100;\">Mat\u00e9riel:<\/span>\u00a0Poly\u00e9thyl\u00e8ne haute densit\u00e9.<\/li>\n<li><span style=\"color: #FF5100;\">Finition:<\/span>\u00a0Blanc.<\/li>\n<li>Avec couvercle en durolux.<\/li>\n<\/ul>\n<p><span class=\"ficha-tecnica\"><a href=\"\" title=\"Inodoro\" target=\"_blank\" rel=\"noopener noreferrer\">Voir fiche technique<\/a><\/span><\/p>\n<p><span class=\"ficha-tecnica\"><a href=\"https:\/\/simex.es\/wp-content\/uploads\/2022\/03\/02258-PLANO.pdf\" title=\"Inodoro\" target=\"_blank\" rel=\"noopener noreferrer\">Donn\u00e9es techniques<\/a><\/span><\/p>\n","protected":false},"featured_media":92713,"template":"","meta":[],"product_brand":[],"product_cat":[1039,1219],"product_tag":[481],"class_list":{"0":"post-11091","1":"product","2":"type-product","3":"status-publish","4":"has-post-thumbnail","6":"product_cat-aides-techniques","7":"product_cat-pieces-de-rechange","8":"product_tag-relacionado-02239-fr","10":"first","11":"instock","12":"purchasable","13":"product-type-simple"},"_links":{"self":[{"href":"https:\/\/simex.es\/fr\/wp-json\/wp\/v2\/product\/11091","targetHints":{"allow":["GET"]}}],"collection":[{"href":"https:\/\/simex.es\/fr\/wp-json\/wp\/v2\/product"}],"about":[{"href":"https:\/\/simex.es\/fr\/wp-json\/wp\/v2\/types\/product"}],"wp:featuredmedia":[{"embeddable":true,"href":"https:\/\/simex.es\/fr\/wp-json\/wp\/v2\/media\/92713"}],"wp:attachment":[{"href":"https:\/\/simex.es\/fr\/wp-json\/wp\/v2\/media?parent=11091"}],"wp:term":[{"taxonomy":"product_brand","embeddable":true,"href":"https:\/\/simex.es\/fr\/wp-json\/wp\/v2\/product_brand?post=11091"},{"taxonomy":"product_cat","embeddable":true,"href":"https:\/\/simex.es\/fr\/wp-json\/wp\/v2\/product_cat?post=11091"},{"taxonomy":"product_tag","embeddable":true,"href":"https:\/\/simex.es\/fr\/wp-json\/wp\/v2\/product_tag?post=11091"}],"curies":[{"name":"wp","href":"https:\/\/api.w.org\/{rel}","templated":true}]}}