{"id":105430,"date":"2021-03-01T11:35:02","date_gmt":"2021-03-01T10:35:03","guid":{"rendered":"https:\/\/simex.es\/?post_type=product&#038;p=105430"},"modified":"2022-03-09T08:36:24","modified_gmt":"2022-03-09T07:36:24","slug":"station-de-desinfection-distributeur-de-savon-liquide-gel-avec-thermometre","status":"publish","type":"product","link":"https:\/\/simex.es\/fr\/station-de-desinfection-distributeur-de-savon-liquide-gel-avec-thermometre\/","title":{"rendered":"Station de d\u00e9sinfection avec thermom\u00e8tre &#8211; S\u00e9rie Ecoclean"},"content":{"rendered":"","protected":false},"excerpt":{"rendered":"<ul>\n<li>Distributeur de savon \/ gel avec thermom\u00e8tre pour mesurer la temp\u00e9rature corporelle.<\/li>\n<li>Capteur \u00e9l\u00e9ctronique et fermeture de s\u00e9curit\u00e9.<\/li>\n<li><span style=\"color: #FF5100;\">Mat\u00e9riel distributeur:<\/span> ABS.<\/li>\n<li><span style=\"color: #FF5100;\">Capacit\u00e9:<\/span> 1,2 litre.<\/li>\n<li><span style=\"color: #FF5100;\">Finition distributeur:<\/span>\u00a0Blanc.<\/li>\n<li><span style=\"color: #FF5100;\">Contenace:<\/span>\u00a0Liquide \/ Gel hydroalcolique.<\/li>\n<li><span style=\"color: #FF5100;\">Alimentation:<\/span>\u00a04 piles 1.5 V. (Piles non fournies.)<\/li>\n<li><span style=\"color: #ff5100;\">Valeur en degr\u00e9s:<\/span> Celsius (\u00baC) ou Fahrenheit (\u00baF).<\/li>\n<li>Affichage num\u00e9rique LCD.<\/li>\n<li><span style=\"color: #FF5100;\">Mat\u00e9riel support:<\/span> Aluminium.<\/li>\n<li><span style=\"color: #FF5100;\">Finition support:<\/span>\u00a0Noir.<\/li>\n<li><span style=\"color: #FF5100;\">Mat\u00e9riel plateau:<\/span> ABS.<\/li>\n<\/ul>\n<p><span class=\"ficha-tecnica\"><a title=\"Ficha t\u00e9cnica\" href=\"https:\/\/simex.es\/wp-content\/uploads\/2021\/03\/04074_EN-FR.pdf\" target=\"_blank\" rel=\"noopener noreferrer\">Fiche technique<\/a><\/span><\/p>\n<p><span class=\"ficha-tecnica\"><a title=\"Ficha T\u00e9cnica\" href=\"https:\/\/simex.es\/wp-content\/uploads\/2022\/03\/04074-PLANO.pdf\" target=\"_blank\" rel=\"noopener noreferrer\">Donn\u00e9es techniques<\/a><\/span><\/p>\n","protected":false},"featured_media":105434,"template":"","meta":[],"product_brand":[],"product_cat":[443,945,955,961],"product_tag":[],"class_list":{"0":"post-105430","1":"product","2":"type-product","3":"status-publish","4":"has-post-thumbnail","6":"product_cat-distributeurs-de-savon","7":"product_cat-equipement-dhygiene","8":"product_cat-stations-de-desinfection","9":"product_cat-stations-de-desinfection-2","11":"first","12":"instock","13":"shipping-taxable","14":"purchasable","15":"product-type-simple"},"_links":{"self":[{"href":"https:\/\/simex.es\/fr\/wp-json\/wp\/v2\/product\/105430","targetHints":{"allow":["GET"]}}],"collection":[{"href":"https:\/\/simex.es\/fr\/wp-json\/wp\/v2\/product"}],"about":[{"href":"https:\/\/simex.es\/fr\/wp-json\/wp\/v2\/types\/product"}],"wp:featuredmedia":[{"embeddable":true,"href":"https:\/\/simex.es\/fr\/wp-json\/wp\/v2\/media\/105434"}],"wp:attachment":[{"href":"https:\/\/simex.es\/fr\/wp-json\/wp\/v2\/media?parent=105430"}],"wp:term":[{"taxonomy":"product_brand","embeddable":true,"href":"https:\/\/simex.es\/fr\/wp-json\/wp\/v2\/product_brand?post=105430"},{"taxonomy":"product_cat","embeddable":true,"href":"https:\/\/simex.es\/fr\/wp-json\/wp\/v2\/product_cat?post=105430"},{"taxonomy":"product_tag","embeddable":true,"href":"https:\/\/simex.es\/fr\/wp-json\/wp\/v2\/product_tag?post=105430"}],"curies":[{"name":"wp","href":"https:\/\/api.w.org\/{rel}","templated":true}]}}