{"id":105368,"date":"2021-03-01T10:06:46","date_gmt":"2021-03-01T09:06:47","guid":{"rendered":"https:\/\/simex.es\/?post_type=product&#038;p=105368"},"modified":"2022-03-08T17:04:39","modified_gmt":"2022-03-08T16:04:39","slug":"distributeur-de-savon-gel-avec-thermometre-ecoclean-12-litre","status":"publish","type":"product","link":"https:\/\/simex.es\/fr\/distributeur-de-savon-gel-avec-thermometre-ecoclean-12-litre\/","title":{"rendered":"Distributeur de savon \/ gel avec thermom\u00e8tre S\u00e9rie Ecoclean &#8211; 1,2 litre"},"content":{"rendered":"","protected":false},"excerpt":{"rendered":"<ul>\n<li>Distributeur de savon \/ gel avec thermom\u00e8tre pour mesurer la temp\u00e9rature corporelle.<\/li>\n<li>Capteur \u00e9l\u00e9ctronique et fermeture de s\u00e9curit\u00e9.<\/li>\n<li>Mod\u00e8le fix\u00e9 au mur.<\/li>\n<li><span style=\"color: #FF5100;\">Mat\u00e9riel:<\/span> ABS.<\/li>\n<li><span style=\"color: #FF5100;\">Capacit\u00e9:<\/span> 1,2 litre.<\/li>\n<li><span style=\"color: #FF5100;\">Contenance:<\/span>\u00a0Liquide \/ Gel hydroalcoolique.<\/li>\n<li><span style=\"color: #FF5100\">Alimentation:<\/span> 4 piles 1.5 V. (Piles non fournies.)<\/li>\n<li><span style=\"color: #ff5100;\">Valeur en degr\u00e9s:<\/span> Celsius (\u00baC) ou Fahrenheit (\u00baF).<\/li>\n<li>Affichage num\u00e9rique LCD.<\/li>\n<\/ul>\n<p><span class=\"ficha-tecnica\"><a title=\"Ficha t\u00e9cnica\" href=\"https:\/\/simex.es\/wp-content\/uploads\/2021\/03\/04073_EN-FR-1.pdf\" target=\"_blank\" rel=\"noopener noreferrer\">Fiche technique<\/a><\/span><\/p>\n<p><span class=\"ficha-tecnica\"><a title=\"Ficha T\u00e9cnica\" href=\"https:\/\/simex.es\/wp-content\/uploads\/2022\/03\/04073-PLANO.pdf\" target=\"_blank\" rel=\"noopener noreferrer\">Donn\u00e9es techniques<\/a><\/span><\/p>\n","protected":false},"featured_media":144249,"template":"","meta":[],"product_brand":[],"product_cat":[948,946,443,945],"product_tag":[],"class_list":{"0":"post-105368","1":"product","2":"type-product","3":"status-publish","4":"has-post-thumbnail","6":"product_cat-automatique","7":"product_cat-distributeurs-automatiques","8":"product_cat-distributeurs-de-savon","9":"product_cat-equipement-dhygiene","11":"first","12":"instock","13":"shipping-taxable","14":"purchasable","15":"product-type-simple"},"_links":{"self":[{"href":"https:\/\/simex.es\/fr\/wp-json\/wp\/v2\/product\/105368","targetHints":{"allow":["GET"]}}],"collection":[{"href":"https:\/\/simex.es\/fr\/wp-json\/wp\/v2\/product"}],"about":[{"href":"https:\/\/simex.es\/fr\/wp-json\/wp\/v2\/types\/product"}],"wp:featuredmedia":[{"embeddable":true,"href":"https:\/\/simex.es\/fr\/wp-json\/wp\/v2\/media\/144249"}],"wp:attachment":[{"href":"https:\/\/simex.es\/fr\/wp-json\/wp\/v2\/media?parent=105368"}],"wp:term":[{"taxonomy":"product_brand","embeddable":true,"href":"https:\/\/simex.es\/fr\/wp-json\/wp\/v2\/product_brand?post=105368"},{"taxonomy":"product_cat","embeddable":true,"href":"https:\/\/simex.es\/fr\/wp-json\/wp\/v2\/product_cat?post=105368"},{"taxonomy":"product_tag","embeddable":true,"href":"https:\/\/simex.es\/fr\/wp-json\/wp\/v2\/product_tag?post=105368"}],"curies":[{"name":"wp","href":"https:\/\/api.w.org\/{rel}","templated":true}]}}