{"id":94803,"date":"2020-11-26T22:59:04","date_gmt":"2020-11-26T22:59:04","guid":{"rendered":"https:\/\/simex.es\/giralda\/"},"modified":"2023-03-01T16:55:51","modified_gmt":"2023-03-01T15:55:51","slug":"giralda","status":"publish","type":"page","link":"https:\/\/simex.es\/fr\/giralda\/","title":{"rendered":"GIRALDA"},"content":{"rendered":"<div class=\"row row-collapse align-center\"  id=\"row-2118255440\">\n\n\t<div id=\"col-1090483249\" class=\"col small-12 large-12\"  >\n\t\t\t\t<div class=\"col-inner\"  >\n\t\t\t\n\t\t\t\n\t<div class=\"img has-hover x md-x lg-x y md-y lg-y\" id=\"image_1552090205\">\n\t\t\t\t\t\t\t\t<div class=\"img-inner image-cover dark\" style=\"padding-top:70%;\">\n\t\t\t<img loading=\"lazy\" decoding=\"async\" width=\"1020\" height=\"721\" src=\"https:\/\/simex.es\/wp-content\/uploads\/2022\/02\/Solution-Giralda-1024x724.png\" class=\"attachment-large size-large\" alt=\"\" srcset=\"https:\/\/simex.es\/wp-content\/uploads\/2022\/02\/Solution-Giralda-1024x724.png 1024w, https:\/\/simex.es\/wp-content\/uploads\/2022\/02\/Solution-Giralda-510x361.png 510w, https:\/\/simex.es\/wp-content\/uploads\/2022\/02\/Solution-Giralda-300x212.png 300w, https:\/\/simex.es\/wp-content\/uploads\/2022\/02\/Solution-Giralda-768x543.png 768w, https:\/\/simex.es\/wp-content\/uploads\/2022\/02\/Solution-Giralda-1536x1086.png 1536w, https:\/\/simex.es\/wp-content\/uploads\/2022\/02\/Solution-Giralda-600x424.png 600w, https:\/\/simex.es\/wp-content\/uploads\/2022\/02\/Solution-Giralda.png 1754w\" sizes=\"auto, (max-width: 1020px) 100vw, 1020px\" \/>\t\t\t\t\t\t\n\t\t\t\t\t<\/div>\n\t\t\t\t\t\t\t\t\n<style>\n#image_1552090205 {\n  width: 100%;\n}\n<\/style>\n\t<\/div>\n\t\n\t\t<\/div>\n\t\t\t\t\t<\/div>\n\n\t\n\n\t<div id=\"col-1549134359\" class=\"col medium-10 small-12 large-10\"  >\n\t\t\t\t<div class=\"col-inner\"  >\n\t\t\t\n\t\t\t\n\t<div id=\"gap-34540680\" class=\"gap-element clearfix\" style=\"display:block; height:auto;\">\n\t\t\n<style>\n#gap-34540680 {\n  padding-top: 30px;\n}\n<\/style>\n\t<\/div>\n\t\n<p style=\"text-align: center;\">Proposition de salle de bain collective, enti\u00e8rement \u00e9quip\u00e9e de produits Simex en acier inoxydable ou ABS haute r\u00e9sistance finition satin\u00e9e et blanc.\u00a0Facile \u00e0 utiliser et \u00e0 installer et\u00a0conforme aux r\u00e9glementations en vigueur.<\/p>\n\t<div id=\"gap-1162091650\" class=\"gap-element clearfix\" style=\"display:block; height:auto;\">\n\t\t\n<style>\n#gap-1162091650 {\n  padding-top: 15px;\n}\n<\/style>\n\t<\/div>\n\t\n<h3 style=\"text-align: center;\"><span style=\"font-size: 150%;\">PRODUITS INCLUS<\/span><\/h3>\n<div class=\"text-center\"><div class=\"is-divider divider clearfix\" style=\"max-width:80px;height:1px;background-color:rgb(102, 102, 102);\"><\/div><\/div>\n\t<div id=\"gap-731463080\" class=\"gap-element clearfix\" style=\"display:block; height:auto;\">\n\t\t\n<style>\n#gap-731463080 {\n  padding-top: 15px;\n}\n<\/style>\n\t<\/div>\n\t\n\t\t<\/div>\n\t\t\t\t\t<\/div>\n\n\t\n<\/div>\n<div class=\"row row-collapse row-full-width row-box-shadow-1\"  id=\"row-1499244247\">\n\n\t<div id=\"col-274941013\" class=\"col medium-2 small-6 large-2\"  >\n\t\t\t\t<div class=\"col-inner\" style=\"background-color:rgb(255, 255, 255);\" >\n\t\t\t\n\t\t\t\n\t<div class=\"img has-hover x md-x lg-x y md-y lg-y\" id=\"image_1304477075\">\n\t\t<a class=\"\" href=\"https:\/\/simex.es\/fr\/seche-mains-inoxflow\/\" target=\"_blank\" rel=\"noopener\" >\t\t\t\t\t\t<div class=\"img-inner dark\" >\n\t\t\t\t\t\t\t\t\t\n\t\t\t\t\t<\/div>\n\t\t\t\t\t\t<\/a>\t\t\n<style>\n#image_1304477075 {\n  width: 100%;\n}\n<\/style>\n\t<\/div>\n\t\n<p style=\"text-align: center;\"><strong>Ref. 01006<\/strong><\/p>\n\t\t<\/div>\n\t\t\t\t\t<\/div>\n\n\t\n\n\t<div id=\"col-1184266674\" class=\"col medium-2 small-6 large-2\"  >\n\t\t\t\t<div class=\"col-inner\" style=\"background-color:rgb(255, 255, 255);\" >\n\t\t\t\n\t\t\t\n\t<div class=\"img has-hover x md-x lg-x y md-y lg-y\" id=\"image_1123738859\">\n\t\t<a class=\"\" href=\"https:\/\/simex.es\/fr\/distributeur-de-savon-inox\/\" target=\"_blank\" rel=\"noopener\" >\t\t\t\t\t\t<div class=\"img-inner dark\" >\n\t\t\t<img loading=\"lazy\" decoding=\"async\" width=\"801\" height=\"801\" src=\"https:\/\/simex.es\/wp-content\/uploads\/2022\/02\/dosificador_jabon_acero_inox_cuadrado_satinado_simex.jpg\" class=\"attachment-original size-original\" alt=\"\" srcset=\"https:\/\/simex.es\/wp-content\/uploads\/2022\/02\/dosificador_jabon_acero_inox_cuadrado_satinado_simex.jpg 801w, https:\/\/simex.es\/wp-content\/uploads\/2022\/02\/dosificador_jabon_acero_inox_cuadrado_satinado_simex-100x100.jpg 100w, https:\/\/simex.es\/wp-content\/uploads\/2022\/02\/dosificador_jabon_acero_inox_cuadrado_satinado_simex-510x510.jpg 510w, https:\/\/simex.es\/wp-content\/uploads\/2022\/02\/dosificador_jabon_acero_inox_cuadrado_satinado_simex-300x300.jpg 300w, https:\/\/simex.es\/wp-content\/uploads\/2022\/02\/dosificador_jabon_acero_inox_cuadrado_satinado_simex-150x150.jpg 150w, https:\/\/simex.es\/wp-content\/uploads\/2022\/02\/dosificador_jabon_acero_inox_cuadrado_satinado_simex-768x768.jpg 768w, https:\/\/simex.es\/wp-content\/uploads\/2022\/02\/dosificador_jabon_acero_inox_cuadrado_satinado_simex-600x600.jpg 600w\" sizes=\"auto, (max-width: 801px) 100vw, 801px\" \/>\t\t\t\t\t\t\n\t\t\t\t\t<\/div>\n\t\t\t\t\t\t<\/a>\t\t\n<style>\n#image_1123738859 {\n  width: 100%;\n}\n<\/style>\n\t<\/div>\n\t\n<p style=\"text-align: center;\"><strong>Ref. 04023<\/strong><\/p>\n\t\t<\/div>\n\t\t\t\t\t<\/div>\n\n\t\n\n\t<div id=\"col-320823812\" class=\"col medium-2 small-6 large-2\"  >\n\t\t\t\t<div class=\"col-inner\" style=\"background-color:rgb(255, 255, 255);\" >\n\t\t\t\n\t\t\t\n\t<div class=\"img has-hover x md-x lg-x y md-y lg-y\" id=\"image_2071530881\">\n\t\t<a class=\"\" href=\"https:\/\/simex.es\/fr\/distributeur-de-savon-automatic-12-litre\/\" target=\"_blank\" rel=\"noopener\" >\t\t\t\t\t\t<div class=\"img-inner dark\" >\n\t\t\t<img loading=\"lazy\" decoding=\"async\" width=\"801\" height=\"801\" src=\"https:\/\/simex.es\/wp-content\/uploads\/2020\/05\/DOSIFICADOR-ECOCLEAN-AUTOMA\u0301TICO-12L-BLANCO-04063-1.jpg\" class=\"attachment-original size-original\" alt=\"\" srcset=\"https:\/\/simex.es\/wp-content\/uploads\/2020\/05\/DOSIFICADOR-ECOCLEAN-AUTOMA\u0301TICO-12L-BLANCO-04063-1.jpg 801w, https:\/\/simex.es\/wp-content\/uploads\/2020\/05\/DOSIFICADOR-ECOCLEAN-AUTOMA\u0301TICO-12L-BLANCO-04063-1-100x100.jpg 100w, https:\/\/simex.es\/wp-content\/uploads\/2020\/05\/DOSIFICADOR-ECOCLEAN-AUTOMA\u0301TICO-12L-BLANCO-04063-1-510x510.jpg 510w, https:\/\/simex.es\/wp-content\/uploads\/2020\/05\/DOSIFICADOR-ECOCLEAN-AUTOMA\u0301TICO-12L-BLANCO-04063-1-300x300.jpg 300w, https:\/\/simex.es\/wp-content\/uploads\/2020\/05\/DOSIFICADOR-ECOCLEAN-AUTOMA\u0301TICO-12L-BLANCO-04063-1-150x150.jpg 150w, https:\/\/simex.es\/wp-content\/uploads\/2020\/05\/DOSIFICADOR-ECOCLEAN-AUTOMA\u0301TICO-12L-BLANCO-04063-1-768x768.jpg 768w, https:\/\/simex.es\/wp-content\/uploads\/2020\/05\/DOSIFICADOR-ECOCLEAN-AUTOMA\u0301TICO-12L-BLANCO-04063-1-600x600.jpg 600w\" sizes=\"auto, (max-width: 801px) 100vw, 801px\" \/>\t\t\t\t\t\t\n\t\t\t\t\t<\/div>\n\t\t\t\t\t\t<\/a>\t\t\n<style>\n#image_2071530881 {\n  width: 100%;\n}\n<\/style>\n\t<\/div>\n\t\n<p style=\"text-align: center;\"><strong>Ref. 04063<\/strong><\/p>\n\t\t<\/div>\n\t\t\t\t\t<\/div>\n\n\t\n\n\t<div id=\"col-1318255924\" class=\"col medium-2 small-6 large-2\"  >\n\t\t\t\t<div class=\"col-inner\" style=\"background-color:rgb(255, 255, 255);\" >\n\t\t\t\n\t\t\t\n\t<div class=\"img has-hover x md-x lg-x y md-y lg-y\" id=\"image_1565566307\">\n\t\t<a class=\"\" href=\"https:\/\/simex.es\/fr\/porte-balai-wc-classic\/\" target=\"_blank\" rel=\"noopener\" >\t\t\t\t\t\t<div class=\"img-inner dark\" >\n\t\t\t<img loading=\"lazy\" decoding=\"async\" width=\"210\" height=\"210\" src=\"https:\/\/simex.es\/wp-content\/uploads\/2020\/03\/05033.png\" class=\"attachment-original size-original\" alt=\"\" srcset=\"https:\/\/simex.es\/wp-content\/uploads\/2020\/03\/05033.png 210w, https:\/\/simex.es\/wp-content\/uploads\/2020\/03\/05033-100x100.png 100w, https:\/\/simex.es\/wp-content\/uploads\/2020\/03\/05033-150x150.png 150w\" sizes=\"auto, (max-width: 210px) 100vw, 210px\" \/>\t\t\t\t\t\t\n\t\t\t\t\t<\/div>\n\t\t\t\t\t\t<\/a>\t\t\n<style>\n#image_1565566307 {\n  width: 100%;\n}\n<\/style>\n\t<\/div>\n\t\n<p style=\"text-align: center;\"><strong>Ref. 05033<\/strong><\/p>\n\t\t<\/div>\n\t\t\t\t\t<\/div>\n\n\t\n\n\t<div id=\"col-622077626\" class=\"col medium-2 small-6 large-2\"  >\n\t\t\t\t<div class=\"col-inner\" style=\"background-color:rgb(255, 255, 255);\" >\n\t\t\t\n\t\t\t\n\t<div class=\"img has-hover x md-x lg-x y md-y lg-y\" id=\"image_85429045\">\n\t\t<a class=\"\" href=\"https:\/\/simex.es\/fr\/poubelle-a-pedale-30l\/\" target=\"_blank\" rel=\"noopener\" >\t\t\t\t\t\t<div class=\"img-inner dark\" >\n\t\t\t<img loading=\"lazy\" decoding=\"async\" width=\"801\" height=\"801\" src=\"https:\/\/simex.es\/wp-content\/uploads\/2022\/02\/Papeler-Pedal-acero-inox.-Blanco-Mate-Simex.jpg\" class=\"attachment-original size-original\" alt=\"\" srcset=\"https:\/\/simex.es\/wp-content\/uploads\/2022\/02\/Papeler-Pedal-acero-inox.-Blanco-Mate-Simex.jpg 801w, https:\/\/simex.es\/wp-content\/uploads\/2022\/02\/Papeler-Pedal-acero-inox.-Blanco-Mate-Simex-100x100.jpg 100w, https:\/\/simex.es\/wp-content\/uploads\/2022\/02\/Papeler-Pedal-acero-inox.-Blanco-Mate-Simex-510x510.jpg 510w, https:\/\/simex.es\/wp-content\/uploads\/2022\/02\/Papeler-Pedal-acero-inox.-Blanco-Mate-Simex-300x300.jpg 300w, https:\/\/simex.es\/wp-content\/uploads\/2022\/02\/Papeler-Pedal-acero-inox.-Blanco-Mate-Simex-150x150.jpg 150w, https:\/\/simex.es\/wp-content\/uploads\/2022\/02\/Papeler-Pedal-acero-inox.-Blanco-Mate-Simex-768x768.jpg 768w, https:\/\/simex.es\/wp-content\/uploads\/2022\/02\/Papeler-Pedal-acero-inox.-Blanco-Mate-Simex-600x600.jpg 600w\" sizes=\"auto, (max-width: 801px) 100vw, 801px\" \/>\t\t\t\t\t\t\n\t\t\t\t\t<\/div>\n\t\t\t\t\t\t<\/a>\t\t\n<style>\n#image_85429045 {\n  width: 98%;\n}\n<\/style>\n\t<\/div>\n\t\n<p style=\"text-align: center;\"><strong>Ref. 05062<\/strong><\/p>\n\t\t<\/div>\n\t\t\t\t\t<\/div>\n\n\t\n\n\t<div id=\"col-2036661473\" class=\"col medium-2 small-6 large-2\"  >\n\t\t\t\t<div class=\"col-inner\" style=\"background-color:rgb(255, 255, 255);\" >\n\t\t\t\n\t\t\t\n\t<div class=\"img has-hover x md-x lg-x y md-y lg-y\" id=\"image_1083928373\">\n\t\t<a class=\"\" href=\"https:\/\/simex.es\/fr\/tables-a-langer-horizontal\/\" target=\"_blank\" rel=\"noopener\" >\t\t\t\t\t\t<div class=\"img-inner dark\" >\n\t\t\t<img loading=\"lazy\" decoding=\"async\" width=\"800\" height=\"800\" src=\"https:\/\/simex.es\/wp-content\/uploads\/2017\/12\/05144_ce-1.jpg\" class=\"attachment-original size-original\" alt=\"\" srcset=\"https:\/\/simex.es\/wp-content\/uploads\/2017\/12\/05144_ce-1.jpg 800w, https:\/\/simex.es\/wp-content\/uploads\/2017\/12\/05144_ce-1-100x100.jpg 100w, https:\/\/simex.es\/wp-content\/uploads\/2017\/12\/05144_ce-1-510x510.jpg 510w, https:\/\/simex.es\/wp-content\/uploads\/2017\/12\/05144_ce-1-150x150.jpg 150w, https:\/\/simex.es\/wp-content\/uploads\/2017\/12\/05144_ce-1-300x300.jpg 300w, https:\/\/simex.es\/wp-content\/uploads\/2017\/12\/05144_ce-1-768x768.jpg 768w, https:\/\/simex.es\/wp-content\/uploads\/2017\/12\/05144_ce-1-600x600.jpg 600w\" sizes=\"auto, (max-width: 800px) 100vw, 800px\" \/>\t\t\t\t\t\t\n\t\t\t\t\t<\/div>\n\t\t\t\t\t\t<\/a>\t\t\n<style>\n#image_1083928373 {\n  width: 100%;\n}\n<\/style>\n\t<\/div>\n\t\n<p style=\"text-align: center;\"><strong>Ref. 05144<\/strong><\/p>\n\t\t<\/div>\n\t\t\t\t\t<\/div>\n\n\t\n<\/div>\n\t<div id=\"gap-1871651186\" class=\"gap-element clearfix\" style=\"display:block; height:auto;\">\n\t\t\n<style>\n#gap-1871651186 {\n  padding-top: 30px;\n}\n<\/style>\n\t<\/div>\n\t\n<div class=\"row row-collapse row-full-width row-box-shadow-1\"  id=\"row-64406173\">\n\n\t<div id=\"col-544340822\" class=\"col medium-2 small-6 large-2\"  >\n\t\t\t\t<div class=\"col-inner\" style=\"background-color:rgb(255, 255, 255);\" >\n\t\t\t\n\t\t\t\n\t<div class=\"img has-hover x md-x lg-x y md-y lg-y\" id=\"image_391774503\">\n\t\t<a class=\"\" href=\"https:\/\/simex.es\/fr\/distributeur-de-papier-classic\/\" target=\"_blank\" rel=\"noopener\" >\t\t\t\t\t\t<div class=\"img-inner dark\" >\n\t\t\t<img loading=\"lazy\" decoding=\"async\" width=\"800\" height=\"800\" src=\"https:\/\/simex.es\/wp-content\/uploads\/2019\/04\/06013_web.jpg\" class=\"attachment-original size-original\" alt=\"\" srcset=\"https:\/\/simex.es\/wp-content\/uploads\/2019\/04\/06013_web.jpg 800w, https:\/\/simex.es\/wp-content\/uploads\/2019\/04\/06013_web-100x100.jpg 100w, https:\/\/simex.es\/wp-content\/uploads\/2019\/04\/06013_web-510x510.jpg 510w, https:\/\/simex.es\/wp-content\/uploads\/2019\/04\/06013_web-150x150.jpg 150w, https:\/\/simex.es\/wp-content\/uploads\/2019\/04\/06013_web-300x300.jpg 300w, https:\/\/simex.es\/wp-content\/uploads\/2019\/04\/06013_web-768x768.jpg 768w, https:\/\/simex.es\/wp-content\/uploads\/2019\/04\/06013_web-600x600.jpg 600w\" sizes=\"auto, (max-width: 800px) 100vw, 800px\" \/>\t\t\t\t\t\t\n\t\t\t\t\t<\/div>\n\t\t\t\t\t\t<\/a>\t\t\n<style>\n#image_391774503 {\n  width: 100%;\n}\n<\/style>\n\t<\/div>\n\t\n<p style=\"text-align: center;\"><strong>Ref. 06013<\/strong><\/p>\n\t\t<\/div>\n\t\t\t\t\t<\/div>\n\n\t\n\n\t<div id=\"col-624671485\" class=\"col medium-2 small-6 large-2\"  >\n\t\t\t\t<div class=\"col-inner\" style=\"background-color:rgb(255, 255, 255);\" >\n\t\t\t\n\t\t\t\n\t<div class=\"img has-hover x md-x lg-x y md-y lg-y\" id=\"image_1818082100\">\n\t\t<a class=\"\" href=\"https:\/\/simex.es\/fr\/distributeur-de-papier-elegance-papier-meche\/\" target=\"_blank\" rel=\"noopener\" >\t\t\t\t\t\t<div class=\"img-inner dark\" >\n\t\t\t<img loading=\"lazy\" decoding=\"async\" width=\"800\" height=\"800\" src=\"https:\/\/simex.es\/wp-content\/uploads\/2017\/12\/06036_web.jpg\" class=\"attachment-original size-original\" alt=\"\" srcset=\"https:\/\/simex.es\/wp-content\/uploads\/2017\/12\/06036_web.jpg 800w, https:\/\/simex.es\/wp-content\/uploads\/2017\/12\/06036_web-100x100.jpg 100w, https:\/\/simex.es\/wp-content\/uploads\/2017\/12\/06036_web-510x510.jpg 510w, https:\/\/simex.es\/wp-content\/uploads\/2017\/12\/06036_web-150x150.jpg 150w, https:\/\/simex.es\/wp-content\/uploads\/2017\/12\/06036_web-300x300.jpg 300w, https:\/\/simex.es\/wp-content\/uploads\/2017\/12\/06036_web-768x768.jpg 768w, https:\/\/simex.es\/wp-content\/uploads\/2017\/12\/06036_web-600x600.jpg 600w\" sizes=\"auto, (max-width: 800px) 100vw, 800px\" \/>\t\t\t\t\t\t\n\t\t\t\t\t<\/div>\n\t\t\t\t\t\t<\/a>\t\t\n<style>\n#image_1818082100 {\n  width: 100%;\n}\n<\/style>\n\t<\/div>\n\t\n<p style=\"text-align: center;\"><strong>Ref. 06036<\/strong><\/p>\n\t\t<\/div>\n\t\t\t\t\t<\/div>\n\n\t\n\n\t<div id=\"col-1959995647\" class=\"col medium-2 small-6 large-2\"  >\n\t\t\t\t<div class=\"col-inner\" style=\"background-color:rgb(255, 255, 255);\" >\n\t\t\t\n\t\t\t\n\t<div class=\"img has-hover x md-x lg-x y md-y lg-y\" id=\"image_315376078\">\n\t\t<a class=\"\" href=\"https:\/\/simex.es\/fr\/distributeurs-de-papier-inox-papier-bobine-type-250-300-m\/\" target=\"_blank\" rel=\"noopener\" >\t\t\t\t\t\t<div class=\"img-inner dark\" >\n\t\t\t<img loading=\"lazy\" decoding=\"async\" width=\"800\" height=\"800\" src=\"https:\/\/simex.es\/wp-content\/uploads\/2019\/03\/06054_web.jpg\" class=\"attachment-original size-original\" alt=\"\" srcset=\"https:\/\/simex.es\/wp-content\/uploads\/2019\/03\/06054_web.jpg 800w, https:\/\/simex.es\/wp-content\/uploads\/2019\/03\/06054_web-100x100.jpg 100w, https:\/\/simex.es\/wp-content\/uploads\/2019\/03\/06054_web-510x510.jpg 510w, https:\/\/simex.es\/wp-content\/uploads\/2019\/03\/06054_web-150x150.jpg 150w, https:\/\/simex.es\/wp-content\/uploads\/2019\/03\/06054_web-300x300.jpg 300w, https:\/\/simex.es\/wp-content\/uploads\/2019\/03\/06054_web-768x768.jpg 768w, https:\/\/simex.es\/wp-content\/uploads\/2019\/03\/06054_web-600x600.jpg 600w\" sizes=\"auto, (max-width: 800px) 100vw, 800px\" \/>\t\t\t\t\t\t\n\t\t\t\t\t<\/div>\n\t\t\t\t\t\t<\/a>\t\t\n<style>\n#image_315376078 {\n  width: 100%;\n}\n<\/style>\n\t<\/div>\n\t\n<p style=\"text-align: center;\"><strong>Ref. 06054<\/strong><\/p>\n\t\t<\/div>\n\t\t\t\t\t<\/div>\n\n\t\n\n\t<div id=\"col-610782670\" class=\"col medium-2 small-6 large-2\"  >\n\t\t\t\t<div class=\"col-inner\" style=\"background-color:rgb(255, 255, 255);\" >\n\t\t\t\n\t\t\t\n\t<div class=\"img has-hover x md-x lg-x y md-y lg-y\" id=\"image_892474218\">\n\t\t<a class=\"\" href=\"https:\/\/simex.es\/fr\/nouveau-design-poubelle-grande-capacite-60-l\/\" target=\"_blank\" rel=\"noopener\" >\t\t\t\t\t\t<div class=\"img-inner dark\" >\n\t\t\t<img loading=\"lazy\" decoding=\"async\" width=\"800\" height=\"800\" src=\"https:\/\/simex.es\/wp-content\/uploads\/2019\/04\/07012_web.jpg\" class=\"attachment-original size-original\" alt=\"\" srcset=\"https:\/\/simex.es\/wp-content\/uploads\/2019\/04\/07012_web.jpg 800w, https:\/\/simex.es\/wp-content\/uploads\/2019\/04\/07012_web-100x100.jpg 100w, https:\/\/simex.es\/wp-content\/uploads\/2019\/04\/07012_web-510x510.jpg 510w, https:\/\/simex.es\/wp-content\/uploads\/2019\/04\/07012_web-150x150.jpg 150w, https:\/\/simex.es\/wp-content\/uploads\/2019\/04\/07012_web-300x300.jpg 300w, https:\/\/simex.es\/wp-content\/uploads\/2019\/04\/07012_web-768x768.jpg 768w, https:\/\/simex.es\/wp-content\/uploads\/2019\/04\/07012_web-600x600.jpg 600w\" sizes=\"auto, (max-width: 800px) 100vw, 800px\" \/>\t\t\t\t\t\t\n\t\t\t\t\t<\/div>\n\t\t\t\t\t\t<\/a>\t\t\n<style>\n#image_892474218 {\n  width: 100%;\n}\n<\/style>\n\t<\/div>\n\t\n<p style=\"text-align: center;\"><strong>Ref. 07012<\/strong><\/p>\n\t\t<\/div>\n\t\t\t\t\t<\/div>\n\n\t\n<\/div>\n<div class=\"row\"  id=\"row-480864310\">\n\n\t<div id=\"col-1086537635\" class=\"col small-12 large-12\"  >\n\t\t\t\t<div class=\"col-inner\"  >\n\t\t\t\n\t\t\t\n<a href=\"https:\/\/simex.es\/wp-content\/uploads\/2022\/02\/Solution-Giralda-1.pdf\" target=\"_blank\" class=\"button primary is-outline\" rel=\"noopener\" >\n\t\t<span>TEL\u00c9CHARGER SOLUTION<\/span>\n\t<\/a>\n\n\t\t<\/div>\n\t\t\t\t\t<\/div>\n\n\t\n<\/div>\n<div class=\"row align-center\"  id=\"row-986996385\">\n\n\t<div id=\"col-1388310545\" class=\"col medium-6 small-12 large-6\"  >\n\t\t\t\t<div class=\"col-inner\"  >\n\t\t\t\n\t\t\t\n<div class=\"container section-title-container\" ><h3 class=\"section-title section-title-center\"><b aria-hidden=\"true\"><\/b><span class=\"section-title-main\" style=\"color:rgb(255, 81, 0);\"><i class=\"icon-envelop\" aria-hidden=\"true\"><\/i>CETTE SOLUTION M'INT\u00c9RESSE<\/span><b aria-hidden=\"true\"><\/b><\/h3><\/div>\n\n<div class=\"wpcf7 no-js\" id=\"wpcf7-f85314-o1\" lang=\"es-ES\" dir=\"ltr\" data-wpcf7-id=\"85314\">\n<div class=\"screen-reader-response\"><p role=\"status\" aria-live=\"polite\" aria-atomic=\"true\"><\/p> <ul><\/ul><\/div>\n<form action=\"\/fr\/wp-json\/wp\/v2\/pages\/94803#wpcf7-f85314-o1\" method=\"post\" class=\"wpcf7-form init\" aria-label=\"Formulario de contacto\" novalidate=\"novalidate\" data-status=\"init\">\n<fieldset class=\"hidden-fields-container\"><input type=\"hidden\" name=\"_wpcf7\" value=\"85314\" \/><input type=\"hidden\" name=\"_wpcf7_version\" value=\"6.1.5\" \/><input type=\"hidden\" name=\"_wpcf7_locale\" value=\"es_ES\" \/><input type=\"hidden\" name=\"_wpcf7_unit_tag\" value=\"wpcf7-f85314-o1\" \/><input type=\"hidden\" name=\"_wpcf7_container_post\" value=\"0\" \/><input type=\"hidden\" name=\"_wpcf7_posted_data_hash\" value=\"\" \/><input type=\"hidden\" name=\"_wpcf7_recaptcha_response\" value=\"\" \/>\n<\/fieldset>\n<div id=\"responsive-form\" class=\"clearfix\">\n\t<div class=\"column-half\">\n\t\t<p>PR\u00c9NOM ET NOM DE FAMILLE* <span class=\"wpcf7-form-control-wrap\" data-name=\"nombre\"><input size=\"40\" maxlength=\"400\" class=\"wpcf7-form-control wpcf7-text wpcf7-validates-as-required\" aria-required=\"true\" aria-invalid=\"false\" value=\"\" type=\"text\" name=\"nombre\" \/><\/span>\n\t\t<\/p>\n\t<\/div>\n\t<div class=\"column-half\">\n\t\t<p>SOCI\u00c9T\u00c9* <span class=\"wpcf7-form-control-wrap\" data-name=\"empresa\"><input size=\"40\" maxlength=\"400\" class=\"wpcf7-form-control wpcf7-text wpcf7-validates-as-required\" aria-required=\"true\" aria-invalid=\"false\" value=\"\" type=\"text\" name=\"empresa\" \/><\/span>\n\t\t<\/p>\n\t<\/div>\n\t<div class=\"column-half\">\n\t\t<p>T\u00c9L\u00c9PHONE* <span class=\"wpcf7-form-control-wrap\" data-name=\"telefono\"><input size=\"40\" maxlength=\"400\" class=\"wpcf7-form-control wpcf7-text wpcf7-validates-as-required\" aria-required=\"true\" aria-invalid=\"false\" value=\"\" type=\"text\" name=\"telefono\" \/><\/span>\n\t\t<\/p>\n\t<\/div>\n\t<div class=\"column-half\">\n\t\t<p>VOTRE EMAIL* <span class=\"wpcf7-form-control-wrap\" data-name=\"email\"><input size=\"40\" maxlength=\"400\" class=\"wpcf7-form-control wpcf7-email wpcf7-validates-as-required wpcf7-text wpcf7-validates-as-email\" aria-required=\"true\" aria-invalid=\"false\" value=\"\" type=\"email\" name=\"email\" \/><\/span>\n\t\t<\/p>\n\t<\/div>\n\t<div class=\"form-row\">\n\t\t<div class=\"column-full\">\n\t\t\t<p><span class=\"wpcf7-form-control-wrap\" data-name=\"mensaje\"><textarea cols=\"40\" rows=\"10\" maxlength=\"2000\" class=\"wpcf7-form-control wpcf7-textarea\" aria-invalid=\"false\" placeholder=\"COMMENTAIRE\" name=\"mensaje\"><\/textarea><\/span>\n\t\t\t<\/p>\n\t\t<\/div>\n\t<\/div>\n\t<div class=\"form-row\">\n\t\t<div class=\"column-full\">\n\t\t\t<p><span class=\"wpcf7-form-control-wrap\" data-name=\"acceptance-394\"><span class=\"wpcf7-form-control wpcf7-acceptance\"><span class=\"wpcf7-list-item\"><label><input type=\"checkbox\" name=\"acceptance-394\" value=\"1\" aria-invalid=\"false\" \/><span class=\"wpcf7-list-item-label\">J'accepte la <a href=\"https:\/\/simex.es\/politica-de-privacidad\/\"><u>Politique de Confidentialit\u00e9<\/u><\/a><\/span><\/label><\/span><\/span><\/span>\n\t\t\t<\/p>\n\t\t<\/div>\n\t<\/div>\n\t<div class=\"column-full\">\n\t\t<p><input class=\"wpcf7-form-control wpcf7-submit has-spinner\" type=\"submit\" value=\"Envoyer\" \/>\n\t\t<\/p>\n\t<\/div>\n<\/div>\n\n<!--end responsive-form--><div class=\"wpcf7-response-output\" aria-hidden=\"true\"><\/div>\n<\/form>\n<\/div>\n\n\t\t<\/div>\n\t\t\t\t\t<\/div>\n\n\t\n\n<style>\n#row-986996385 > .col > .col-inner {\n  padding: 40px 0px 0px 0px;\n}\n<\/style>\n<\/div>\n","protected":false},"excerpt":{"rendered":"","protected":false},"author":5,"featured_media":0,"parent":0,"menu_order":0,"comment_status":"closed","ping_status":"closed","template":"","meta":{"footnotes":""},"class_list":["post-94803","page","type-page","status-publish","hentry"],"_links":{"self":[{"href":"https:\/\/simex.es\/fr\/wp-json\/wp\/v2\/pages\/94803","targetHints":{"allow":["GET"]}}],"collection":[{"href":"https:\/\/simex.es\/fr\/wp-json\/wp\/v2\/pages"}],"about":[{"href":"https:\/\/simex.es\/fr\/wp-json\/wp\/v2\/types\/page"}],"author":[{"embeddable":true,"href":"https:\/\/simex.es\/fr\/wp-json\/wp\/v2\/users\/5"}],"replies":[{"embeddable":true,"href":"https:\/\/simex.es\/fr\/wp-json\/wp\/v2\/comments?post=94803"}],"version-history":[{"count":0,"href":"https:\/\/simex.es\/fr\/wp-json\/wp\/v2\/pages\/94803\/revisions"}],"wp:attachment":[{"href":"https:\/\/simex.es\/fr\/wp-json\/wp\/v2\/media?parent=94803"}],"curies":[{"name":"wp","href":"https:\/\/api.w.org\/{rel}","templated":true}]}}