{"id":86314,"date":"2020-06-08T11:12:39","date_gmt":"2020-06-08T11:12:39","guid":{"rendered":"https:\/\/simex.es\/acropolis\/"},"modified":"2023-03-01T17:05:14","modified_gmt":"2023-03-01T16:05:14","slug":"acropolis","status":"publish","type":"page","link":"https:\/\/simex.es\/fr\/acropolis\/","title":{"rendered":"ACROPOLIS"},"content":{"rendered":"<div class=\"row row-collapse align-center\"  id=\"row-1917758853\">\n\n\t<div id=\"col-1048008074\" class=\"col small-12 large-12\"  >\n\t\t\t\t<div class=\"col-inner\"  >\n\t\t\t\n\t\t\t\n\t<div class=\"img has-hover x md-x lg-x y md-y lg-y\" id=\"image_586374146\">\n\t\t\t\t\t\t\t\t<div class=\"img-inner image-cover dark\" style=\"padding-top:70%;\">\n\t\t\t<img loading=\"lazy\" decoding=\"async\" width=\"1754\" height=\"1240\" src=\"https:\/\/simex.es\/wp-content\/uploads\/2022\/02\/Solution-Acropolis.png\" class=\"attachment-original size-original\" alt=\"\" srcset=\"https:\/\/simex.es\/wp-content\/uploads\/2022\/02\/Solution-Acropolis.png 1754w, https:\/\/simex.es\/wp-content\/uploads\/2022\/02\/Solution-Acropolis-510x361.png 510w, https:\/\/simex.es\/wp-content\/uploads\/2022\/02\/Solution-Acropolis-300x212.png 300w, https:\/\/simex.es\/wp-content\/uploads\/2022\/02\/Solution-Acropolis-1024x724.png 1024w, https:\/\/simex.es\/wp-content\/uploads\/2022\/02\/Solution-Acropolis-768x543.png 768w, https:\/\/simex.es\/wp-content\/uploads\/2022\/02\/Solution-Acropolis-1536x1086.png 1536w, https:\/\/simex.es\/wp-content\/uploads\/2022\/02\/Solution-Acropolis-600x424.png 600w\" sizes=\"auto, (max-width: 1754px) 100vw, 1754px\" \/>\t\t\t\t\t\t\n\t\t\t\t\t<\/div>\n\t\t\t\t\t\t\t\t\n<style>\n#image_586374146 {\n  width: 100%;\n}\n<\/style>\n\t<\/div>\n\t\n\t\t<\/div>\n\t\t\t\t\t<\/div>\n\n\t\n\n\t<div id=\"col-511586143\" class=\"col medium-10 small-12 large-10\"  >\n\t\t\t\t<div class=\"col-inner\"  >\n\t\t\t\n\t\t\t\n\t<div id=\"gap-1585605619\" class=\"gap-element clearfix\" style=\"display:block; height:auto;\">\n\t\t\n<style>\n#gap-1585605619 {\n  padding-top: 30px;\n}\n<\/style>\n\t<\/div>\n\t\n<p style=\"text-align: center;\"><span style=\"font-size: 110%;\">Proposition d&#8217;\u00e9quipement d&#8217;hygi\u00e8ne pour les magasins.<br \/>Ordre, hygi\u00e8ne et d\u00e9sinfection. Facile \u00e0 utiliser et \u00e0 installer et approuv\u00e9 selon les r\u00e9glementations en vigueur.<\/span><\/p>\n\t<div id=\"gap-626481200\" class=\"gap-element clearfix\" style=\"display:block; height:auto;\">\n\t\t\n<style>\n#gap-626481200 {\n  padding-top: 15px;\n}\n<\/style>\n\t<\/div>\n\t\n<h3 style=\"text-align: center;\"><span style=\"font-size: 150%;\">PRODUITS INCLUS<br \/>\n<\/span><\/h3>\n<div class=\"text-center\"><div class=\"is-divider divider clearfix\" style=\"max-width:80px;height:1px;background-color:rgb(102, 102, 102);\"><\/div><\/div>\n\t<div id=\"gap-552919368\" class=\"gap-element clearfix\" style=\"display:block; height:auto;\">\n\t\t\n<style>\n#gap-552919368 {\n  padding-top: 15px;\n}\n<\/style>\n\t<\/div>\n\t\n\t\t<\/div>\n\t\t\t\t\t<\/div>\n\n\t\n<\/div>\n<div class=\"row row-collapse row-full-width row-box-shadow-1\"  id=\"row-1633906078\">\n\n\t<div id=\"col-1252458320\" class=\"col medium-2 small-6 large-2\"  >\n\t\t\t\t<div class=\"col-inner\" style=\"background-color:rgb(255, 255, 255);\" >\n\t\t\t\n\t\t\t\n\t<div class=\"img has-hover x md-x lg-x y md-y lg-y\" id=\"image_1978628378\">\n\t\t<a class=\"\" href=\"https:\/\/simex.es\/fr\/generateur-dozone-mural\/\" target=\"_blank\" rel=\"noopener\" >\t\t\t\t\t\t<div class=\"img-inner dark\" >\n\t\t\t<img loading=\"lazy\" decoding=\"async\" width=\"801\" height=\"801\" src=\"https:\/\/simex.es\/wp-content\/uploads\/2022\/02\/Equipo-de-ozono-mural-de-acero-inox-satinado-Simex.jpg\" class=\"attachment-original size-original\" alt=\"\" srcset=\"https:\/\/simex.es\/wp-content\/uploads\/2022\/02\/Equipo-de-ozono-mural-de-acero-inox-satinado-Simex.jpg 801w, https:\/\/simex.es\/wp-content\/uploads\/2022\/02\/Equipo-de-ozono-mural-de-acero-inox-satinado-Simex-100x100.jpg 100w, https:\/\/simex.es\/wp-content\/uploads\/2022\/02\/Equipo-de-ozono-mural-de-acero-inox-satinado-Simex-510x510.jpg 510w, https:\/\/simex.es\/wp-content\/uploads\/2022\/02\/Equipo-de-ozono-mural-de-acero-inox-satinado-Simex-300x300.jpg 300w, https:\/\/simex.es\/wp-content\/uploads\/2022\/02\/Equipo-de-ozono-mural-de-acero-inox-satinado-Simex-150x150.jpg 150w, https:\/\/simex.es\/wp-content\/uploads\/2022\/02\/Equipo-de-ozono-mural-de-acero-inox-satinado-Simex-768x768.jpg 768w, https:\/\/simex.es\/wp-content\/uploads\/2022\/02\/Equipo-de-ozono-mural-de-acero-inox-satinado-Simex-600x600.jpg 600w\" sizes=\"auto, (max-width: 801px) 100vw, 801px\" \/>\t\t\t\t\t\t\n\t\t\t\t\t<\/div>\n\t\t\t\t\t\t<\/a>\t\t\n<style>\n#image_1978628378 {\n  width: 100%;\n}\n<\/style>\n\t<\/div>\n\t\n<p style=\"text-align: center;\"><strong>Ref. 01090<\/strong><\/p>\n\t\t<\/div>\n\t\t\t\t\t<\/div>\n\n\t\n\n\t<div id=\"col-1834774774\" class=\"col medium-2 small-6 large-2\"  >\n\t\t\t\t<div class=\"col-inner\" style=\"background-color:rgb(255, 255, 255);\" >\n\t\t\t\n\t\t\t\n\t<div class=\"img has-hover x md-x lg-x y md-y lg-y\" id=\"image_1937391409\">\n\t\t<a class=\"\" href=\"https:\/\/simex.es\/fr\/station-de-desinfection-liquide-gel\/\" target=\"_blank\" rel=\"noopener\" >\t\t\t\t\t\t<div class=\"img-inner dark\" >\n\t\t\t<img loading=\"lazy\" decoding=\"async\" width=\"1668\" height=\"1668\" src=\"https:\/\/simex.es\/wp-content\/uploads\/2020\/06\/04061-1.png\" class=\"attachment-original size-original\" alt=\"\" srcset=\"https:\/\/simex.es\/wp-content\/uploads\/2020\/06\/04061-1.png 1668w, https:\/\/simex.es\/wp-content\/uploads\/2020\/06\/04061-1-100x100.png 100w, https:\/\/simex.es\/wp-content\/uploads\/2020\/06\/04061-1-510x510.png 510w, https:\/\/simex.es\/wp-content\/uploads\/2020\/06\/04061-1-300x300.png 300w, https:\/\/simex.es\/wp-content\/uploads\/2020\/06\/04061-1-1024x1024.png 1024w, https:\/\/simex.es\/wp-content\/uploads\/2020\/06\/04061-1-150x150.png 150w, https:\/\/simex.es\/wp-content\/uploads\/2020\/06\/04061-1-768x768.png 768w, https:\/\/simex.es\/wp-content\/uploads\/2020\/06\/04061-1-1536x1536.png 1536w, https:\/\/simex.es\/wp-content\/uploads\/2020\/06\/04061-1-600x600.png 600w\" sizes=\"auto, (max-width: 1668px) 100vw, 1668px\" \/>\t\t\t\t\t\t\n\t\t\t\t\t<\/div>\n\t\t\t\t\t\t<\/a>\t\t\n<style>\n#image_1937391409 {\n  width: 100%;\n}\n<\/style>\n\t<\/div>\n\t\n<p style=\"text-align: center;\"><strong>Ref. 04061<\/strong><\/p>\n\t\t<\/div>\n\t\t\t\t\t<\/div>\n\n\t\n\n\t<div id=\"col-45677222\" class=\"col medium-2 small-6 large-2\"  >\n\t\t\t\t<div class=\"col-inner\" style=\"background-color:rgb(255, 255, 255);\" >\n\t\t\t\n\t\t\t\n\t<div class=\"img has-hover x md-x lg-x y md-y lg-y\" id=\"image_876226015\">\n\t\t<a class=\"\" href=\"https:\/\/simex.es\/fr\/gel-hydroalcoolique\/\" target=\"_blank\" rel=\"noopener\" >\t\t\t\t\t\t<div class=\"img-inner dark\" >\n\t\t\t<img loading=\"lazy\" decoding=\"async\" width=\"1668\" height=\"1668\" src=\"https:\/\/simex.es\/wp-content\/uploads\/2021\/01\/GEL-HIDROALCOHOLICO-5-LITROS.jpg\" class=\"attachment-original size-original\" alt=\"\" srcset=\"https:\/\/simex.es\/wp-content\/uploads\/2021\/01\/GEL-HIDROALCOHOLICO-5-LITROS.jpg 1668w, https:\/\/simex.es\/wp-content\/uploads\/2021\/01\/GEL-HIDROALCOHOLICO-5-LITROS-100x100.jpg 100w, https:\/\/simex.es\/wp-content\/uploads\/2021\/01\/GEL-HIDROALCOHOLICO-5-LITROS-510x510.jpg 510w, https:\/\/simex.es\/wp-content\/uploads\/2021\/01\/GEL-HIDROALCOHOLICO-5-LITROS-300x300.jpg 300w, https:\/\/simex.es\/wp-content\/uploads\/2021\/01\/GEL-HIDROALCOHOLICO-5-LITROS-1024x1024.jpg 1024w, https:\/\/simex.es\/wp-content\/uploads\/2021\/01\/GEL-HIDROALCOHOLICO-5-LITROS-150x150.jpg 150w, https:\/\/simex.es\/wp-content\/uploads\/2021\/01\/GEL-HIDROALCOHOLICO-5-LITROS-768x768.jpg 768w, https:\/\/simex.es\/wp-content\/uploads\/2021\/01\/GEL-HIDROALCOHOLICO-5-LITROS-1536x1536.jpg 1536w, https:\/\/simex.es\/wp-content\/uploads\/2021\/01\/GEL-HIDROALCOHOLICO-5-LITROS-600x600.jpg 600w\" sizes=\"auto, (max-width: 1668px) 100vw, 1668px\" \/>\t\t\t\t\t\t\n\t\t\t\t\t<\/div>\n\t\t\t\t\t\t<\/a>\t\t\n<style>\n#image_876226015 {\n  width: 100%;\n}\n<\/style>\n\t<\/div>\n\t\n<p style=\"text-align: center;\"><strong>Ref. 04067<\/strong><\/p>\n\t\t<\/div>\n\t\t\t\t\t<\/div>\n\n\t\n\n\t<div id=\"col-1388493522\" class=\"col medium-2 small-6 large-2\"  >\n\t\t\t\t<div class=\"col-inner\" style=\"background-color:rgb(255, 255, 255);\" >\n\t\t\t\n\t\t\t\n\t<div class=\"img has-hover x md-x lg-x y md-y lg-y\" id=\"image_1617251898\">\n\t\t<a class=\"\" href=\"https:\/\/simex.es\/fr\/station-de-desinfection-sur-la-table-liquide-gel\/\" target=\"_blank\" rel=\"noopener\" >\t\t\t\t\t\t<div class=\"img-inner dark\" >\n\t\t\t<img loading=\"lazy\" decoding=\"async\" width=\"1668\" height=\"1668\" src=\"https:\/\/simex.es\/wp-content\/uploads\/2020\/09\/estacion_desinfeccion_sobre_mesa_dosificador_automatico_gel_hidroalcoholico_simex.jpg\" class=\"attachment-original size-original\" alt=\"\" srcset=\"https:\/\/simex.es\/wp-content\/uploads\/2020\/09\/estacion_desinfeccion_sobre_mesa_dosificador_automatico_gel_hidroalcoholico_simex.jpg 1668w, https:\/\/simex.es\/wp-content\/uploads\/2020\/09\/estacion_desinfeccion_sobre_mesa_dosificador_automatico_gel_hidroalcoholico_simex-100x100.jpg 100w, https:\/\/simex.es\/wp-content\/uploads\/2020\/09\/estacion_desinfeccion_sobre_mesa_dosificador_automatico_gel_hidroalcoholico_simex-510x510.jpg 510w, https:\/\/simex.es\/wp-content\/uploads\/2020\/09\/estacion_desinfeccion_sobre_mesa_dosificador_automatico_gel_hidroalcoholico_simex-300x300.jpg 300w, https:\/\/simex.es\/wp-content\/uploads\/2020\/09\/estacion_desinfeccion_sobre_mesa_dosificador_automatico_gel_hidroalcoholico_simex-1024x1024.jpg 1024w, https:\/\/simex.es\/wp-content\/uploads\/2020\/09\/estacion_desinfeccion_sobre_mesa_dosificador_automatico_gel_hidroalcoholico_simex-150x150.jpg 150w, https:\/\/simex.es\/wp-content\/uploads\/2020\/09\/estacion_desinfeccion_sobre_mesa_dosificador_automatico_gel_hidroalcoholico_simex-768x768.jpg 768w, https:\/\/simex.es\/wp-content\/uploads\/2020\/09\/estacion_desinfeccion_sobre_mesa_dosificador_automatico_gel_hidroalcoholico_simex-1536x1536.jpg 1536w, https:\/\/simex.es\/wp-content\/uploads\/2020\/09\/estacion_desinfeccion_sobre_mesa_dosificador_automatico_gel_hidroalcoholico_simex-600x600.jpg 600w\" sizes=\"auto, (max-width: 1668px) 100vw, 1668px\" \/>\t\t\t\t\t\t\n\t\t\t\t\t<\/div>\n\t\t\t\t\t\t<\/a>\t\t\n<style>\n#image_1617251898 {\n  width: 100%;\n}\n<\/style>\n\t<\/div>\n\t\n<p style=\"text-align: center;\"><strong>Ref. 04068<\/strong><\/p>\n\t\t<\/div>\n\t\t\t\t\t<\/div>\n\n\t\n\n\t<div id=\"col-1614826552\" class=\"col medium-2 small-6 large-2\"  >\n\t\t\t\t<div class=\"col-inner\" style=\"background-color:rgb(255, 255, 255);\" >\n\t\t\t\n\t\t\t\n\t<div class=\"img has-hover x md-x lg-x y md-y lg-y\" id=\"image_1866235490\">\n\t\t<a class=\"\" href=\"https:\/\/simex.es\/fr\/poubelle-a-pedale-30l\/\" target=\"_blank\" rel=\"noopener\" >\t\t\t\t\t\t<div class=\"img-inner dark\" >\n\t\t\t<img loading=\"lazy\" decoding=\"async\" width=\"801\" height=\"801\" src=\"https:\/\/simex.es\/wp-content\/uploads\/2022\/02\/Papeler-Pedal-acero-inox.-Brillante-Simex.jpg\" class=\"attachment-original size-original\" alt=\"\" srcset=\"https:\/\/simex.es\/wp-content\/uploads\/2022\/02\/Papeler-Pedal-acero-inox.-Brillante-Simex.jpg 801w, https:\/\/simex.es\/wp-content\/uploads\/2022\/02\/Papeler-Pedal-acero-inox.-Brillante-Simex-100x100.jpg 100w, https:\/\/simex.es\/wp-content\/uploads\/2022\/02\/Papeler-Pedal-acero-inox.-Brillante-Simex-510x510.jpg 510w, https:\/\/simex.es\/wp-content\/uploads\/2022\/02\/Papeler-Pedal-acero-inox.-Brillante-Simex-300x300.jpg 300w, https:\/\/simex.es\/wp-content\/uploads\/2022\/02\/Papeler-Pedal-acero-inox.-Brillante-Simex-150x150.jpg 150w, https:\/\/simex.es\/wp-content\/uploads\/2022\/02\/Papeler-Pedal-acero-inox.-Brillante-Simex-768x768.jpg 768w, https:\/\/simex.es\/wp-content\/uploads\/2022\/02\/Papeler-Pedal-acero-inox.-Brillante-Simex-600x600.jpg 600w\" sizes=\"auto, (max-width: 801px) 100vw, 801px\" \/>\t\t\t\t\t\t\n\t\t\t\t\t<\/div>\n\t\t\t\t\t\t<\/a>\t\t\n<style>\n#image_1866235490 {\n  width: 100%;\n}\n<\/style>\n\t<\/div>\n\t\n<p style=\"text-align: center;\"><strong>Ref. 05061<\/strong><\/p>\n\t\t<\/div>\n\t\t\t\t\t<\/div>\n\n\t\n\n\t<div id=\"col-785810713\" class=\"col medium-2 small-6 large-2\"  >\n\t\t\t\t<div class=\"col-inner\" style=\"background-color:rgb(255, 255, 255);\" >\n\t\t\t\n\t\t\t\n\t<div class=\"img has-hover x md-x lg-x y md-y lg-y\" id=\"image_1597723874\">\n\t\t<a class=\"\" href=\"https:\/\/simex.es\/fr\/poteaux-guide-file\/\" target=\"_blank\" rel=\"noopener\" >\t\t\t\t\t\t<div class=\"img-inner dark\" >\n\t\t\t<img loading=\"lazy\" decoding=\"async\" width=\"1668\" height=\"1668\" src=\"https:\/\/simex.es\/wp-content\/uploads\/2020\/06\/08003-1.png\" class=\"attachment-original size-original\" alt=\"\" srcset=\"https:\/\/simex.es\/wp-content\/uploads\/2020\/06\/08003-1.png 1668w, https:\/\/simex.es\/wp-content\/uploads\/2020\/06\/08003-1-100x100.png 100w, https:\/\/simex.es\/wp-content\/uploads\/2020\/06\/08003-1-510x510.png 510w, https:\/\/simex.es\/wp-content\/uploads\/2020\/06\/08003-1-300x300.png 300w, https:\/\/simex.es\/wp-content\/uploads\/2020\/06\/08003-1-1024x1024.png 1024w, https:\/\/simex.es\/wp-content\/uploads\/2020\/06\/08003-1-150x150.png 150w, https:\/\/simex.es\/wp-content\/uploads\/2020\/06\/08003-1-768x768.png 768w, https:\/\/simex.es\/wp-content\/uploads\/2020\/06\/08003-1-1536x1536.png 1536w, https:\/\/simex.es\/wp-content\/uploads\/2020\/06\/08003-1-600x600.png 600w\" sizes=\"auto, (max-width: 1668px) 100vw, 1668px\" \/>\t\t\t\t\t\t\n\t\t\t\t\t<\/div>\n\t\t\t\t\t\t<\/a>\t\t\n<style>\n#image_1597723874 {\n  width: 100%;\n}\n<\/style>\n\t<\/div>\n\t\n<p style=\"text-align: center;\"><strong>Ref. 08003<\/strong><\/p>\n\t\t<\/div>\n\t\t\t\t\t<\/div>\n\n\t\n<\/div>\n<div class=\"row\"  id=\"row-975872785\">\n\n\t<div id=\"col-485696581\" class=\"col small-12 large-12\"  >\n\t\t\t\t<div class=\"col-inner\"  >\n\t\t\t\n\t\t\t\n<a href=\"https:\/\/simex.es\/wp-content\/uploads\/2022\/02\/Solution-Acropolis-1.pdf\" target=\"_blank\" class=\"button primary is-outline\" rel=\"noopener\" >\n\t\t<span>T\u00c9L\u00c9CHARGER SOLUTION<\/span>\n\t<\/a>\n\n\t\t<\/div>\n\t\t\t\t\t<\/div>\n\n\t\n<\/div>\n<div class=\"row align-center\"  id=\"row-940390657\">\n\n\t<div id=\"col-518066800\" class=\"col medium-6 small-12 large-6\"  >\n\t\t\t\t<div class=\"col-inner\"  >\n\t\t\t\n\t\t\t\n<div class=\"container section-title-container\" ><h3 class=\"section-title section-title-center\"><b aria-hidden=\"true\"><\/b><span class=\"section-title-main\" style=\"color:rgb(255, 81, 0);\"><i class=\"icon-envelop\" aria-hidden=\"true\"><\/i>CETTE SOLUTION M'INT\u00c9RESSE<\/span><b aria-hidden=\"true\"><\/b><\/h3><\/div>\n\n<div class=\"wpcf7 no-js\" id=\"wpcf7-f85314-o1\" lang=\"es-ES\" dir=\"ltr\" data-wpcf7-id=\"85314\">\n<div class=\"screen-reader-response\"><p role=\"status\" aria-live=\"polite\" aria-atomic=\"true\"><\/p> <ul><\/ul><\/div>\n<form action=\"\/fr\/wp-json\/wp\/v2\/pages\/86314#wpcf7-f85314-o1\" method=\"post\" class=\"wpcf7-form init\" aria-label=\"Formulario de contacto\" novalidate=\"novalidate\" data-status=\"init\">\n<fieldset class=\"hidden-fields-container\"><input type=\"hidden\" name=\"_wpcf7\" value=\"85314\" \/><input type=\"hidden\" name=\"_wpcf7_version\" value=\"6.1.5\" \/><input type=\"hidden\" name=\"_wpcf7_locale\" value=\"es_ES\" \/><input type=\"hidden\" name=\"_wpcf7_unit_tag\" value=\"wpcf7-f85314-o1\" \/><input type=\"hidden\" name=\"_wpcf7_container_post\" value=\"0\" \/><input type=\"hidden\" name=\"_wpcf7_posted_data_hash\" value=\"\" \/><input type=\"hidden\" name=\"_wpcf7_recaptcha_response\" value=\"\" \/>\n<\/fieldset>\n<div id=\"responsive-form\" class=\"clearfix\">\n\t<div class=\"column-half\">\n\t\t<p>PR\u00c9NOM ET NOM DE FAMILLE* <span class=\"wpcf7-form-control-wrap\" data-name=\"nombre\"><input size=\"40\" maxlength=\"400\" class=\"wpcf7-form-control wpcf7-text wpcf7-validates-as-required\" aria-required=\"true\" aria-invalid=\"false\" value=\"\" type=\"text\" name=\"nombre\" \/><\/span>\n\t\t<\/p>\n\t<\/div>\n\t<div class=\"column-half\">\n\t\t<p>SOCI\u00c9T\u00c9* <span class=\"wpcf7-form-control-wrap\" data-name=\"empresa\"><input size=\"40\" maxlength=\"400\" class=\"wpcf7-form-control wpcf7-text wpcf7-validates-as-required\" aria-required=\"true\" aria-invalid=\"false\" value=\"\" type=\"text\" name=\"empresa\" \/><\/span>\n\t\t<\/p>\n\t<\/div>\n\t<div class=\"column-half\">\n\t\t<p>T\u00c9L\u00c9PHONE* <span class=\"wpcf7-form-control-wrap\" data-name=\"telefono\"><input size=\"40\" maxlength=\"400\" class=\"wpcf7-form-control wpcf7-text wpcf7-validates-as-required\" aria-required=\"true\" aria-invalid=\"false\" value=\"\" type=\"text\" name=\"telefono\" \/><\/span>\n\t\t<\/p>\n\t<\/div>\n\t<div class=\"column-half\">\n\t\t<p>VOTRE EMAIL* <span class=\"wpcf7-form-control-wrap\" data-name=\"email\"><input size=\"40\" maxlength=\"400\" class=\"wpcf7-form-control wpcf7-email wpcf7-validates-as-required wpcf7-text wpcf7-validates-as-email\" aria-required=\"true\" aria-invalid=\"false\" value=\"\" type=\"email\" name=\"email\" \/><\/span>\n\t\t<\/p>\n\t<\/div>\n\t<div class=\"form-row\">\n\t\t<div class=\"column-full\">\n\t\t\t<p><span class=\"wpcf7-form-control-wrap\" data-name=\"mensaje\"><textarea cols=\"40\" rows=\"10\" maxlength=\"2000\" class=\"wpcf7-form-control wpcf7-textarea\" aria-invalid=\"false\" placeholder=\"COMMENTAIRE\" name=\"mensaje\"><\/textarea><\/span>\n\t\t\t<\/p>\n\t\t<\/div>\n\t<\/div>\n\t<div class=\"form-row\">\n\t\t<div class=\"column-full\">\n\t\t\t<p><span class=\"wpcf7-form-control-wrap\" data-name=\"acceptance-394\"><span class=\"wpcf7-form-control wpcf7-acceptance\"><span class=\"wpcf7-list-item\"><label><input type=\"checkbox\" name=\"acceptance-394\" value=\"1\" aria-invalid=\"false\" \/><span class=\"wpcf7-list-item-label\">J'accepte la <a href=\"https:\/\/simex.es\/politica-de-privacidad\/\"><u>Politique de Confidentialit\u00e9<\/u><\/a><\/span><\/label><\/span><\/span><\/span>\n\t\t\t<\/p>\n\t\t<\/div>\n\t<\/div>\n\t<div class=\"column-full\">\n\t\t<p><input class=\"wpcf7-form-control wpcf7-submit has-spinner\" type=\"submit\" value=\"Envoyer\" \/>\n\t\t<\/p>\n\t<\/div>\n<\/div>\n\n<!--end responsive-form--><div class=\"wpcf7-response-output\" aria-hidden=\"true\"><\/div>\n<\/form>\n<\/div>\n\n\t\t<\/div>\n\t\t\t\t\t<\/div>\n\n\t\n\n<style>\n#row-940390657 > .col > .col-inner {\n  padding: 40px 0px 0px 0px;\n}\n<\/style>\n<\/div>\n","protected":false},"excerpt":{"rendered":"","protected":false},"author":5,"featured_media":0,"parent":0,"menu_order":0,"comment_status":"closed","ping_status":"closed","template":"","meta":{"footnotes":""},"class_list":["post-86314","page","type-page","status-publish","hentry"],"_links":{"self":[{"href":"https:\/\/simex.es\/fr\/wp-json\/wp\/v2\/pages\/86314","targetHints":{"allow":["GET"]}}],"collection":[{"href":"https:\/\/simex.es\/fr\/wp-json\/wp\/v2\/pages"}],"about":[{"href":"https:\/\/simex.es\/fr\/wp-json\/wp\/v2\/types\/page"}],"author":[{"embeddable":true,"href":"https:\/\/simex.es\/fr\/wp-json\/wp\/v2\/users\/5"}],"replies":[{"embeddable":true,"href":"https:\/\/simex.es\/fr\/wp-json\/wp\/v2\/comments?post=86314"}],"version-history":[{"count":0,"href":"https:\/\/simex.es\/fr\/wp-json\/wp\/v2\/pages\/86314\/revisions"}],"wp:attachment":[{"href":"https:\/\/simex.es\/fr\/wp-json\/wp\/v2\/media?parent=86314"}],"curies":[{"name":"wp","href":"https:\/\/api.w.org\/{rel}","templated":true}]}}