{"id":84548,"date":"2020-03-07T22:52:18","date_gmt":"2020-03-07T22:52:18","guid":{"rendered":"https:\/\/simex.es\/solucion-coliseum\/"},"modified":"2023-03-01T16:01:38","modified_gmt":"2023-03-01T15:01:38","slug":"solucion-coliseum","status":"publish","type":"page","link":"https:\/\/simex.es\/fr\/solucion-coliseum\/","title":{"rendered":"COLISEUM"},"content":{"rendered":"<div class=\"row row-collapse align-center\"  id=\"row-1283967834\">\n\n\t<div id=\"col-194295866\" class=\"col small-12 large-12\"  >\n\t\t\t\t<div class=\"col-inner\"  >\n\t\t\t\n\t\t\t\n\t<div class=\"img has-hover x md-x lg-x y md-y lg-y\" id=\"image_149534926\">\n\t\t\t\t\t\t\t\t<div class=\"img-inner image-cover dark\" style=\"padding-top:70%;\">\n\t\t\t<img loading=\"lazy\" decoding=\"async\" width=\"1754\" height=\"1240\" src=\"https:\/\/simex.es\/wp-content\/uploads\/2022\/02\/Solution-Coliseum.png\" class=\"attachment-original size-original\" alt=\"\" srcset=\"https:\/\/simex.es\/wp-content\/uploads\/2022\/02\/Solution-Coliseum.png 1754w, https:\/\/simex.es\/wp-content\/uploads\/2022\/02\/Solution-Coliseum-510x361.png 510w, https:\/\/simex.es\/wp-content\/uploads\/2022\/02\/Solution-Coliseum-300x212.png 300w, https:\/\/simex.es\/wp-content\/uploads\/2022\/02\/Solution-Coliseum-1024x724.png 1024w, https:\/\/simex.es\/wp-content\/uploads\/2022\/02\/Solution-Coliseum-768x543.png 768w, https:\/\/simex.es\/wp-content\/uploads\/2022\/02\/Solution-Coliseum-1536x1086.png 1536w, https:\/\/simex.es\/wp-content\/uploads\/2022\/02\/Solution-Coliseum-600x424.png 600w\" sizes=\"auto, (max-width: 1754px) 100vw, 1754px\" \/>\t\t\t\t\t\t\n\t\t\t\t\t<\/div>\n\t\t\t\t\t\t\t\t\n<style>\n#image_149534926 {\n  width: 100%;\n}\n<\/style>\n\t<\/div>\n\t\n\t\t<\/div>\n\t\t\t\t\t<\/div>\n\n\t\n\n\t<div id=\"col-2139236859\" class=\"col small-12 large-12\"  >\n\t\t\t\t<div class=\"col-inner\"  >\n\t\t\t\n\t\t\t\n\t<div id=\"gap-1063059338\" class=\"gap-element clearfix\" style=\"display:block; height:auto;\">\n\t\t\n<style>\n#gap-1063059338 {\n  padding-top: 30px;\n}\n<\/style>\n\t<\/div>\n\t\n<p style=\"text-align: center;\"><span style=\"font-size: 110%;\">Proposition de salle de bain \u00e9quip\u00e9e de la gamme compl\u00e8te d&#8217;accessoires de salle de bain Black Classic.<br \/>\nProduits design fabriqu\u00e9s en acier inoxydable avec finition noir mat.<\/span><\/p>\n\t<div id=\"gap-1108878038\" class=\"gap-element clearfix\" style=\"display:block; height:auto;\">\n\t\t\n<style>\n#gap-1108878038 {\n  padding-top: 15px;\n}\n<\/style>\n\t<\/div>\n\t\n<h3 style=\"text-align: center;\"><span style=\"font-size: 150%;\">PRODUITS INCLUS<\/span><\/h3>\n<div class=\"text-center\"><div class=\"is-divider divider clearfix\" style=\"max-width:80px;height:1px;background-color:rgb(102, 102, 102);\"><\/div><\/div>\n\t<div id=\"gap-1722033661\" class=\"gap-element clearfix\" style=\"display:block; height:auto;\">\n\t\t\n<style>\n#gap-1722033661 {\n  padding-top: 15px;\n}\n<\/style>\n\t<\/div>\n\t\n\t\t<\/div>\n\t\t\t\t\t<\/div>\n\n\t\n<\/div>\n<div class=\"row row-collapse row-full-width row-box-shadow-1\"  id=\"row-1159745279\">\n\n\t<div id=\"col-1869940402\" class=\"col medium-2 small-6 large-2\"  >\n\t\t\t\t<div class=\"col-inner\" style=\"background-color:rgb(255, 255, 255);\" >\n\t\t\t\n\t\t\t\n\t<div class=\"img has-hover x md-x lg-x y md-y lg-y\" id=\"image_192832694\">\n\t\t<a class=\"\" href=\"https:\/\/simex.es\/fr\/etagere-pour-serviette-avec-barre-inferieure-black-classic\/\" target=\"_blank\" rel=\"noopener\" >\t\t\t\t\t\t<div class=\"img-inner image-cover dark\" style=\"padding-top:100%;\">\n\t\t\t<img loading=\"lazy\" decoding=\"async\" width=\"210\" height=\"210\" src=\"https:\/\/simex.es\/wp-content\/uploads\/2020\/03\/05156.png\" class=\"attachment-original size-original\" alt=\"\" srcset=\"https:\/\/simex.es\/wp-content\/uploads\/2020\/03\/05156.png 210w, https:\/\/simex.es\/wp-content\/uploads\/2020\/03\/05156-100x100.png 100w, https:\/\/simex.es\/wp-content\/uploads\/2020\/03\/05156-150x150.png 150w\" sizes=\"auto, (max-width: 210px) 100vw, 210px\" \/>\t\t\t\t\t\t\n\t\t\t\t\t<\/div>\n\t\t\t\t\t\t<\/a>\t\t\n<style>\n#image_192832694 {\n  width: 100%;\n}\n<\/style>\n\t<\/div>\n\t\n<p style=\"text-align: center;\"><strong>Ref. 05156<\/strong><\/p>\n\t\t<\/div>\n\t\t\t\t\t<\/div>\n\n\t\n\n\t<div id=\"col-1753974363\" class=\"col medium-2 small-6 large-2\"  >\n\t\t\t\t<div class=\"col-inner\" style=\"background-color:rgb(255, 255, 255);\" >\n\t\t\t\n\t\t\t\n\t<div class=\"img has-hover x md-x lg-x y md-y lg-y\" id=\"image_1538212867\">\n\t\t<a class=\"\" href=\"https:\/\/simex.es\/fr\/porte-papier-de-reserve-black-classic\/\" target=\"_blank\" rel=\"noopener\" >\t\t\t\t\t\t<div class=\"img-inner dark\" >\n\t\t\t<img loading=\"lazy\" decoding=\"async\" width=\"210\" height=\"210\" src=\"https:\/\/simex.es\/wp-content\/uploads\/2020\/03\/05157.png\" class=\"attachment-original size-original\" alt=\"\" srcset=\"https:\/\/simex.es\/wp-content\/uploads\/2020\/03\/05157.png 210w, https:\/\/simex.es\/wp-content\/uploads\/2020\/03\/05157-100x100.png 100w, https:\/\/simex.es\/wp-content\/uploads\/2020\/03\/05157-150x150.png 150w\" sizes=\"auto, (max-width: 210px) 100vw, 210px\" \/>\t\t\t\t\t\t\n\t\t\t\t\t<\/div>\n\t\t\t\t\t\t<\/a>\t\t\n<style>\n#image_1538212867 {\n  width: 100%;\n}\n<\/style>\n\t<\/div>\n\t\n<p style=\"text-align: center;\"><strong>Ref. 05157<\/strong><\/p>\n\t\t<\/div>\n\t\t\t\t\t<\/div>\n\n\t\n\n\t<div id=\"col-217057793\" class=\"col medium-2 small-6 large-2\"  >\n\t\t\t\t<div class=\"col-inner\" style=\"background-color:rgb(255, 255, 255);\" >\n\t\t\t\n\t\t\t\n\t<div class=\"img has-hover x md-x lg-x y md-y lg-y\" id=\"image_1715063137\">\n\t\t<a class=\"\" href=\"https:\/\/simex.es\/fr\/porte-balai-wc-black-classic\/\" target=\"_blank\" rel=\"noopener\" >\t\t\t\t\t\t<div class=\"img-inner image-cover dark\" style=\"padding-top:100%;\">\n\t\t\t<img loading=\"lazy\" decoding=\"async\" width=\"210\" height=\"210\" src=\"https:\/\/simex.es\/wp-content\/uploads\/2020\/03\/05159.png\" class=\"attachment-original size-original\" alt=\"\" srcset=\"https:\/\/simex.es\/wp-content\/uploads\/2020\/03\/05159.png 210w, https:\/\/simex.es\/wp-content\/uploads\/2020\/03\/05159-100x100.png 100w, https:\/\/simex.es\/wp-content\/uploads\/2020\/03\/05159-150x150.png 150w\" sizes=\"auto, (max-width: 210px) 100vw, 210px\" \/>\t\t\t\t\t\t\n\t\t\t\t\t<\/div>\n\t\t\t\t\t\t<\/a>\t\t\n<style>\n#image_1715063137 {\n  width: 100%;\n}\n<\/style>\n\t<\/div>\n\t\n<p style=\"text-align: center;\"><strong>Ref. 05159<\/strong><\/p>\n\t\t<\/div>\n\t\t\t\t\t<\/div>\n\n\t\n\n\t<div id=\"col-294713449\" class=\"col medium-2 small-6 large-2\"  >\n\t\t\t\t<div class=\"col-inner\" style=\"background-color:rgb(255, 255, 255);\" >\n\t\t\t\n\t\t\t\n\t<div class=\"img has-hover x md-x lg-x y md-y lg-y\" id=\"image_1113049385\">\n\t\t<a class=\"\" href=\"https:\/\/simex.es\/fr\/miroir-carre-avec-bras-orientable-x3-zoom-premium\/\" target=\"_blank\" rel=\"noopener\" >\t\t\t\t\t\t<div class=\"img-inner image-cover dark\" style=\"padding-top:100%;\">\n\t\t\t<img loading=\"lazy\" decoding=\"async\" width=\"210\" height=\"210\" src=\"https:\/\/simex.es\/wp-content\/uploads\/2020\/03\/05183.png\" class=\"attachment-original size-original\" alt=\"\" srcset=\"https:\/\/simex.es\/wp-content\/uploads\/2020\/03\/05183.png 210w, https:\/\/simex.es\/wp-content\/uploads\/2020\/03\/05183-100x100.png 100w, https:\/\/simex.es\/wp-content\/uploads\/2020\/03\/05183-150x150.png 150w\" sizes=\"auto, (max-width: 210px) 100vw, 210px\" \/>\t\t\t\t\t\t\n\t\t\t\t\t<\/div>\n\t\t\t\t\t\t<\/a>\t\t\n<style>\n#image_1113049385 {\n  width: 100%;\n}\n<\/style>\n\t<\/div>\n\t\n<p style=\"text-align: center;\"><strong>Ref. 05183<\/strong><\/p>\n\t\t<\/div>\n\t\t\t\t\t<\/div>\n\n\t\n\n\t<div id=\"col-1920066712\" class=\"col medium-2 small-6 large-2\"  >\n\t\t\t\t<div class=\"col-inner\" style=\"background-color:rgb(255, 255, 255);\" >\n\t\t\t\n\t\t\t\n\t<div class=\"img has-hover x md-x lg-x y md-y lg-y\" id=\"image_1144005436\">\n\t\t<a class=\"\" href=\"https:\/\/simex.es\/fr\/porte-savon-rectangulaire-2\/\" target=\"_blank\" rel=\"noopener\" >\t\t\t\t\t\t<div class=\"img-inner image-cover dark\" style=\"padding-top:100%;\">\n\t\t\t<img loading=\"lazy\" decoding=\"async\" width=\"210\" height=\"210\" src=\"https:\/\/simex.es\/wp-content\/uploads\/2020\/03\/05184.png\" class=\"attachment-original size-original\" alt=\"\" srcset=\"https:\/\/simex.es\/wp-content\/uploads\/2020\/03\/05184.png 210w, https:\/\/simex.es\/wp-content\/uploads\/2020\/03\/05184-100x100.png 100w, https:\/\/simex.es\/wp-content\/uploads\/2020\/03\/05184-150x150.png 150w\" sizes=\"auto, (max-width: 210px) 100vw, 210px\" \/>\t\t\t\t\t\t\n\t\t\t\t\t<\/div>\n\t\t\t\t\t\t<\/a>\t\t\n<style>\n#image_1144005436 {\n  width: 100%;\n}\n<\/style>\n\t<\/div>\n\t\n<p style=\"text-align: center;\"><strong>Ref. 05184<\/strong><\/p>\n\t\t<\/div>\n\t\t\t\t\t<\/div>\n\n\t\n\n\t<div id=\"col-1260950516\" class=\"col medium-2 small-6 large-2\"  >\n\t\t\t\t<div class=\"col-inner\" style=\"background-color:rgb(255, 255, 255);\" >\n\t\t\t\n\t\t\t\n\t<div class=\"img has-hover x md-x lg-x y md-y lg-y\" id=\"image_367064745\">\n\t\t<a class=\"\" href=\"https:\/\/simex.es\/fr\/poubelle-a-pedale-premium-5l\/\" target=\"_blank\" rel=\"noopener\" >\t\t\t\t\t\t<div class=\"img-inner image-cover dark\" style=\"padding-top:100%;\">\n\t\t\t<img loading=\"lazy\" decoding=\"async\" width=\"210\" height=\"210\" src=\"https:\/\/simex.es\/wp-content\/uploads\/2020\/03\/07046.png\" class=\"attachment-original size-original\" alt=\"\" srcset=\"https:\/\/simex.es\/wp-content\/uploads\/2020\/03\/07046.png 210w, https:\/\/simex.es\/wp-content\/uploads\/2020\/03\/07046-100x100.png 100w, https:\/\/simex.es\/wp-content\/uploads\/2020\/03\/07046-150x150.png 150w\" sizes=\"auto, (max-width: 210px) 100vw, 210px\" \/>\t\t\t\t\t\t\n\t\t\t\t\t<\/div>\n\t\t\t\t\t\t<\/a>\t\t\n<style>\n#image_367064745 {\n  width: 100%;\n}\n<\/style>\n\t<\/div>\n\t\n<p style=\"text-align: center;\"><strong>Ref. 07046<\/strong><\/p>\n\t\t<\/div>\n\t\t\t\t\t<\/div>\n\n\t\n<\/div>\n<div class=\"row row-collapse row-full-width row-box-shadow-1\"  id=\"row-480976233\">\n\n\t<div id=\"col-60093725\" class=\"col medium-2 small-6 large-2\"  >\n\t\t\t\t<div class=\"col-inner\" style=\"background-color:rgb(255, 255, 255);\" >\n\t\t\t\n\t\t\t\n\t<div class=\"img has-hover x md-x lg-x y md-y lg-y\" id=\"image_2015946234\">\n\t\t<a class=\"\" href=\"https:\/\/simex.es\/fr\/seche-cheveux-airtop-1-800-w\/\" target=\"_blank\" rel=\"noopener\" >\t\t\t\t\t\t<div class=\"img-inner dark\" >\n\t\t\t<img loading=\"lazy\" decoding=\"async\" width=\"210\" height=\"211\" src=\"https:\/\/simex.es\/wp-content\/uploads\/2020\/03\/01070.png\" class=\"attachment-original size-original\" alt=\"\" srcset=\"https:\/\/simex.es\/wp-content\/uploads\/2020\/03\/01070.png 210w, https:\/\/simex.es\/wp-content\/uploads\/2020\/03\/01070-100x100.png 100w, https:\/\/simex.es\/wp-content\/uploads\/2020\/03\/01070-150x150.png 150w\" sizes=\"auto, (max-width: 210px) 100vw, 210px\" \/>\t\t\t\t\t\t\n\t\t\t\t\t<\/div>\n\t\t\t\t\t\t<\/a>\t\t\n<style>\n#image_2015946234 {\n  width: 100%;\n}\n<\/style>\n\t<\/div>\n\t\n<p style=\"text-align: center;\"><strong>Ref. 01070<\/strong><\/p>\n\t\t<\/div>\n\t\t\t\t\t<\/div>\n\n\t\n\n\t<div id=\"col-1927433441\" class=\"col medium-2 small-6 large-2\"  >\n\t\t\t\t<div class=\"col-inner\" style=\"background-color:rgb(255, 255, 255);\" >\n\t\t\t\n\t\t\t\n\t<div class=\"img has-hover x md-x lg-x y md-y lg-y\" id=\"image_1878237897\">\n\t\t<a class=\"\" href=\"https:\/\/simex.es\/fr\/etagere-en-verre-black-classic\/\" target=\"_blank\" rel=\"noopener\" >\t\t\t\t\t\t<div class=\"img-inner dark\" >\n\t\t\t<img loading=\"lazy\" decoding=\"async\" width=\"210\" height=\"210\" src=\"https:\/\/simex.es\/wp-content\/uploads\/2020\/03\/05149.png\" class=\"attachment-original size-original\" alt=\"\" srcset=\"https:\/\/simex.es\/wp-content\/uploads\/2020\/03\/05149.png 210w, https:\/\/simex.es\/wp-content\/uploads\/2020\/03\/05149-100x100.png 100w, https:\/\/simex.es\/wp-content\/uploads\/2020\/03\/05149-150x150.png 150w\" sizes=\"auto, (max-width: 210px) 100vw, 210px\" \/>\t\t\t\t\t\t\n\t\t\t\t\t<\/div>\n\t\t\t\t\t\t<\/a>\t\t\n<style>\n#image_1878237897 {\n  width: 100%;\n}\n<\/style>\n\t<\/div>\n\t\n<p style=\"text-align: center;\"><strong>Ref. 05149<\/strong><\/p>\n\t\t<\/div>\n\t\t\t\t\t<\/div>\n\n\t\n\n\t<div id=\"col-456223126\" class=\"col medium-2 small-6 large-2\"  >\n\t\t\t\t<div class=\"col-inner\" style=\"background-color:rgb(255, 255, 255);\" >\n\t\t\t\n\t\t\t\n\t<div class=\"img has-hover x md-x lg-x y md-y lg-y\" id=\"image_1011095313\">\n\t\t<a class=\"\" href=\"https:\/\/simex.es\/fr\/porte-serviettes-black-classic\/\" target=\"_blank\" rel=\"noopener\" >\t\t\t\t\t\t<div class=\"img-inner dark\" >\n\t\t\t<img loading=\"lazy\" decoding=\"async\" width=\"210\" height=\"210\" src=\"https:\/\/simex.es\/wp-content\/uploads\/2020\/03\/05151.png\" class=\"attachment-original size-original\" alt=\"\" srcset=\"https:\/\/simex.es\/wp-content\/uploads\/2020\/03\/05151.png 210w, https:\/\/simex.es\/wp-content\/uploads\/2020\/03\/05151-100x100.png 100w, https:\/\/simex.es\/wp-content\/uploads\/2020\/03\/05151-150x150.png 150w\" sizes=\"auto, (max-width: 210px) 100vw, 210px\" \/>\t\t\t\t\t\t\n\t\t\t\t\t<\/div>\n\t\t\t\t\t\t<\/a>\t\t\n<style>\n#image_1011095313 {\n  width: 100%;\n}\n<\/style>\n\t<\/div>\n\t\n<p style=\"text-align: center;\"><strong>Ref. 05151<\/strong><\/p>\n\t\t<\/div>\n\t\t\t\t\t<\/div>\n\n\t\n\n\t<div id=\"col-1105543924\" class=\"col medium-2 small-6 large-2\"  >\n\t\t\t\t<div class=\"col-inner\" style=\"background-color:rgb(255, 255, 255);\" >\n\t\t\t\n\t\t\t\n\t<div class=\"img has-hover x md-x lg-x y md-y lg-y\" id=\"image_172325458\">\n\t\t<a class=\"\" href=\"https:\/\/simex.es\/fr\/crochet-black-classic\/\" target=\"_blank\" rel=\"noopener\" >\t\t\t\t\t\t<div class=\"img-inner image-cover dark\" style=\"padding-top:100%;\">\n\t\t\t<img loading=\"lazy\" decoding=\"async\" width=\"210\" height=\"210\" src=\"https:\/\/simex.es\/wp-content\/uploads\/2020\/03\/05153.png\" class=\"attachment-original size-original\" alt=\"\" srcset=\"https:\/\/simex.es\/wp-content\/uploads\/2020\/03\/05153.png 210w, https:\/\/simex.es\/wp-content\/uploads\/2020\/03\/05153-100x100.png 100w, https:\/\/simex.es\/wp-content\/uploads\/2020\/03\/05153-150x150.png 150w\" sizes=\"auto, (max-width: 210px) 100vw, 210px\" \/>\t\t\t\t\t\t\n\t\t\t\t\t<\/div>\n\t\t\t\t\t\t<\/a>\t\t\n<style>\n#image_172325458 {\n  width: 100%;\n}\n<\/style>\n\t<\/div>\n\t\n<p style=\"text-align: center;\"><strong>Ref. 05153<\/strong><\/p>\n\t\t<\/div>\n\t\t\t\t\t<\/div>\n\n\t\n\n\t<div id=\"col-1144839375\" class=\"col medium-2 small-6 large-2\"  >\n\t\t\t\t<div class=\"col-inner\" style=\"background-color:rgb(255, 255, 255);\" >\n\t\t\t\n\t\t\t\n\t<div class=\"img has-hover x md-x lg-x y md-y lg-y\" id=\"image_17419467\">\n\t\t<a class=\"\" href=\"https:\/\/simex.es\/fr\/porte-papier-avec-couvercle-black-classic\/\" target=\"_blank\" rel=\"noopener\" >\t\t\t\t\t\t<div class=\"img-inner dark\" >\n\t\t\t<img loading=\"lazy\" decoding=\"async\" width=\"210\" height=\"210\" src=\"https:\/\/simex.es\/wp-content\/uploads\/2020\/03\/05154.png\" class=\"attachment-original size-original\" alt=\"\" srcset=\"https:\/\/simex.es\/wp-content\/uploads\/2020\/03\/05154.png 210w, https:\/\/simex.es\/wp-content\/uploads\/2020\/03\/05154-100x100.png 100w, https:\/\/simex.es\/wp-content\/uploads\/2020\/03\/05154-150x150.png 150w\" sizes=\"auto, (max-width: 210px) 100vw, 210px\" \/>\t\t\t\t\t\t\n\t\t\t\t\t<\/div>\n\t\t\t\t\t\t<\/a>\t\t\n<style>\n#image_17419467 {\n  width: 100%;\n}\n<\/style>\n\t<\/div>\n\t\n<p style=\"text-align: center;\"><strong>Ref. 05154<\/strong><\/p>\n\t\t<\/div>\n\t\t\t\t\t<\/div>\n\n\t\n<\/div>\n<div class=\"row\"  id=\"row-281979481\">\n\n\t<div id=\"col-130984152\" class=\"col small-12 large-12\"  >\n\t\t\t\t<div class=\"col-inner\"  >\n\t\t\t\n\t\t\t\n<a href=\"https:\/\/simex.es\/wp-content\/uploads\/2022\/02\/Solution-Coliseum-1.pdf\" target=\"_blank\" class=\"button primary is-outline\" rel=\"noopener\" >\n\t\t<span>T\u00e9l\u00e9charger Solution<\/span>\n\t<\/a>\n\n\t\t<\/div>\n\t\t\t\t\t<\/div>\n\n\t\n<\/div>\n<div class=\"row align-center\"  id=\"row-1932026381\">\n\n\t<div id=\"col-1629748298\" class=\"col medium-6 small-12 large-6\"  >\n\t\t\t\t<div class=\"col-inner\"  >\n\t\t\t\n\t\t\t\n<div class=\"container section-title-container\" ><h3 class=\"section-title section-title-center\"><b aria-hidden=\"true\"><\/b><span class=\"section-title-main\" style=\"color:rgb(255, 81, 0);\"><i class=\"icon-envelop\" aria-hidden=\"true\"><\/i>Cette solution m'int\u00e9resse<\/span><b aria-hidden=\"true\"><\/b><\/h3><\/div>\n\n<div class=\"wpcf7 no-js\" id=\"wpcf7-f85314-o1\" lang=\"es-ES\" dir=\"ltr\" data-wpcf7-id=\"85314\">\n<div class=\"screen-reader-response\"><p role=\"status\" aria-live=\"polite\" aria-atomic=\"true\"><\/p> <ul><\/ul><\/div>\n<form action=\"\/fr\/wp-json\/wp\/v2\/pages\/84548#wpcf7-f85314-o1\" method=\"post\" class=\"wpcf7-form init\" aria-label=\"Formulario de contacto\" novalidate=\"novalidate\" data-status=\"init\">\n<fieldset class=\"hidden-fields-container\"><input type=\"hidden\" name=\"_wpcf7\" value=\"85314\" \/><input type=\"hidden\" name=\"_wpcf7_version\" value=\"6.1.5\" \/><input type=\"hidden\" name=\"_wpcf7_locale\" value=\"es_ES\" \/><input type=\"hidden\" name=\"_wpcf7_unit_tag\" value=\"wpcf7-f85314-o1\" \/><input type=\"hidden\" name=\"_wpcf7_container_post\" value=\"0\" \/><input type=\"hidden\" name=\"_wpcf7_posted_data_hash\" value=\"\" \/><input type=\"hidden\" name=\"_wpcf7_recaptcha_response\" value=\"\" \/>\n<\/fieldset>\n<div id=\"responsive-form\" class=\"clearfix\">\n\t<div class=\"column-half\">\n\t\t<p>PR\u00c9NOM ET NOM DE FAMILLE* <span class=\"wpcf7-form-control-wrap\" data-name=\"nombre\"><input size=\"40\" maxlength=\"400\" class=\"wpcf7-form-control wpcf7-text wpcf7-validates-as-required\" aria-required=\"true\" aria-invalid=\"false\" value=\"\" type=\"text\" name=\"nombre\" \/><\/span>\n\t\t<\/p>\n\t<\/div>\n\t<div class=\"column-half\">\n\t\t<p>SOCI\u00c9T\u00c9* <span class=\"wpcf7-form-control-wrap\" data-name=\"empresa\"><input size=\"40\" maxlength=\"400\" class=\"wpcf7-form-control wpcf7-text wpcf7-validates-as-required\" aria-required=\"true\" aria-invalid=\"false\" value=\"\" type=\"text\" name=\"empresa\" \/><\/span>\n\t\t<\/p>\n\t<\/div>\n\t<div class=\"column-half\">\n\t\t<p>T\u00c9L\u00c9PHONE* <span class=\"wpcf7-form-control-wrap\" data-name=\"telefono\"><input size=\"40\" maxlength=\"400\" class=\"wpcf7-form-control wpcf7-text wpcf7-validates-as-required\" aria-required=\"true\" aria-invalid=\"false\" value=\"\" type=\"text\" name=\"telefono\" \/><\/span>\n\t\t<\/p>\n\t<\/div>\n\t<div class=\"column-half\">\n\t\t<p>VOTRE EMAIL* <span class=\"wpcf7-form-control-wrap\" data-name=\"email\"><input size=\"40\" maxlength=\"400\" class=\"wpcf7-form-control wpcf7-email wpcf7-validates-as-required wpcf7-text wpcf7-validates-as-email\" aria-required=\"true\" aria-invalid=\"false\" value=\"\" type=\"email\" name=\"email\" \/><\/span>\n\t\t<\/p>\n\t<\/div>\n\t<div class=\"form-row\">\n\t\t<div class=\"column-full\">\n\t\t\t<p><span class=\"wpcf7-form-control-wrap\" data-name=\"mensaje\"><textarea cols=\"40\" rows=\"10\" maxlength=\"2000\" class=\"wpcf7-form-control wpcf7-textarea\" aria-invalid=\"false\" placeholder=\"COMMENTAIRE\" name=\"mensaje\"><\/textarea><\/span>\n\t\t\t<\/p>\n\t\t<\/div>\n\t<\/div>\n\t<div class=\"form-row\">\n\t\t<div class=\"column-full\">\n\t\t\t<p><span class=\"wpcf7-form-control-wrap\" data-name=\"acceptance-394\"><span class=\"wpcf7-form-control wpcf7-acceptance\"><span class=\"wpcf7-list-item\"><label><input type=\"checkbox\" name=\"acceptance-394\" value=\"1\" aria-invalid=\"false\" \/><span class=\"wpcf7-list-item-label\">J'accepte la <a href=\"https:\/\/simex.es\/politica-de-privacidad\/\"><u>Politique de Confidentialit\u00e9<\/u><\/a><\/span><\/label><\/span><\/span><\/span>\n\t\t\t<\/p>\n\t\t<\/div>\n\t<\/div>\n\t<div class=\"column-full\">\n\t\t<p><input class=\"wpcf7-form-control wpcf7-submit has-spinner\" type=\"submit\" value=\"Envoyer\" \/>\n\t\t<\/p>\n\t<\/div>\n<\/div>\n\n<!--end responsive-form--><div class=\"wpcf7-response-output\" aria-hidden=\"true\"><\/div>\n<\/form>\n<\/div>\n\n\t\t<\/div>\n\t\t\t\t\t<\/div>\n\n\t\n\n<style>\n#row-1932026381 > .col > .col-inner {\n  padding: 40px 0px 0px 0px;\n}\n<\/style>\n<\/div>\n","protected":false},"excerpt":{"rendered":"","protected":false},"author":5,"featured_media":0,"parent":0,"menu_order":0,"comment_status":"closed","ping_status":"closed","template":"","meta":{"footnotes":""},"class_list":["post-84548","page","type-page","status-publish","hentry"],"_links":{"self":[{"href":"https:\/\/simex.es\/fr\/wp-json\/wp\/v2\/pages\/84548","targetHints":{"allow":["GET"]}}],"collection":[{"href":"https:\/\/simex.es\/fr\/wp-json\/wp\/v2\/pages"}],"about":[{"href":"https:\/\/simex.es\/fr\/wp-json\/wp\/v2\/types\/page"}],"author":[{"embeddable":true,"href":"https:\/\/simex.es\/fr\/wp-json\/wp\/v2\/users\/5"}],"replies":[{"embeddable":true,"href":"https:\/\/simex.es\/fr\/wp-json\/wp\/v2\/comments?post=84548"}],"version-history":[{"count":0,"href":"https:\/\/simex.es\/fr\/wp-json\/wp\/v2\/pages\/84548\/revisions"}],"wp:attachment":[{"href":"https:\/\/simex.es\/fr\/wp-json\/wp\/v2\/media?parent=84548"}],"curies":[{"name":"wp","href":"https:\/\/api.w.org\/{rel}","templated":true}]}}