{"id":84536,"date":"2020-03-07T22:33:50","date_gmt":"2020-03-07T22:33:50","guid":{"rendered":"https:\/\/simex.es\/solucion-louvre\/"},"modified":"2023-03-01T14:00:46","modified_gmt":"2023-03-01T13:00:46","slug":"solucion-louvre","status":"publish","type":"page","link":"https:\/\/simex.es\/fr\/solucion-louvre\/","title":{"rendered":"LOUVRE"},"content":{"rendered":"<div class=\"row row-collapse align-center\"  id=\"row-135063393\">\n\n\t<div id=\"col-284565333\" class=\"col small-12 large-12\"  >\n\t\t\t\t<div class=\"col-inner\"  >\n\t\t\t\n\t\t\t\n\t<div class=\"img has-hover x md-x lg-x y md-y lg-y\" id=\"image_1384236354\">\n\t\t\t\t\t\t\t\t<div class=\"img-inner image-cover dark\" style=\"padding-top:70%;\">\n\t\t\t<img loading=\"lazy\" decoding=\"async\" width=\"1754\" height=\"1240\" src=\"https:\/\/simex.es\/wp-content\/uploads\/2022\/02\/Solution-Louvre.png\" class=\"attachment-original size-original\" alt=\"\" srcset=\"https:\/\/simex.es\/wp-content\/uploads\/2022\/02\/Solution-Louvre.png 1754w, https:\/\/simex.es\/wp-content\/uploads\/2022\/02\/Solution-Louvre-510x361.png 510w, https:\/\/simex.es\/wp-content\/uploads\/2022\/02\/Solution-Louvre-300x212.png 300w, https:\/\/simex.es\/wp-content\/uploads\/2022\/02\/Solution-Louvre-1024x724.png 1024w, https:\/\/simex.es\/wp-content\/uploads\/2022\/02\/Solution-Louvre-768x543.png 768w, https:\/\/simex.es\/wp-content\/uploads\/2022\/02\/Solution-Louvre-1536x1086.png 1536w, https:\/\/simex.es\/wp-content\/uploads\/2022\/02\/Solution-Louvre-600x424.png 600w\" sizes=\"auto, (max-width: 1754px) 100vw, 1754px\" \/>\t\t\t\t\t\t\n\t\t\t\t\t<\/div>\n\t\t\t\t\t\t\t\t\n<style>\n#image_1384236354 {\n  width: 100%;\n}\n<\/style>\n\t<\/div>\n\t\n\t\t<\/div>\n\t\t\t\t\t<\/div>\n\n\t\n\n\t<div id=\"col-998236753\" class=\"col small-12 large-12\"  >\n\t\t\t\t<div class=\"col-inner\"  >\n\t\t\t\n\t\t\t\n\t<div id=\"gap-2118927499\" class=\"gap-element clearfix\" style=\"display:block; height:auto;\">\n\t\t\n<style>\n#gap-2118927499 {\n  padding-top: 30px;\n}\n<\/style>\n\t<\/div>\n\t\n<p style=\"text-align: center;\"><span style=\"font-size: 110%;\">Proposition de salle de bain \u00e9quip\u00e9e de la nouvelle gamme compl\u00e8te d&#8217;accessoires de salle de bain Brass Premium.<br \/>\nProduits design fabriqu\u00e9s en laiton chrom\u00e9 avec finition brillante.<\/span><\/p>\n\t<div id=\"gap-1992861525\" class=\"gap-element clearfix\" style=\"display:block; height:auto;\">\n\t\t\n<style>\n#gap-1992861525 {\n  padding-top: 15px;\n}\n<\/style>\n\t<\/div>\n\t\n<h3 style=\"text-align: center;\"><span style=\"font-size: 150%;\">PRODUITS INCLUS<\/span><\/h3>\n<div class=\"text-center\"><div class=\"is-divider divider clearfix\" style=\"max-width:80px;height:1px;background-color:rgb(102, 102, 102);\"><\/div><\/div>\n\t<div id=\"gap-934376232\" class=\"gap-element clearfix\" style=\"display:block; height:auto;\">\n\t\t\n<style>\n#gap-934376232 {\n  padding-top: 15px;\n}\n<\/style>\n\t<\/div>\n\t\n\t\t<\/div>\n\t\t\t\t\t<\/div>\n\n\t\n<\/div>\n<div class=\"row row-collapse row-full-width row-box-shadow-1\"  id=\"row-1526260161\">\n\n\t<div id=\"col-1261356526\" class=\"col medium-2 small-6 large-2\"  >\n\t\t\t\t<div class=\"col-inner\" style=\"background-color:rgb(255, 255, 255);\" >\n\t\t\t\n\t\t\t\n\t<div class=\"img has-hover x md-x lg-x y md-y lg-y\" id=\"image_202983051\">\n\t\t<a class=\"\" href=\"https:\/\/simex.es\/fr\/seche-cheveux-linex-1-800-w\/?attribute_pa_acabados=argent\" target=\"_blank\" rel=\"noopener\" >\t\t\t\t\t\t<div class=\"img-inner image-cover dark\" style=\"padding-top:100%;\">\n\t\t\t<img loading=\"lazy\" decoding=\"async\" width=\"600\" height=\"600\" src=\"https:\/\/simex.es\/wp-content\/uploads\/2021\/06\/secadores-de-cabello-con-soporte-para-hotel-Linex.jpg\" class=\"attachment-original size-original\" alt=\"\" srcset=\"https:\/\/simex.es\/wp-content\/uploads\/2021\/06\/secadores-de-cabello-con-soporte-para-hotel-Linex.jpg 600w, https:\/\/simex.es\/wp-content\/uploads\/2021\/06\/secadores-de-cabello-con-soporte-para-hotel-Linex-100x100.jpg 100w, https:\/\/simex.es\/wp-content\/uploads\/2021\/06\/secadores-de-cabello-con-soporte-para-hotel-Linex-510x510.jpg 510w, https:\/\/simex.es\/wp-content\/uploads\/2021\/06\/secadores-de-cabello-con-soporte-para-hotel-Linex-300x300.jpg 300w, https:\/\/simex.es\/wp-content\/uploads\/2021\/06\/secadores-de-cabello-con-soporte-para-hotel-Linex-150x150.jpg 150w\" sizes=\"auto, (max-width: 600px) 100vw, 600px\" \/>\t\t\t\t\t\t\n\t\t\t\t\t<\/div>\n\t\t\t\t\t\t<\/a>\t\t\n<style>\n#image_202983051 {\n  width: 100%;\n}\n<\/style>\n\t<\/div>\n\t\n<p style=\"text-align: center;\"><strong>Ref. 01073<\/strong><\/p>\n\t\t<\/div>\n\t\t\t\t\t<\/div>\n\n\t\n\n\t<div id=\"col-2104970428\" class=\"col medium-2 small-6 large-2\"  >\n\t\t\t\t<div class=\"col-inner\" style=\"background-color:rgb(255, 255, 255);\" >\n\t\t\t\n\t\t\t\n\t<div class=\"img has-hover x md-x lg-x y md-y lg-y\" id=\"image_1036189668\">\n\t\t<a class=\"\" href=\"https:\/\/simex.es\/fr\/miroir-carre-x3-zoom-premium\/\" target=\"_blank\" rel=\"noopener\" >\t\t\t\t\t\t<div class=\"img-inner dark\" >\n\t\t\t<img loading=\"lazy\" decoding=\"async\" width=\"800\" height=\"800\" src=\"https:\/\/simex.es\/wp-content\/uploads\/2019\/05\/05164_web.jpg\" class=\"attachment-original size-original\" alt=\"\" srcset=\"https:\/\/simex.es\/wp-content\/uploads\/2019\/05\/05164_web.jpg 800w, https:\/\/simex.es\/wp-content\/uploads\/2019\/05\/05164_web-100x100.jpg 100w, https:\/\/simex.es\/wp-content\/uploads\/2019\/05\/05164_web-510x510.jpg 510w, https:\/\/simex.es\/wp-content\/uploads\/2019\/05\/05164_web-150x150.jpg 150w, https:\/\/simex.es\/wp-content\/uploads\/2019\/05\/05164_web-300x300.jpg 300w, https:\/\/simex.es\/wp-content\/uploads\/2019\/05\/05164_web-768x768.jpg 768w, https:\/\/simex.es\/wp-content\/uploads\/2019\/05\/05164_web-600x600.jpg 600w\" sizes=\"auto, (max-width: 800px) 100vw, 800px\" \/>\t\t\t\t\t\t\n\t\t\t\t\t<\/div>\n\t\t\t\t\t\t<\/a>\t\t\n<style>\n#image_1036189668 {\n  width: 100%;\n}\n<\/style>\n\t<\/div>\n\t\n<p style=\"text-align: center;\"><strong>Ref. 05164<\/strong><\/p>\n\t\t<\/div>\n\t\t\t\t\t<\/div>\n\n\t\n\n\t<div id=\"col-861866603\" class=\"col medium-2 small-6 large-2\"  >\n\t\t\t\t<div class=\"col-inner\" style=\"background-color:rgb(255, 255, 255);\" >\n\t\t\t\n\t\t\t\n\t<div class=\"img has-hover x md-x lg-x y md-y lg-y\" id=\"image_2131897293\">\n\t\t<a class=\"\" href=\"https:\/\/simex.es\/fr\/crochet-individuel-brass-premium\/\" target=\"_blank\" rel=\"noopener\" >\t\t\t\t\t\t<div class=\"img-inner image-cover dark\" style=\"padding-top:100%;\">\n\t\t\t\t\t\t\t\t\t\n\t\t\t\t\t<\/div>\n\t\t\t\t\t\t<\/a>\t\t\n<style>\n#image_2131897293 {\n  width: 100%;\n}\n<\/style>\n\t<\/div>\n\t\n<p style=\"text-align: center;\"><strong>Ref. 05169<\/strong><\/p>\n\t\t<\/div>\n\t\t\t\t\t<\/div>\n\n\t\n\n\t<div id=\"col-1160887293\" class=\"col medium-2 small-6 large-2\"  >\n\t\t\t\t<div class=\"col-inner\" style=\"background-color:rgb(255, 255, 255);\" >\n\t\t\t\n\t\t\t\n\t<div class=\"img has-hover x md-x lg-x y md-y lg-y\" id=\"image_1755578597\">\n\t\t<a class=\"\" href=\"https:\/\/simex.es\/fr\/crochet-double-brass-premium\/\" target=\"_blank\" rel=\"noopener\" >\t\t\t\t\t\t<div class=\"img-inner image-cover dark\" style=\"padding-top:100%;\">\n\t\t\t\t\t\t\t\t\t\n\t\t\t\t\t<\/div>\n\t\t\t\t\t\t<\/a>\t\t\n<style>\n#image_1755578597 {\n  width: 100%;\n}\n<\/style>\n\t<\/div>\n\t\n<p style=\"text-align: center;\"><strong>Ref. 05170<\/strong><\/p>\n\t\t<\/div>\n\t\t\t\t\t<\/div>\n\n\t\n\n\t<div id=\"col-927562572\" class=\"col medium-2 small-6 large-2\"  >\n\t\t\t\t<div class=\"col-inner\" style=\"background-color:rgb(255, 255, 255);\" >\n\t\t\t\n\t\t\t\n\t<div class=\"img has-hover x md-x lg-x y md-y lg-y\" id=\"image_397345845\">\n\t\t<a class=\"\" href=\"https:\/\/simex.es\/fr\/porte-papier-de-reserve-brass-premium\/\" target=\"_blank\" rel=\"noopener\" >\t\t\t\t\t\t<div class=\"img-inner image-cover dark\" style=\"padding-top:100%;\">\n\t\t\t\t\t\t\t\t\t\n\t\t\t\t\t<\/div>\n\t\t\t\t\t\t<\/a>\t\t\n<style>\n#image_397345845 {\n  width: 100%;\n}\n<\/style>\n\t<\/div>\n\t\n<p style=\"text-align: center;\"><strong>Ref. 05171<\/strong><\/p>\n\t\t<\/div>\n\t\t\t\t\t<\/div>\n\n\t\n\n\t<div id=\"col-978998943\" class=\"col medium-2 small-6 large-2\"  >\n\t\t\t\t<div class=\"col-inner\" style=\"background-color:rgb(255, 255, 255);\" >\n\t\t\t\n\t\t\t\n\t<div class=\"img has-hover x md-x lg-x y md-y lg-y\" id=\"image_1394254305\">\n\t\t<a class=\"\" href=\"https:\/\/simex.es\/fr\/porte-papier-avec-couvercle-brass-premium\/\" target=\"_blank\" rel=\"noopener\" >\t\t\t\t\t\t<div class=\"img-inner image-cover dark\" style=\"padding-top:100%;\">\n\t\t\t\t\t\t\t\t\t\n\t\t\t\t\t<\/div>\n\t\t\t\t\t\t<\/a>\t\t\n<style>\n#image_1394254305 {\n  width: 100%;\n}\n<\/style>\n\t<\/div>\n\t\n<p style=\"text-align: center;\"><strong>Ref. 05172<\/strong><\/p>\n\t\t<\/div>\n\t\t\t\t\t<\/div>\n\n\t\n<\/div>\n<div class=\"row row-collapse row-full-width row-box-shadow-1\"  id=\"row-2120538348\">\n\n\t<div id=\"col-1794177530\" class=\"col medium-2 small-6 large-2\"  >\n\t\t\t\t<div class=\"col-inner\" style=\"background-color:rgb(255, 255, 255);\" >\n\t\t\t\n\t\t\t\n\t<div class=\"img has-hover x md-x lg-x y md-y lg-y\" id=\"image_1886878767\">\n\t\t<a class=\"\" href=\"https:\/\/simex.es\/fr\/porte-serviettes-brass-premium\/\" target=\"_blank\" rel=\"noopener\" >\t\t\t\t\t\t<div class=\"img-inner dark\" >\n\t\t\t\t\t\t\t\t\t\n\t\t\t\t\t<\/div>\n\t\t\t\t\t\t<\/a>\t\t\n<style>\n#image_1886878767 {\n  width: 100%;\n}\n<\/style>\n\t<\/div>\n\t\n<p style=\"text-align: center;\"><strong>Ref. 05174<\/strong><\/p>\n\t\t<\/div>\n\t\t\t\t\t<\/div>\n\n\t\n\n\t<div id=\"col-2140499171\" class=\"col medium-2 small-6 large-2\"  >\n\t\t\t\t<div class=\"col-inner\" style=\"background-color:rgb(255, 255, 255);\" >\n\t\t\t\n\t\t\t\n\t<div class=\"img has-hover x md-x lg-x y md-y lg-y\" id=\"image_1012736994\">\n\t\t<a class=\"\" href=\"https:\/\/simex.es\/fr\/porte-serviettes-triple-brass-premium\/\" target=\"_blank\" rel=\"noopener\" >\t\t\t\t\t\t<div class=\"img-inner dark\" >\n\t\t\t\t\t\t\t\t\t\n\t\t\t\t\t<\/div>\n\t\t\t\t\t\t<\/a>\t\t\n<style>\n#image_1012736994 {\n  width: 100%;\n}\n<\/style>\n\t<\/div>\n\t\n<p style=\"text-align: center;\"><strong>Ref. 05176<\/strong><\/p>\n\t\t<\/div>\n\t\t\t\t\t<\/div>\n\n\t\n\n\t<div id=\"col-79702627\" class=\"col medium-2 small-6 large-2\"  >\n\t\t\t\t<div class=\"col-inner\" style=\"background-color:rgb(255, 255, 255);\" >\n\t\t\t\n\t\t\t\n\t<div class=\"img has-hover x md-x lg-x y md-y lg-y\" id=\"image_2077949195\">\n\t\t<a class=\"\" href=\"https:\/\/simex.es\/fr\/porte-savon-brass-premium\/\" >\t\t\t\t\t\t<div class=\"img-inner dark\" >\n\t\t\t\t\t\t\t\t\t\n\t\t\t\t\t<\/div>\n\t\t\t\t\t\t<\/a>\t\t\n<style>\n#image_2077949195 {\n  width: 100%;\n}\n<\/style>\n\t<\/div>\n\t\n<p style=\"text-align: center;\"><strong>Ref. 05177<\/strong><\/p>\n\t\t<\/div>\n\t\t\t\t\t<\/div>\n\n\t\n\n\t<div id=\"col-1489372707\" class=\"col medium-2 small-6 large-2\"  >\n\t\t\t\t<div class=\"col-inner\" style=\"background-color:rgb(255, 255, 255);\" >\n\t\t\t\n\t\t\t\n\t<div class=\"img has-hover x md-x lg-x y md-y lg-y\" id=\"image_2087070376\">\n\t\t<a class=\"\" href=\"https:\/\/simex.es\/fr\/porte-balais-en-verre-brass-premium\/\" target=\"_blank\" rel=\"noopener\" >\t\t\t\t\t\t<div class=\"img-inner image-cover dark\" style=\"padding-top:100%;\">\n\t\t\t\t\t\t\t\t\t\n\t\t\t\t\t<\/div>\n\t\t\t\t\t\t<\/a>\t\t\n<style>\n#image_2087070376 {\n  width: 100%;\n}\n<\/style>\n\t<\/div>\n\t\n<p style=\"text-align: center;\"><strong>Ref. 05178<\/strong><\/p>\n\t\t<\/div>\n\t\t\t\t\t<\/div>\n\n\t\n\n\t<div id=\"col-1328698594\" class=\"col medium-2 small-6 large-2\"  >\n\t\t\t\t<div class=\"col-inner\" style=\"background-color:rgb(255, 255, 255);\" >\n\t\t\t\n\t\t\t\n\t<div class=\"img has-hover x md-x lg-x y md-y lg-y\" id=\"image_1090930704\">\n\t\t<a class=\"\" href=\"https:\/\/simex.es\/fr\/etagere-en-verre-brass-premium\/\" target=\"_blank\" rel=\"noopener\" >\t\t\t\t\t\t<div class=\"img-inner dark\" >\n\t\t\t\t\t\t\t\t\t\n\t\t\t\t\t<\/div>\n\t\t\t\t\t\t<\/a>\t\t\n<style>\n#image_1090930704 {\n  width: 100%;\n}\n<\/style>\n\t<\/div>\n\t\n<p style=\"text-align: center;\"><strong>Ref. 05180<\/strong><\/p>\n\t\t<\/div>\n\t\t\t\t\t<\/div>\n\n\t\n\n\t<div id=\"col-1901262946\" class=\"col medium-2 small-6 large-2\"  >\n\t\t\t\t<div class=\"col-inner\" style=\"background-color:rgb(255, 255, 255);\" >\n\t\t\t\n\t\t\t\n\t<div class=\"img has-hover x md-x lg-x y md-y lg-y\" id=\"image_135127042\">\n\t\t<a class=\"\" href=\"https:\/\/simex.es\/fr\/poubelle-a-pedale-premium-5l\/\" target=\"_blank\" rel=\"noopener\" >\t\t\t\t\t\t<div class=\"img-inner dark\" >\n\t\t\t<img loading=\"lazy\" decoding=\"async\" width=\"1669\" height=\"1669\" src=\"https:\/\/simex.es\/wp-content\/uploads\/2019\/04\/papelera_pedal_premium_acero_simex_brillante-1.jpg\" class=\"attachment-original size-original\" alt=\"\" srcset=\"https:\/\/simex.es\/wp-content\/uploads\/2019\/04\/papelera_pedal_premium_acero_simex_brillante-1.jpg 1669w, https:\/\/simex.es\/wp-content\/uploads\/2019\/04\/papelera_pedal_premium_acero_simex_brillante-1-100x100.jpg 100w, https:\/\/simex.es\/wp-content\/uploads\/2019\/04\/papelera_pedal_premium_acero_simex_brillante-1-510x510.jpg 510w, https:\/\/simex.es\/wp-content\/uploads\/2019\/04\/papelera_pedal_premium_acero_simex_brillante-1-300x300.jpg 300w, https:\/\/simex.es\/wp-content\/uploads\/2019\/04\/papelera_pedal_premium_acero_simex_brillante-1-1024x1024.jpg 1024w, https:\/\/simex.es\/wp-content\/uploads\/2019\/04\/papelera_pedal_premium_acero_simex_brillante-1-150x150.jpg 150w, https:\/\/simex.es\/wp-content\/uploads\/2019\/04\/papelera_pedal_premium_acero_simex_brillante-1-768x768.jpg 768w, https:\/\/simex.es\/wp-content\/uploads\/2019\/04\/papelera_pedal_premium_acero_simex_brillante-1-1536x1536.jpg 1536w, https:\/\/simex.es\/wp-content\/uploads\/2019\/04\/papelera_pedal_premium_acero_simex_brillante-1-600x600.jpg 600w\" sizes=\"auto, (max-width: 1669px) 100vw, 1669px\" \/>\t\t\t\t\t\t\n\t\t\t\t\t<\/div>\n\t\t\t\t\t\t<\/a>\t\t\n<style>\n#image_135127042 {\n  width: 100%;\n}\n<\/style>\n\t<\/div>\n\t\n<p style=\"text-align: center;\"><strong>Ref. 07045<\/strong><\/p>\n\t\t<\/div>\n\t\t\t\t\t<\/div>\n\n\t\n<\/div>\n<div class=\"row\"  id=\"row-1336758735\">\n\n\t<div id=\"col-334117867\" class=\"col small-12 large-12\"  >\n\t\t\t\t<div class=\"col-inner\"  >\n\t\t\t\n\t\t\t\n<a href=\"https:\/\/simex.es\/wp-content\/uploads\/2022\/02\/Solution-Louvre-1.pdf\" target=\"_blank\" class=\"button primary is-outline\" rel=\"noopener\" >\n\t\t<span>T\u00e9l\u00e9charger Solution<\/span>\n\t<\/a>\n\n\t\t<\/div>\n\t\t\t\t\t<\/div>\n\n\t\n<\/div>\n<div class=\"row align-center\"  id=\"row-1725335944\">\n\n\t<div id=\"col-805928912\" class=\"col medium-6 small-12 large-6\"  >\n\t\t\t\t<div class=\"col-inner\"  >\n\t\t\t\n\t\t\t\n<div class=\"container section-title-container\" ><h3 class=\"section-title section-title-center\"><b aria-hidden=\"true\"><\/b><span class=\"section-title-main\" style=\"color:rgb(255, 81, 0);\"><i class=\"icon-envelop\" aria-hidden=\"true\"><\/i>Cette solution m'int\u00e9resse<\/span><b aria-hidden=\"true\"><\/b><\/h3><\/div>\n\n<div class=\"wpcf7 no-js\" id=\"wpcf7-f85314-o1\" lang=\"es-ES\" dir=\"ltr\" data-wpcf7-id=\"85314\">\n<div class=\"screen-reader-response\"><p role=\"status\" aria-live=\"polite\" aria-atomic=\"true\"><\/p> <ul><\/ul><\/div>\n<form action=\"\/fr\/wp-json\/wp\/v2\/pages\/84536#wpcf7-f85314-o1\" method=\"post\" class=\"wpcf7-form init\" aria-label=\"Formulario de contacto\" novalidate=\"novalidate\" data-status=\"init\">\n<fieldset class=\"hidden-fields-container\"><input type=\"hidden\" name=\"_wpcf7\" value=\"85314\" \/><input type=\"hidden\" name=\"_wpcf7_version\" value=\"6.1.5\" \/><input type=\"hidden\" name=\"_wpcf7_locale\" value=\"es_ES\" \/><input type=\"hidden\" name=\"_wpcf7_unit_tag\" value=\"wpcf7-f85314-o1\" \/><input type=\"hidden\" name=\"_wpcf7_container_post\" value=\"0\" \/><input type=\"hidden\" name=\"_wpcf7_posted_data_hash\" value=\"\" \/><input type=\"hidden\" name=\"_wpcf7_recaptcha_response\" value=\"\" \/>\n<\/fieldset>\n<div id=\"responsive-form\" class=\"clearfix\">\n\t<div class=\"column-half\">\n\t\t<p>PR\u00c9NOM ET NOM DE FAMILLE* <span class=\"wpcf7-form-control-wrap\" data-name=\"nombre\"><input size=\"40\" maxlength=\"400\" class=\"wpcf7-form-control wpcf7-text wpcf7-validates-as-required\" aria-required=\"true\" aria-invalid=\"false\" value=\"\" type=\"text\" name=\"nombre\" \/><\/span>\n\t\t<\/p>\n\t<\/div>\n\t<div class=\"column-half\">\n\t\t<p>SOCI\u00c9T\u00c9* <span class=\"wpcf7-form-control-wrap\" data-name=\"empresa\"><input size=\"40\" maxlength=\"400\" class=\"wpcf7-form-control wpcf7-text wpcf7-validates-as-required\" aria-required=\"true\" aria-invalid=\"false\" value=\"\" type=\"text\" name=\"empresa\" \/><\/span>\n\t\t<\/p>\n\t<\/div>\n\t<div class=\"column-half\">\n\t\t<p>T\u00c9L\u00c9PHONE* <span class=\"wpcf7-form-control-wrap\" data-name=\"telefono\"><input size=\"40\" maxlength=\"400\" class=\"wpcf7-form-control wpcf7-text wpcf7-validates-as-required\" aria-required=\"true\" aria-invalid=\"false\" value=\"\" type=\"text\" name=\"telefono\" \/><\/span>\n\t\t<\/p>\n\t<\/div>\n\t<div class=\"column-half\">\n\t\t<p>VOTRE EMAIL* <span class=\"wpcf7-form-control-wrap\" data-name=\"email\"><input size=\"40\" maxlength=\"400\" class=\"wpcf7-form-control wpcf7-email wpcf7-validates-as-required wpcf7-text wpcf7-validates-as-email\" aria-required=\"true\" aria-invalid=\"false\" value=\"\" type=\"email\" name=\"email\" \/><\/span>\n\t\t<\/p>\n\t<\/div>\n\t<div class=\"form-row\">\n\t\t<div class=\"column-full\">\n\t\t\t<p><span class=\"wpcf7-form-control-wrap\" data-name=\"mensaje\"><textarea cols=\"40\" rows=\"10\" maxlength=\"2000\" class=\"wpcf7-form-control wpcf7-textarea\" aria-invalid=\"false\" placeholder=\"COMMENTAIRE\" name=\"mensaje\"><\/textarea><\/span>\n\t\t\t<\/p>\n\t\t<\/div>\n\t<\/div>\n\t<div class=\"form-row\">\n\t\t<div class=\"column-full\">\n\t\t\t<p><span class=\"wpcf7-form-control-wrap\" data-name=\"acceptance-394\"><span class=\"wpcf7-form-control wpcf7-acceptance\"><span class=\"wpcf7-list-item\"><label><input type=\"checkbox\" name=\"acceptance-394\" value=\"1\" aria-invalid=\"false\" \/><span class=\"wpcf7-list-item-label\">J'accepte la <a href=\"https:\/\/simex.es\/politica-de-privacidad\/\"><u>Politique de Confidentialit\u00e9<\/u><\/a><\/span><\/label><\/span><\/span><\/span>\n\t\t\t<\/p>\n\t\t<\/div>\n\t<\/div>\n\t<div class=\"column-full\">\n\t\t<p><input class=\"wpcf7-form-control wpcf7-submit has-spinner\" type=\"submit\" value=\"Envoyer\" \/>\n\t\t<\/p>\n\t<\/div>\n<\/div>\n\n<!--end responsive-form--><div class=\"wpcf7-response-output\" aria-hidden=\"true\"><\/div>\n<\/form>\n<\/div>\n\n\t\t<\/div>\n\t\t\t\t\t<\/div>\n\n\t\n\n<style>\n#row-1725335944 > .col > .col-inner {\n  padding: 40px 0px 0px 0px;\n}\n<\/style>\n<\/div>\n","protected":false},"excerpt":{"rendered":"","protected":false},"author":5,"featured_media":0,"parent":0,"menu_order":0,"comment_status":"closed","ping_status":"closed","template":"","meta":{"footnotes":""},"class_list":["post-84536","page","type-page","status-publish","hentry"],"_links":{"self":[{"href":"https:\/\/simex.es\/fr\/wp-json\/wp\/v2\/pages\/84536","targetHints":{"allow":["GET"]}}],"collection":[{"href":"https:\/\/simex.es\/fr\/wp-json\/wp\/v2\/pages"}],"about":[{"href":"https:\/\/simex.es\/fr\/wp-json\/wp\/v2\/types\/page"}],"author":[{"embeddable":true,"href":"https:\/\/simex.es\/fr\/wp-json\/wp\/v2\/users\/5"}],"replies":[{"embeddable":true,"href":"https:\/\/simex.es\/fr\/wp-json\/wp\/v2\/comments?post=84536"}],"version-history":[{"count":0,"href":"https:\/\/simex.es\/fr\/wp-json\/wp\/v2\/pages\/84536\/revisions"}],"wp:attachment":[{"href":"https:\/\/simex.es\/fr\/wp-json\/wp\/v2\/media?parent=84536"}],"curies":[{"name":"wp","href":"https:\/\/api.w.org\/{rel}","templated":true}]}}