{"id":84530,"date":"2020-03-07T22:14:28","date_gmt":"2020-03-07T22:14:28","guid":{"rendered":"https:\/\/simex.es\/solucion-trevi\/"},"modified":"2023-03-01T13:52:36","modified_gmt":"2023-03-01T12:52:36","slug":"solucion-trevi","status":"publish","type":"page","link":"https:\/\/simex.es\/fr\/solucion-trevi\/","title":{"rendered":"TREVI"},"content":{"rendered":"<div class=\"row row-collapse row-full-width align-center\"  id=\"row-486417419\">\n\n\t<div id=\"col-196242925\" class=\"col small-12 large-12\"  >\n\t\t\t\t<div class=\"col-inner\"  >\n\t\t\t\n\t\t\t\n\t<div class=\"img has-hover x md-x lg-x y md-y lg-y\" id=\"image_692637636\">\n\t\t\t\t\t\t\t\t<div class=\"img-inner image-cover dark\" style=\"padding-top:70%;\">\n\t\t\t<img loading=\"lazy\" decoding=\"async\" width=\"1754\" height=\"1240\" src=\"https:\/\/simex.es\/wp-content\/uploads\/2022\/02\/Solution-Trevi.png\" class=\"attachment-original size-original\" alt=\"\" srcset=\"https:\/\/simex.es\/wp-content\/uploads\/2022\/02\/Solution-Trevi.png 1754w, https:\/\/simex.es\/wp-content\/uploads\/2022\/02\/Solution-Trevi-510x361.png 510w, https:\/\/simex.es\/wp-content\/uploads\/2022\/02\/Solution-Trevi-300x212.png 300w, https:\/\/simex.es\/wp-content\/uploads\/2022\/02\/Solution-Trevi-1024x724.png 1024w, https:\/\/simex.es\/wp-content\/uploads\/2022\/02\/Solution-Trevi-768x543.png 768w, https:\/\/simex.es\/wp-content\/uploads\/2022\/02\/Solution-Trevi-1536x1086.png 1536w, https:\/\/simex.es\/wp-content\/uploads\/2022\/02\/Solution-Trevi-600x424.png 600w\" sizes=\"auto, (max-width: 1754px) 100vw, 1754px\" \/>\t\t\t\t\t\t\n\t\t\t\t\t<\/div>\n\t\t\t\t\t\t\t\t\n<style>\n#image_692637636 {\n  width: 100%;\n}\n<\/style>\n\t<\/div>\n\t\n\t\t<\/div>\n\t\t\t\t\t<\/div>\n\n\t\n\n\t<div id=\"col-530379287\" class=\"col small-12 large-12\"  >\n\t\t\t\t<div class=\"col-inner\"  >\n\t\t\t\n\t\t\t\n\t<div id=\"gap-27930900\" class=\"gap-element clearfix\" style=\"display:block; height:auto;\">\n\t\t\n<style>\n#gap-27930900 {\n  padding-top: 30px;\n}\n<\/style>\n\t<\/div>\n\t\n<p style=\"text-align: center;\"><span style=\"font-size: 110%;\">Proposition de salle de bain adapt\u00e9e, \u00e9quip\u00e9e de produits en acier inoxydable haute r\u00e9sistance avec une finition peinture \u00e9poxy couleur blanche. <br \/>Facile \u00e0 utiliser et \u00e0 installer. Conforme aux r\u00e9glementations en vigueur.<\/span><\/p>\n\t<div id=\"gap-718163339\" class=\"gap-element clearfix\" style=\"display:block; height:auto;\">\n\t\t\n<style>\n#gap-718163339 {\n  padding-top: 15px;\n}\n<\/style>\n\t<\/div>\n\t\n<h3 style=\"text-align: center;\"><span style=\"font-size: 150%;\">PRODUITS INCLUS<\/span><\/h3>\n<div class=\"text-center\"><div class=\"is-divider divider clearfix\" style=\"max-width:80px;height:1px;background-color:rgb(102, 102, 102);\"><\/div><\/div>\n\t<div id=\"gap-2017979653\" class=\"gap-element clearfix\" style=\"display:block; height:auto;\">\n\t\t\n<style>\n#gap-2017979653 {\n  padding-top: 15px;\n}\n<\/style>\n\t<\/div>\n\t\n\t\t<\/div>\n\t\t\t\t\t<\/div>\n\n\t\n<\/div>\n<div class=\"row row-collapse row-full-width row-box-shadow-1\"  id=\"row-1926800114\">\n\n\t<div id=\"col-160561270\" class=\"col medium-2 small-6 large-2\"  >\n\t\t\t\t<div class=\"col-inner\" style=\"background-color:rgb(255, 255, 255);\" >\n\t\t\t\n\t\t\t\n\t<div class=\"img has-hover x md-x lg-x y md-y lg-y\" id=\"image_1533829468\">\n\t\t<a class=\"\" href=\"https:\/\/simex.es\/fr\/barre-rabatable-verticale-avec-systeme-de-securite\/\" target=\"_blank\" rel=\"noopener\" >\t\t\t\t\t\t<div class=\"img-inner image-cover dark\" style=\"padding-top:100%;\">\n\t\t\t<img loading=\"lazy\" decoding=\"async\" width=\"210\" height=\"210\" src=\"https:\/\/simex.es\/wp-content\/uploads\/2020\/03\/02033.png\" class=\"attachment-original size-original\" alt=\"\" srcset=\"https:\/\/simex.es\/wp-content\/uploads\/2020\/03\/02033.png 210w, https:\/\/simex.es\/wp-content\/uploads\/2020\/03\/02033-100x100.png 100w, https:\/\/simex.es\/wp-content\/uploads\/2020\/03\/02033-150x150.png 150w\" sizes=\"auto, (max-width: 210px) 100vw, 210px\" \/>\t\t\t\t\t\t\n\t\t\t\t\t<\/div>\n\t\t\t\t\t\t<\/a>\t\t\n<style>\n#image_1533829468 {\n  width: 100%;\n}\n<\/style>\n\t<\/div>\n\t\n<p style=\"text-align: center;\"><strong>Ref. 02033<\/strong><\/p>\n\t\t<\/div>\n\t\t\t\t\t<\/div>\n\n\t\n\n\t<div id=\"col-967056835\" class=\"col medium-2 small-6 large-2\"  >\n\t\t\t\t<div class=\"col-inner\" style=\"background-color:rgb(255, 255, 255);\" >\n\t\t\t\n\t\t\t\n\t<div class=\"img has-hover x md-x lg-x y md-y lg-y\" id=\"image_1448022453\">\n\t\t<a class=\"\" href=\"https:\/\/simex.es\/fr\/barre-fixe-avec-3-points-dencrage\/\" target=\"_blank\" rel=\"noopener\" >\t\t\t\t\t\t<div class=\"img-inner dark\" >\n\t\t\t<img loading=\"lazy\" decoding=\"async\" width=\"210\" height=\"210\" src=\"https:\/\/simex.es\/wp-content\/uploads\/2020\/03\/02120.png\" class=\"attachment-original size-original\" alt=\"\" srcset=\"https:\/\/simex.es\/wp-content\/uploads\/2020\/03\/02120.png 210w, https:\/\/simex.es\/wp-content\/uploads\/2020\/03\/02120-100x100.png 100w, https:\/\/simex.es\/wp-content\/uploads\/2020\/03\/02120-150x150.png 150w\" sizes=\"auto, (max-width: 210px) 100vw, 210px\" \/>\t\t\t\t\t\t\n\t\t\t\t\t<\/div>\n\t\t\t\t\t\t<\/a>\t\t\n<style>\n#image_1448022453 {\n  width: 100%;\n}\n<\/style>\n\t<\/div>\n\t\n<p style=\"text-align: center;\"><strong>Ref. 02120<\/strong><\/p>\n\t\t<\/div>\n\t\t\t\t\t<\/div>\n\n\t\n\n\t<div id=\"col-574440531\" class=\"col medium-2 small-6 large-2\"  >\n\t\t\t\t<div class=\"col-inner\" style=\"background-color:rgb(255, 255, 255);\" >\n\t\t\t\n\t\t\t\n\t<div class=\"img has-hover x md-x lg-x y md-y lg-y\" id=\"image_1608143450\">\n\t\t<a class=\"\" href=\"https:\/\/simex.es\/fr\/barre-angle-mur-encastrable-sol-2\/\" target=\"_blank\" rel=\"noopener\" >\t\t\t\t\t\t<div class=\"img-inner image-cover dark\" style=\"padding-top:100%;\">\n\t\t\t<img loading=\"lazy\" decoding=\"async\" width=\"210\" height=\"209\" src=\"https:\/\/simex.es\/wp-content\/uploads\/2020\/03\/02130.png\" class=\"attachment-original size-original\" alt=\"\" srcset=\"https:\/\/simex.es\/wp-content\/uploads\/2020\/03\/02130.png 210w, https:\/\/simex.es\/wp-content\/uploads\/2020\/03\/02130-100x100.png 100w, https:\/\/simex.es\/wp-content\/uploads\/2020\/03\/02130-150x150.png 150w\" sizes=\"auto, (max-width: 210px) 100vw, 210px\" \/>\t\t\t\t\t\t\n\t\t\t\t\t<\/div>\n\t\t\t\t\t\t<\/a>\t\t\n<style>\n#image_1608143450 {\n  width: 100%;\n}\n<\/style>\n\t<\/div>\n\t\n<p style=\"text-align: center;\"><strong>Ref. 02130<\/strong><\/p>\n\t\t<\/div>\n\t\t\t\t\t<\/div>\n\n\t\n\n\t<div id=\"col-970656336\" class=\"col medium-2 small-6 large-2\"  >\n\t\t\t\t<div class=\"col-inner\" style=\"background-color:rgb(255, 255, 255);\" >\n\t\t\t\n\t\t\t\n\t<div class=\"img has-hover x md-x lg-x y md-y lg-y\" id=\"image_459745406\">\n\t\t<a class=\"\" href=\"https:\/\/simex.es\/fr\/barre-angle-avec-3-directions\/\" target=\"_blank\" rel=\"noopener\" >\t\t\t\t\t\t<div class=\"img-inner image-cover dark\" style=\"padding-top:100%;\">\n\t\t\t<img loading=\"lazy\" decoding=\"async\" width=\"209\" height=\"210\" src=\"https:\/\/simex.es\/wp-content\/uploads\/2020\/03\/02163.png\" class=\"attachment-original size-original\" alt=\"\" srcset=\"https:\/\/simex.es\/wp-content\/uploads\/2020\/03\/02163.png 209w, https:\/\/simex.es\/wp-content\/uploads\/2020\/03\/02163-100x100.png 100w, https:\/\/simex.es\/wp-content\/uploads\/2020\/03\/02163-150x150.png 150w\" sizes=\"auto, (max-width: 209px) 100vw, 209px\" \/>\t\t\t\t\t\t\n\t\t\t\t\t<\/div>\n\t\t\t\t\t\t<\/a>\t\t\n<style>\n#image_459745406 {\n  width: 100%;\n}\n<\/style>\n\t<\/div>\n\t\n<p style=\"text-align: center;\"><strong>Ref. 02163<\/strong><\/p>\n\t\t<\/div>\n\t\t\t\t\t<\/div>\n\n\t\n\n\t<div id=\"col-808989213\" class=\"col medium-2 small-6 large-2\"  >\n\t\t\t\t<div class=\"col-inner\" style=\"background-color:rgb(255, 255, 255);\" >\n\t\t\t\n\t\t\t\n\t<div class=\"img has-hover x md-x lg-x y md-y lg-y\" id=\"image_1544166597\">\n\t\t<a class=\"\" href=\"https:\/\/simex.es\/fr\/abattant-pour-siege-de-toilette\/\" target=\"_blank\" rel=\"noopener\" >\t\t\t\t\t\t<div class=\"img-inner image-cover dark\" style=\"padding-top:100%;\">\n\t\t\t<img loading=\"lazy\" decoding=\"async\" width=\"210\" height=\"210\" src=\"https:\/\/simex.es\/wp-content\/uploads\/2020\/03\/02225-1.png\" class=\"attachment-original size-original\" alt=\"\" srcset=\"https:\/\/simex.es\/wp-content\/uploads\/2020\/03\/02225-1.png 210w, https:\/\/simex.es\/wp-content\/uploads\/2020\/03\/02225-1-100x100.png 100w, https:\/\/simex.es\/wp-content\/uploads\/2020\/03\/02225-1-150x150.png 150w\" sizes=\"auto, (max-width: 210px) 100vw, 210px\" \/>\t\t\t\t\t\t\n\t\t\t\t\t<\/div>\n\t\t\t\t\t\t<\/a>\t\t\n<style>\n#image_1544166597 {\n  width: 100%;\n}\n<\/style>\n\t<\/div>\n\t\n<p style=\"text-align: center;\"><strong>Ref. 02258<\/strong><\/p>\n\t\t<\/div>\n\t\t\t\t\t<\/div>\n\n\t\n\n\t<div id=\"col-124277870\" class=\"col medium-2 small-6 large-2\"  >\n\t\t\t\t<div class=\"col-inner\" style=\"background-color:rgb(255, 255, 255);\" >\n\t\t\t\n\t\t\t\n\t<div class=\"img has-hover x md-x lg-x y md-y lg-y\" id=\"image_99303720\">\n\t\t<a class=\"\" href=\"https:\/\/simex.es\/fr\/miroir-avec-cadre-800-x-600\/\" target=\"_blank\" rel=\"noopener\" >\t\t\t\t\t\t<div class=\"img-inner image-cover dark\" style=\"padding-top:100%;\">\n\t\t\t<img loading=\"lazy\" decoding=\"async\" width=\"210\" height=\"210\" src=\"https:\/\/simex.es\/wp-content\/uploads\/2020\/03\/02243.png\" class=\"attachment-original size-original\" alt=\"\" srcset=\"https:\/\/simex.es\/wp-content\/uploads\/2020\/03\/02243.png 210w, https:\/\/simex.es\/wp-content\/uploads\/2020\/03\/02243-100x100.png 100w, https:\/\/simex.es\/wp-content\/uploads\/2020\/03\/02243-150x150.png 150w\" sizes=\"auto, (max-width: 210px) 100vw, 210px\" \/>\t\t\t\t\t\t\n\t\t\t\t\t<\/div>\n\t\t\t\t\t\t<\/a>\t\t\n<style>\n#image_99303720 {\n  width: 100%;\n}\n<\/style>\n\t<\/div>\n\t\n<p style=\"text-align: center;\"><strong>Ref. 02243<\/strong><\/p>\n\t\t<\/div>\n\t\t\t\t\t<\/div>\n\n\t\n<\/div>\n<div class=\"row row-collapse row-full-width row-box-shadow-1\"  id=\"row-2093406868\">\n\n\t<div id=\"col-478765258\" class=\"col medium-2 small-6 large-2\"  >\n\t\t\t\t<div class=\"col-inner\" style=\"background-color:rgb(255, 255, 255);\" >\n\t\t\t\n\t\t\t\n\t<div class=\"img has-hover x md-x lg-x y md-y lg-y\" id=\"image_257144917\">\n\t\t<a class=\"\" href=\"https:\/\/simex.es\/fr\/abattant-pour-siege-de-toilette\/\" target=\"_blank\" rel=\"noopener\" >\t\t\t\t\t\t<div class=\"img-inner dark\" >\n\t\t\t<img loading=\"lazy\" decoding=\"async\" width=\"210\" height=\"210\" src=\"https:\/\/simex.es\/wp-content\/uploads\/2020\/03\/02258-1.png\" class=\"attachment-original size-original\" alt=\"\" srcset=\"https:\/\/simex.es\/wp-content\/uploads\/2020\/03\/02258-1.png 210w, https:\/\/simex.es\/wp-content\/uploads\/2020\/03\/02258-1-100x100.png 100w, https:\/\/simex.es\/wp-content\/uploads\/2020\/03\/02258-1-150x150.png 150w\" sizes=\"auto, (max-width: 210px) 100vw, 210px\" \/>\t\t\t\t\t\t\n\t\t\t\t\t<\/div>\n\t\t\t\t\t\t<\/a>\t\t\n<style>\n#image_257144917 {\n  width: 100%;\n}\n<\/style>\n\t<\/div>\n\t\n<p style=\"text-align: center;\"><strong>Ref. 02258<\/strong><\/p>\n\t\t<\/div>\n\t\t\t\t\t<\/div>\n\n\t\n\n\t<div id=\"col-92629328\" class=\"col medium-2 small-6 large-2\"  >\n\t\t\t\t<div class=\"col-inner\" style=\"background-color:rgb(255, 255, 255);\" >\n\t\t\t\n\t\t\t\n\t<div class=\"img has-hover x md-x lg-x y md-y lg-y\" id=\"image_2114868837\">\n\t\t<a class=\"\" href=\"https:\/\/simex.es\/fr\/siege-de-douche-rabatable-3\/\" target=\"_blank\" rel=\"noopener\" >\t\t\t\t\t\t<div class=\"img-inner dark\" >\n\t\t\t<img loading=\"lazy\" decoding=\"async\" width=\"210\" height=\"210\" src=\"https:\/\/simex.es\/wp-content\/uploads\/2020\/03\/02261.png\" class=\"attachment-original size-original\" alt=\"\" srcset=\"https:\/\/simex.es\/wp-content\/uploads\/2020\/03\/02261.png 210w, https:\/\/simex.es\/wp-content\/uploads\/2020\/03\/02261-100x100.png 100w, https:\/\/simex.es\/wp-content\/uploads\/2020\/03\/02261-150x150.png 150w\" sizes=\"auto, (max-width: 210px) 100vw, 210px\" \/>\t\t\t\t\t\t\n\t\t\t\t\t<\/div>\n\t\t\t\t\t\t<\/a>\t\t\n<style>\n#image_2114868837 {\n  width: 100%;\n}\n<\/style>\n\t<\/div>\n\t\n<p style=\"text-align: center;\"><strong>Ref. 02261<\/strong><\/p>\n\t\t<\/div>\n\t\t\t\t\t<\/div>\n\n\t\n\n\t<div id=\"col-789074450\" class=\"col medium-2 small-6 large-2\"  >\n\t\t\t\t<div class=\"col-inner\" style=\"background-color:rgb(255, 255, 255);\" >\n\t\t\t\n\t\t\t\n\t<div class=\"img has-hover x md-x lg-x y md-y lg-y\" id=\"image_1660608220\">\n\t\t<a class=\"\" href=\"https:\/\/simex.es\/fr\/dosificador-de-jabon-elegance-jabon-liquido\/\" target=\"_blank\" rel=\"noopener\" >\t\t\t\t\t\t<div class=\"img-inner dark\" >\n\t\t\t<img loading=\"lazy\" decoding=\"async\" width=\"210\" height=\"210\" src=\"https:\/\/simex.es\/wp-content\/uploads\/2020\/03\/04049.png\" class=\"attachment-original size-original\" alt=\"\" srcset=\"https:\/\/simex.es\/wp-content\/uploads\/2020\/03\/04049.png 210w, https:\/\/simex.es\/wp-content\/uploads\/2020\/03\/04049-100x100.png 100w, https:\/\/simex.es\/wp-content\/uploads\/2020\/03\/04049-150x150.png 150w\" sizes=\"auto, (max-width: 210px) 100vw, 210px\" \/>\t\t\t\t\t\t\n\t\t\t\t\t<\/div>\n\t\t\t\t\t\t<\/a>\t\t\n<style>\n#image_1660608220 {\n  width: 100%;\n}\n<\/style>\n\t<\/div>\n\t\n<p style=\"text-align: center;\"><strong>Ref. 04049<\/strong><\/p>\n\t\t<\/div>\n\t\t\t\t\t<\/div>\n\n\t\n\n\t<div id=\"col-784166277\" class=\"col medium-2 small-6 large-2\"  >\n\t\t\t\t<div class=\"col-inner\" style=\"background-color:rgb(255, 255, 255);\" >\n\t\t\t\n\t\t\t\n\t<div class=\"img has-hover x md-x lg-x y md-y lg-y\" id=\"image_2088808494\">\n\t\t<a class=\"\" href=\"https:\/\/simex.es\/fr\/poubelle-a-pedale-12l\/\" target=\"_blank\" rel=\"noopener\" >\t\t\t\t\t\t<div class=\"img-inner image-cover dark\" style=\"padding-top:100%;\">\n\t\t\t<img loading=\"lazy\" decoding=\"async\" width=\"801\" height=\"801\" src=\"https:\/\/simex.es\/wp-content\/uploads\/2022\/02\/Papeler-Pedal-acero-inox.-Blanco-Mate-Simex.jpg\" class=\"attachment-original size-original\" alt=\"\" srcset=\"https:\/\/simex.es\/wp-content\/uploads\/2022\/02\/Papeler-Pedal-acero-inox.-Blanco-Mate-Simex.jpg 801w, https:\/\/simex.es\/wp-content\/uploads\/2022\/02\/Papeler-Pedal-acero-inox.-Blanco-Mate-Simex-100x100.jpg 100w, https:\/\/simex.es\/wp-content\/uploads\/2022\/02\/Papeler-Pedal-acero-inox.-Blanco-Mate-Simex-510x510.jpg 510w, https:\/\/simex.es\/wp-content\/uploads\/2022\/02\/Papeler-Pedal-acero-inox.-Blanco-Mate-Simex-300x300.jpg 300w, https:\/\/simex.es\/wp-content\/uploads\/2022\/02\/Papeler-Pedal-acero-inox.-Blanco-Mate-Simex-150x150.jpg 150w, https:\/\/simex.es\/wp-content\/uploads\/2022\/02\/Papeler-Pedal-acero-inox.-Blanco-Mate-Simex-768x768.jpg 768w, https:\/\/simex.es\/wp-content\/uploads\/2022\/02\/Papeler-Pedal-acero-inox.-Blanco-Mate-Simex-600x600.jpg 600w\" sizes=\"auto, (max-width: 801px) 100vw, 801px\" \/>\t\t\t\t\t\t\n\t\t\t\t\t<\/div>\n\t\t\t\t\t\t<\/a>\t\t\n<style>\n#image_2088808494 {\n  width: 100%;\n}\n<\/style>\n\t<\/div>\n\t\n<p style=\"text-align: center;\"><strong>Ref. 05060<\/strong><\/p>\n\t\t<\/div>\n\t\t\t\t\t<\/div>\n\n\t\n\n\t<div id=\"col-1143149099\" class=\"col medium-2 small-6 large-2\"  >\n\t\t\t\t<div class=\"col-inner\" style=\"background-color:rgb(255, 255, 255);\" >\n\t\t\t\n\t\t\t\n\t<div class=\"img has-hover x md-x lg-x y md-y lg-y\" id=\"image_670389576\">\n\t\t<a class=\"\" href=\"https:\/\/simex.es\/fr\/siege-de-douche-rabatable\/\" >\t\t\t\t\t\t<div class=\"img-inner dark\" >\n\t\t\t<img loading=\"lazy\" decoding=\"async\" width=\"210\" height=\"210\" src=\"https:\/\/simex.es\/wp-content\/uploads\/2020\/03\/05556.png\" class=\"attachment-original size-original\" alt=\"\" srcset=\"https:\/\/simex.es\/wp-content\/uploads\/2020\/03\/05556.png 210w, https:\/\/simex.es\/wp-content\/uploads\/2020\/03\/05556-100x100.png 100w, https:\/\/simex.es\/wp-content\/uploads\/2020\/03\/05556-150x150.png 150w\" sizes=\"auto, (max-width: 210px) 100vw, 210px\" \/>\t\t\t\t\t\t\n\t\t\t\t\t<\/div>\n\t\t\t\t\t\t<\/a>\t\t\n<style>\n#image_670389576 {\n  width: 100%;\n}\n<\/style>\n\t<\/div>\n\t\n<p style=\"text-align: center;\"><strong>Ref. 02256<\/strong><\/p>\n\t\t<\/div>\n\t\t\t\t\t<\/div>\n\n\t\n\n\t<div id=\"col-1637146490\" class=\"col medium-2 small-6 large-2\"  >\n\t\t\t\t<div class=\"col-inner\" style=\"background-color:rgb(255, 255, 255);\" >\n\t\t\t\n\t\t\t\n\t<div class=\"img has-hover x md-x lg-x y md-y lg-y\" id=\"image_661152597\">\n\t\t<a class=\"\" href=\"https:\/\/simex.es\/fr\/distributeur-de-papier-elegance-papier-meche\/\" target=\"_blank\" rel=\"noopener\" >\t\t\t\t\t\t<div class=\"img-inner dark\" >\n\t\t\t<img loading=\"lazy\" decoding=\"async\" width=\"210\" height=\"210\" src=\"https:\/\/simex.es\/wp-content\/uploads\/2020\/03\/06046.png\" class=\"attachment-original size-original\" alt=\"\" srcset=\"https:\/\/simex.es\/wp-content\/uploads\/2020\/03\/06046.png 210w, https:\/\/simex.es\/wp-content\/uploads\/2020\/03\/06046-100x100.png 100w, https:\/\/simex.es\/wp-content\/uploads\/2020\/03\/06046-150x150.png 150w\" sizes=\"auto, (max-width: 210px) 100vw, 210px\" \/>\t\t\t\t\t\t\n\t\t\t\t\t<\/div>\n\t\t\t\t\t\t<\/a>\t\t\n<style>\n#image_661152597 {\n  width: 100%;\n}\n<\/style>\n\t<\/div>\n\t\n<p style=\"text-align: center;\"><strong>Ref. 06046<\/strong><\/p>\n\t\t<\/div>\n\t\t\t\t\t<\/div>\n\n\t\n<\/div>\n<div class=\"row\"  id=\"row-1738293433\">\n\n\t<div id=\"col-1248480583\" class=\"col small-12 large-12\"  >\n\t\t\t\t<div class=\"col-inner\"  >\n\t\t\t\n\t\t\t\n<a href=\"https:\/\/simex.es\/wp-content\/uploads\/2022\/02\/Solution-Trevi.pdf\" target=\"_blank\" class=\"button primary is-outline\" rel=\"noopener\" >\n\t\t<span>T\u00e9l\u00e9charger Solution<\/span>\n\t<\/a>\n\n\t\t<\/div>\n\t\t\t\t\t<\/div>\n\n\t\n<\/div>\n<div class=\"row align-center\"  id=\"row-1953224574\">\n\n\t<div id=\"col-1065156150\" class=\"col medium-6 small-12 large-6\"  >\n\t\t\t\t<div class=\"col-inner\"  >\n\t\t\t\n\t\t\t\n<div class=\"container section-title-container\" ><h3 class=\"section-title section-title-center\"><b aria-hidden=\"true\"><\/b><span class=\"section-title-main\" style=\"color:rgb(255, 81, 0);\"><i class=\"icon-envelop\" aria-hidden=\"true\"><\/i>Cette solution m'int\u00e9resse<\/span><b aria-hidden=\"true\"><\/b><\/h3><\/div>\n\n<div class=\"wpcf7 no-js\" id=\"wpcf7-f85314-o1\" lang=\"es-ES\" dir=\"ltr\" data-wpcf7-id=\"85314\">\n<div class=\"screen-reader-response\"><p role=\"status\" aria-live=\"polite\" aria-atomic=\"true\"><\/p> <ul><\/ul><\/div>\n<form action=\"\/fr\/wp-json\/wp\/v2\/pages\/84530#wpcf7-f85314-o1\" method=\"post\" class=\"wpcf7-form init\" aria-label=\"Formulario de contacto\" novalidate=\"novalidate\" data-status=\"init\">\n<fieldset class=\"hidden-fields-container\"><input type=\"hidden\" name=\"_wpcf7\" value=\"85314\" \/><input type=\"hidden\" name=\"_wpcf7_version\" value=\"6.1.5\" \/><input type=\"hidden\" name=\"_wpcf7_locale\" value=\"es_ES\" \/><input type=\"hidden\" name=\"_wpcf7_unit_tag\" value=\"wpcf7-f85314-o1\" \/><input type=\"hidden\" name=\"_wpcf7_container_post\" value=\"0\" \/><input type=\"hidden\" name=\"_wpcf7_posted_data_hash\" value=\"\" \/><input type=\"hidden\" name=\"_wpcf7_recaptcha_response\" value=\"\" \/>\n<\/fieldset>\n<div id=\"responsive-form\" class=\"clearfix\">\n\t<div class=\"column-half\">\n\t\t<p>PR\u00c9NOM ET NOM DE FAMILLE* <span class=\"wpcf7-form-control-wrap\" data-name=\"nombre\"><input size=\"40\" maxlength=\"400\" class=\"wpcf7-form-control wpcf7-text wpcf7-validates-as-required\" aria-required=\"true\" aria-invalid=\"false\" value=\"\" type=\"text\" name=\"nombre\" \/><\/span>\n\t\t<\/p>\n\t<\/div>\n\t<div class=\"column-half\">\n\t\t<p>SOCI\u00c9T\u00c9* <span class=\"wpcf7-form-control-wrap\" data-name=\"empresa\"><input size=\"40\" maxlength=\"400\" class=\"wpcf7-form-control wpcf7-text wpcf7-validates-as-required\" aria-required=\"true\" aria-invalid=\"false\" value=\"\" type=\"text\" name=\"empresa\" \/><\/span>\n\t\t<\/p>\n\t<\/div>\n\t<div class=\"column-half\">\n\t\t<p>T\u00c9L\u00c9PHONE* <span class=\"wpcf7-form-control-wrap\" data-name=\"telefono\"><input size=\"40\" maxlength=\"400\" class=\"wpcf7-form-control wpcf7-text wpcf7-validates-as-required\" aria-required=\"true\" aria-invalid=\"false\" value=\"\" type=\"text\" name=\"telefono\" \/><\/span>\n\t\t<\/p>\n\t<\/div>\n\t<div class=\"column-half\">\n\t\t<p>VOTRE EMAIL* <span class=\"wpcf7-form-control-wrap\" data-name=\"email\"><input size=\"40\" maxlength=\"400\" class=\"wpcf7-form-control wpcf7-email wpcf7-validates-as-required wpcf7-text wpcf7-validates-as-email\" aria-required=\"true\" aria-invalid=\"false\" value=\"\" type=\"email\" name=\"email\" \/><\/span>\n\t\t<\/p>\n\t<\/div>\n\t<div class=\"form-row\">\n\t\t<div class=\"column-full\">\n\t\t\t<p><span class=\"wpcf7-form-control-wrap\" data-name=\"mensaje\"><textarea cols=\"40\" rows=\"10\" maxlength=\"2000\" class=\"wpcf7-form-control wpcf7-textarea\" aria-invalid=\"false\" placeholder=\"COMMENTAIRE\" name=\"mensaje\"><\/textarea><\/span>\n\t\t\t<\/p>\n\t\t<\/div>\n\t<\/div>\n\t<div class=\"form-row\">\n\t\t<div class=\"column-full\">\n\t\t\t<p><span class=\"wpcf7-form-control-wrap\" data-name=\"acceptance-394\"><span class=\"wpcf7-form-control wpcf7-acceptance\"><span class=\"wpcf7-list-item\"><label><input type=\"checkbox\" name=\"acceptance-394\" value=\"1\" aria-invalid=\"false\" \/><span class=\"wpcf7-list-item-label\">J'accepte la <a href=\"https:\/\/simex.es\/politica-de-privacidad\/\"><u>Politique de Confidentialit\u00e9<\/u><\/a><\/span><\/label><\/span><\/span><\/span>\n\t\t\t<\/p>\n\t\t<\/div>\n\t<\/div>\n\t<div class=\"column-full\">\n\t\t<p><input class=\"wpcf7-form-control wpcf7-submit has-spinner\" type=\"submit\" value=\"Envoyer\" \/>\n\t\t<\/p>\n\t<\/div>\n<\/div>\n\n<!--end responsive-form--><div class=\"wpcf7-response-output\" aria-hidden=\"true\"><\/div>\n<\/form>\n<\/div>\n\n\t\t<\/div>\n\t\t\t\t\t<\/div>\n\n\t\n\n<style>\n#row-1953224574 > .col > .col-inner {\n  padding: 40px 0px 0px 0px;\n}\n<\/style>\n<\/div>\n","protected":false},"excerpt":{"rendered":"","protected":false},"author":5,"featured_media":0,"parent":0,"menu_order":0,"comment_status":"closed","ping_status":"closed","template":"","meta":{"footnotes":""},"class_list":["post-84530","page","type-page","status-publish","hentry"],"_links":{"self":[{"href":"https:\/\/simex.es\/fr\/wp-json\/wp\/v2\/pages\/84530","targetHints":{"allow":["GET"]}}],"collection":[{"href":"https:\/\/simex.es\/fr\/wp-json\/wp\/v2\/pages"}],"about":[{"href":"https:\/\/simex.es\/fr\/wp-json\/wp\/v2\/types\/page"}],"author":[{"embeddable":true,"href":"https:\/\/simex.es\/fr\/wp-json\/wp\/v2\/users\/5"}],"replies":[{"embeddable":true,"href":"https:\/\/simex.es\/fr\/wp-json\/wp\/v2\/comments?post=84530"}],"version-history":[{"count":0,"href":"https:\/\/simex.es\/fr\/wp-json\/wp\/v2\/pages\/84530\/revisions"}],"wp:attachment":[{"href":"https:\/\/simex.es\/fr\/wp-json\/wp\/v2\/media?parent=84530"}],"curies":[{"name":"wp","href":"https:\/\/api.w.org\/{rel}","templated":true}]}}