{"id":76076,"date":"2018-09-03T15:35:03","date_gmt":"2018-09-03T15:35:03","guid":{"rendered":"https:\/\/simex.es\/?page_id=76076"},"modified":"2018-09-03T15:35:03","modified_gmt":"2018-09-03T15:35:03","slug":"homefr","status":"publish","type":"page","link":"https:\/\/simex.es\/fr\/homefr\/","title":{"rendered":"Simex"},"content":{"rendered":"[vc_row full_width=&#8221;stretch_row_content_no_spaces&#8221; full_height=&#8221;yes&#8221; el_class=&#8221;full-width&#8221; css=&#8221;.vc_custom_1488903521098{margin-top: 0px !important;margin-right: 0px !important;margin-bottom: 0px !important;margin-left: 0px !important;padding-top: 0px !important;padding-right: 0px !important;padding-bottom: 0px !important;padding-left: 0px !important;}&#8221;][vc_column][rev_slider_vc alias=&#8221;home-slider-2&#8243;][\/vc_column][\/vc_row][vc_row el_class=&#8221;corporate-about&#8221; css=&#8221;.vc_custom_1469585573135{padding-top: 25px !important;}&#8221;][vc_column width=&#8221;1\/3&#8243; css=&#8221;.vc_custom_1469586111981{padding-bottom: 60px !important;}&#8221;][vc_icon type=&#8221;entypo&#8221; icon_entypo=&#8221;entypo-icon entypo-icon-dropbox&#8221; color=&#8221;custom&#8221; size=&#8221;lg&#8221; align=&#8221;center&#8221; custom_color=&#8221;#FF5100&#8243; css=&#8221;.vc_custom_1496401296020{margin-top: 10px !important;margin-bottom: 10px !important;}&#8221;][vc_custom_heading text=&#8221;PRIX SPECIAUX SELON QUANTIT\u00c9S&#8221; font_container=&#8221;tag:h4|text_align:center|color:%23666666&#8243; use_theme_fonts=&#8221;yes&#8221; css=&#8221;.vc_custom_1535709837394{margin-bottom: 20px !important;}&#8221;][vc_column_text css=&#8221;.vc_custom_1535709871546{margin-bottom: 0px !important;padding-right: 10px !important;padding-left: 10px !important;}&#8221;]\n<p style=\"text-align: center;\">Planifiez vos achats et profitez de r\u00e9ductions pour quantit\u00e9s. Demandez plus d\u2019informations lors de votre prochaine commande.<\/p>\n[\/vc_column_text][\/vc_column][vc_column width=&#8221;1\/3&#8243; css=&#8221;.vc_custom_1469586252911{border-right-width: 1px !important;border-left-width: 1px !important;padding-top: 0px !important;border-left-color: #e5e5e5 !important;border-left-style: solid !important;border-right-color: #e5e5e5 !important;border-right-style: solid !important;}&#8221;][vc_icon type=&#8221;entypo&#8221; icon_entypo=&#8221;entypo-icon entypo-icon-paper-plane&#8221; color=&#8221;custom&#8221; size=&#8221;lg&#8221; align=&#8221;center&#8221; custom_color=&#8221;#FF5100&#8243; css=&#8221;.vc_custom_1489750412356{margin-top: 10px !important;margin-bottom: 10px !important;}&#8221;][vc_custom_heading text=&#8221;SERVICE RAPIDE ET EFFICACE&#8221; font_container=&#8221;tag:h4|text_align:center|color:%23666666&#8243; use_theme_fonts=&#8221;yes&#8221; css=&#8221;.vc_custom_1535709904643{margin-bottom: 20px !important;}&#8221;][vc_column_text css=&#8221;.vc_custom_1535709920762{margin-bottom: 0px !important;padding-right: 10px !important;padding-left: 10px !important;}&#8221;]\n<p style=\"text-align: center;\">Nous disposons d&#8217;une base logistique enti\u00e8rement automatis\u00e9e qui nous permet de r\u00e9duire les d\u00e9lais de livraison et de vous offrir le meilleur service.<\/p>\n[\/vc_column_text][\/vc_column][vc_column width=&#8221;1\/3&#8243; css=&#8221;.vc_custom_1469586125860{padding-bottom: 60px !important;}&#8221;][vc_icon type=&#8221;entypo&#8221; icon_entypo=&#8221;entypo-icon entypo-icon-progress-3&#8243; color=&#8221;custom&#8221; size=&#8221;lg&#8221; align=&#8221;center&#8221; custom_color=&#8221;#FF5100&#8243; css=&#8221;.vc_custom_1496401434563{margin-top: 10px !important;margin-bottom: 10px !important;}&#8221;][vc_custom_heading text=&#8221;STOCK TR\u00c8S IMPORTANT&#8221; font_container=&#8221;tag:h4|text_align:center|color:%23666666&#8243; use_theme_fonts=&#8221;yes&#8221; css=&#8221;.vc_custom_1535709935708{margin-bottom: 20px !important;}&#8221;][vc_column_text css=&#8221;.vc_custom_1535709952776{margin-bottom: 0px !important;padding-right: 10px !important;padding-left: 10px !important;}&#8221;]\n<p style=\"text-align: center;\">Nous avons une large gamme de produits en stock afin que vous puissiez prendre vos d\u00e9cisions d&#8217;achat avec agilit\u00e9.<\/p>\n[\/vc_column_text][\/vc_column][\/vc_row][vc_row css=&#8221;.vc_custom_1469242630068{margin-bottom: 30px !important;}&#8221;][vc_column][vc_column_text]\n<h3 style=\"text-align: center;\">NOS PRODUITS<\/h3>\n[\/vc_column_text][\/vc_column][\/vc_row][vc_row el_class=&#8221;llistatProductes&#8221;][vc_column width=&#8221;1\/4&#8243; css=&#8221;.vc_custom_1494247395783{margin-bottom: 40px !important;}&#8221;][vc_single_image image=&#8221;8508&#8243; img_size=&#8221;medium&#8221; alignment=&#8221;center&#8221; onclick=&#8221;custom_link&#8221; link=&#8221;\/productos\/secadoras-de-manos\/&#8221; el_class=&#8221;categoriaPropia&#8221;][vc_custom_heading text=&#8221;S\u00c8CHE-MAINS \u00c0 AIR CHAUD&#8221; font_container=&#8221;tag:h2|font_size:16|text_align:center|color:%23666666&#8243; google_fonts=&#8221;font_family:Montserrat%3Aregular%2C700|font_style:400%20regular%3A400%3Anormal&#8221; css=&#8221;.vc_custom_1535710033784{margin-top: -15px !important;}&#8221; link=&#8221;url:%2Fproductos%2Fsecadoras-de-manos%2F|||&#8221; el_class=&#8221;categoriaH4Propia&#8221;][\/vc_column][vc_column width=&#8221;1\/4&#8243; css=&#8221;.vc_custom_1494247404742{margin-bottom: 40px !important;}&#8221;][vc_single_image image=&#8221;5421&#8243; img_size=&#8221;medium&#8221; alignment=&#8221;center&#8221; onclick=&#8221;custom_link&#8221; link=&#8221;\/productos\/secadores-de-cabello\/&#8221; el_class=&#8221;categoriaPropia&#8221;][vc_custom_heading text=&#8221;S\u00c8CHE-CHEVEUX \u00c0 AIR CHAUD&#8221; font_container=&#8221;tag:h2|font_size:16|text_align:center|color:%23666666&#8243; google_fonts=&#8221;font_family:Montserrat%3Aregular%2C700|font_style:400%20regular%3A400%3Anormal&#8221; css=&#8221;.vc_custom_1535710116961{margin-top: -15px !important;}&#8221; link=&#8221;url:%2Fproductos%2Fsecadores-de-cabello%2F|||&#8221; el_class=&#8221;categoriaH4Propia&#8221;][\/vc_column][vc_column width=&#8221;1\/4&#8243; css=&#8221;.vc_custom_1494247410886{margin-bottom: 40px !important;}&#8221;][vc_single_image image=&#8221;5875&#8243; img_size=&#8221;medium&#8221; alignment=&#8221;center&#8221; onclick=&#8221;custom_link&#8221; link=&#8221;\/productos\/fuentes-de-agua\/&#8221; el_class=&#8221;categoriaPropia&#8221;][vc_custom_heading text=&#8221;FONTAINES \u00c0 EAU&#8221; font_container=&#8221;tag:h2|font_size:16|text_align:center|color:%23666666&#8243; google_fonts=&#8221;font_family:Montserrat%3Aregular%2C700|font_style:400%20regular%3A400%3Anormal&#8221; css=&#8221;.vc_custom_1535710237272{margin-top: -15px !important;}&#8221; link=&#8221;url:%2Fproductos%2Ffuentes-de-agua%2F|||&#8221; el_class=&#8221;categoriaH4Propia&#8221;][\/vc_column][vc_column width=&#8221;1\/4&#8243; css=&#8221;.vc_custom_1494247419422{margin-bottom: 40px !important;}&#8221;][vc_single_image image=&#8221;5600&#8243; img_size=&#8221;medium&#8221; alignment=&#8221;center&#8221; onclick=&#8221;custom_link&#8221; link=&#8221;\/productos\/dosificadores-de-jabon\/&#8221; el_class=&#8221;categoriaPropia&#8221;][vc_custom_heading text=&#8221;DISTRIBUTEURS DE SAVON&#8221; font_container=&#8221;tag:h2|font_size:16|text_align:center|color:%23666666&#8243; google_fonts=&#8221;font_family:Montserrat%3Aregular%2C700|font_style:400%20regular%3A400%3Anormal&#8221; css=&#8221;.vc_custom_1535710255698{margin-top: -15px !important;}&#8221; link=&#8221;url:%2Fproductos%2Fdosificadores-de-jabon%2F|||&#8221; el_class=&#8221;categoriaH4Propia&#8221;][\/vc_column][\/vc_row][vc_row el_class=&#8221;llistatProductes&#8221;][vc_column width=&#8221;1\/4&#8243;][vc_single_image image=&#8221;5598&#8243; img_size=&#8221;medium&#8221; alignment=&#8221;center&#8221; onclick=&#8221;custom_link&#8221; link=&#8221;\/productos\/dispensadores-de-papel-higienico\/&#8221; el_class=&#8221;categoriaPropia&#8221;][vc_custom_heading text=&#8221;DISTRIBUTEURS DE PAPIER&#8221; font_container=&#8221;tag:h2|font_size:16|text_align:center|color:%23666666&#8243; google_fonts=&#8221;font_family:Montserrat%3Aregular%2C700|font_style:400%20regular%3A400%3Anormal&#8221; css=&#8221;.vc_custom_1535710270841{margin-top: -15px !important;}&#8221; link=&#8221;url:%2Fproductos%2Fdispensadores-de-papel-higienico%2F|||&#8221; el_class=&#8221;categoriaH4Propia&#8221;][\/vc_column][vc_column width=&#8221;1\/4&#8243;][vc_single_image image=&#8221;6565&#8243; img_size=&#8221;medium&#8221; alignment=&#8221;center&#8221; onclick=&#8221;custom_link&#8221; link=&#8221;\/productos\/accesorios-de-bano\/&#8221; el_class=&#8221;categoriaPropia&#8221;][vc_custom_heading text=&#8221;ACCESSOIRES DE SALLE DE BAINS&#8221; font_container=&#8221;tag:h2|font_size:16|text_align:center|color:%23666666&#8243; google_fonts=&#8221;font_family:Montserrat%3Aregular%2C700|font_style:400%20regular%3A400%3Anormal&#8221; css=&#8221;.vc_custom_1535710299390{margin-top: -15px !important;}&#8221; link=&#8221;url:%2Fproductos%2Faccesorios-de-bano%2F|||&#8221; el_class=&#8221;categoriaH4Propia&#8221;][\/vc_column][vc_column width=&#8221;1\/4&#8243;][vc_single_image image=&#8221;6817&#8243; img_size=&#8221;medium&#8221; alignment=&#8221;center&#8221; onclick=&#8221;custom_link&#8221; link=&#8221;\/productos\/saneamientos-y-mobiliario-inox\/&#8221; el_class=&#8221;categoriaPropia&#8221;][vc_custom_heading text=&#8221;MOBILIERS DE SALLE DE BAINS EN ACIER INOXYDABLE&#8221; font_container=&#8221;tag:h2|font_size:16|text_align:center|color:%23666666&#8243; google_fonts=&#8221;font_family:Montserrat%3Aregular%2C700|font_style:400%20regular%3A400%3Anormal&#8221; css=&#8221;.vc_custom_1535710327361{margin-top: -15px !important;}&#8221; link=&#8221;url:%2Fproductos%2Fsaneamientos-y-mobiliario-inox%2F|||&#8221; el_class=&#8221;categoriaH4Propia&#8221;][\/vc_column][vc_column width=&#8221;1\/4&#8243;][vc_single_image image=&#8221;7035&#8243; img_size=&#8221;medium&#8221; alignment=&#8221;center&#8221; onclick=&#8221;custom_link&#8221; link=&#8221;\/productos\/cambia-panales-ambientadores-exterminadores-trona-bebes\/&#8221; el_class=&#8221;categoriaPropia&#8221;][vc_custom_heading text=&#8221;TABLES \u00c0 LANGER, DIFFUSEUR D&#8217;ODEUR ET DESTRUCTEURS D&#8217;INSECTE&#8221; font_container=&#8221;tag:h2|font_size:16|text_align:center|color:%23666666&#8243; google_fonts=&#8221;font_family:Montserrat%3Aregular%2C700|font_style:400%20regular%3A400%3Anormal&#8221; css=&#8221;.vc_custom_1535710391613{margin-top: -15px !important;}&#8221; link=&#8221;url:%2Fproductos%2Fcambia-panales-ambientadores-exterminadores-trona-bebes%2F|||&#8221; el_class=&#8221;categoriaH4Propia&#8221;][\/vc_column][\/vc_row][vc_row el_class=&#8221;llistatProductes&#8221;][vc_column width=&#8221;1\/4&#8243;][vc_single_image image=&#8221;7741&#8243; img_size=&#8221;medium&#8221; alignment=&#8221;center&#8221; onclick=&#8221;custom_link&#8221; link=&#8221;\/productos\/equipamiento-hotelero\/&#8221; el_class=&#8221;categoriaPropia&#8221;][vc_custom_heading text=&#8221;\u00c9QUIPEMENTS H\u00d4TELIERS&#8221; font_container=&#8221;tag:h2|font_size:16|text_align:center|color:%23666666&#8243; google_fonts=&#8221;font_family:Montserrat%3Aregular%2C700|font_style:400%20regular%3A400%3Anormal&#8221; css=&#8221;.vc_custom_1535710419787{margin-top: -15px !important;}&#8221; link=&#8221;url:%2Fproductos%2Fequipamiento-hotelero%2F|||&#8221; el_class=&#8221;categoriaH4Propia&#8221;][\/vc_column][vc_column width=&#8221;1\/4&#8243;][vc_single_image image=&#8221;7105&#8243; img_size=&#8221;medium&#8221; alignment=&#8221;center&#8221; onclick=&#8221;custom_link&#8221; link=&#8221;\/productos\/papeleras\/&#8221; el_class=&#8221;categoriaPropia&#8221;][vc_custom_heading text=&#8221;POUBELLES&#8221; font_container=&#8221;tag:h2|font_size:16|text_align:center|color:%23666666&#8243; google_fonts=&#8221;font_family:Montserrat%3Aregular%2C700|font_style:400%20regular%3A400%3Anormal&#8221; css=&#8221;.vc_custom_1535710442972{margin-top: -15px !important;}&#8221; link=&#8221;url:%2Fproductos%2Fpapeleras%2F|||&#8221; el_class=&#8221;categoriaH4Propia&#8221;][\/vc_column][vc_column width=&#8221;1\/4&#8243;][vc_single_image image=&#8221;7211&#8243; img_size=&#8221;medium&#8221; alignment=&#8221;center&#8221; onclick=&#8221;custom_link&#8221; link=&#8221;\/productos\/barras-de-acero-inoxidable-y-ayudas-tecnicas\/&#8221; el_class=&#8221;categoriaPropia&#8221;][vc_custom_heading text=&#8221;BARRES D&#8217;APPUI ET AUTRES AIDES TECHNIQUES POUR LA MOBILIT\u00c9&#8221; font_container=&#8221;tag:h2|font_size:16|text_align:center|color:%23666666&#8243; google_fonts=&#8221;font_family:Montserrat%3Aregular%2C700|font_style:400%20regular%3A400%3Anormal&#8221; css=&#8221;.vc_custom_1535710491304{margin-top: -15px !important;}&#8221; link=&#8221;url:%2Fproductos%2Fbarras-de-acero-inoxidable-y-ayudas-tecnicas%2F|||&#8221; el_class=&#8221;categoriaH4Propia&#8221;][\/vc_column][vc_column width=&#8221;1\/4&#8243;][vc_single_image image=&#8221;7604&#8243; img_size=&#8221;medium&#8221; alignment=&#8221;center&#8221; onclick=&#8221;custom_link&#8221; link=&#8221;\/productos\/lavaojos-y-duchas-de-emergencia\/&#8221; el_class=&#8221;categoriaPropia&#8221;][vc_custom_heading text=&#8221;DOUCHES OCULAIRES ET DOUCHES D&#8217;URGENCE&#8221; font_container=&#8221;tag:h2|font_size:16|text_align:center|color:%23666666&#8243; google_fonts=&#8221;font_family:Montserrat%3Aregular%2C700|font_style:400%20regular%3A400%3Anormal&#8221; css=&#8221;.vc_custom_1535710576181{margin-top: -15px !important;}&#8221; link=&#8221;url:%2Fproductos%2Flavaojos-y-duchas-de-emergencia%2F|||&#8221; el_class=&#8221;categoriaH4Propia&#8221;][\/vc_column][\/vc_row][vc_row][vc_column width=&#8221;1\/2&#8243;][vc_single_image image=&#8221;7976&#8243; img_size=&#8221;full&#8221; alignment=&#8221;center&#8221; onclick=&#8221;custom_link&#8221; link=&#8221;\/?p=9672&#8243;][\/vc_column][vc_column width=&#8221;1\/2&#8243;][vc_single_image image=&#8221;7979&#8243; img_size=&#8221;full&#8221; alignment=&#8221;center&#8221; onclick=&#8221;custom_link&#8221; link=&#8221;\/?page_id=5453&#8243; css=&#8221;.vc_custom_1521646710555{margin-bottom: 30px !important;}&#8221;][vc_single_image image=&#8221;7981&#8243; img_size=&#8221;full&#8221; alignment=&#8221;center&#8221; css=&#8221;.vc_custom_1521646638613{margin-bottom: 0px !important;}&#8221;][\/vc_column][\/vc_row][vc_row css=&#8221;.vc_custom_1523896700028{margin-top: 0px !important;margin-right: 0px !important;margin-bottom: -5px !important;margin-left: 0px !important;padding-top: 80px !important;padding-right: 0px !important;padding-bottom: 80px !important;padding-left: 0px !important;background: #dddddd url(https:\/\/simex.es\/wp-content\/uploads\/2018\/04\/simex_web2018_newsletter_fondo_ok.jpg?id=10034) !important;background-position: center !important;background-repeat: no-repeat !important;background-size: cover !important;}&#8221;][vc_column width=&#8221;1\/4&#8243; css=&#8221;.vc_custom_1523896685067{margin-top: 27px !important;margin-bottom: -5px !important;}&#8221;][vc_single_image image=&#8221;10030&#8243; img_size=&#8221;full&#8221; el_class=&#8221;newsMobil&#8221;][\/vc_column][vc_column width=&#8221;1\/2&#8243; css=&#8221;.vc_custom_1523896690715{margin-top: 85px !important;margin-bottom: -5px !important;}&#8221;][vc_column_text el_class=&#8221;title-newletter newsMobil&#8221;]\n<h3>Connaissez nos derni\u00e8res nouvelles<\/h3>\n<p>Abonnez-vous \u00e0 notre newsletter pour recevoir dans votre courrier les derni\u00e8res nouvelles sur les meilleurs produits sur le march\u00e9 pour les collectivit\u00e9s.[\/vc_column_text][\/vc_column][vc_column width=&#8221;1\/4&#8243; css=&#8221;.vc_custom_1523896558027{margin-top: 78px !important;}&#8221;][vc_column_text]\n<style type=\"text\/css\">\n\t#mc_embed_signup<br \/>{<br \/>clear:  left;<br \/>font:   14px Helvetica, Arial, sans-serif;<br \/>width:  100%;<br \/>}<\/p>\n<\/style>\n<div id=\"mc_embed_signup\">\n<form id=\"mc-embedded-subscribe-form\" class=\"validate\" action=\"\/\/strategycomm.us7.list-manage.com\/subscribe\/post?u=ed850142e4687d1d8abf4b52a&amp;id=72a699cbc5\" method=\"post\" name=\"mc-embedded-subscribe-form\" novalidate=\"\" target=\"_blank\">\n<div id=\"mc_embed_signup_scroll\" style=\"text-align: center; width: 100%;\">\n<p>&nbsp;<\/p>\n<p><input id=\"mce-EMAIL\" class=\"email\" style=\"padding: 6px 10px; width: 80%;\" name=\"EMAIL\" required=\"\" type=\"email\" value=\"\" placeholder=\"Adresse mail\" \/><\/p>\n<div style=\"position: absolute; left: -5000px;\" aria-hidden=\"true\">&lt;inputtabindex=&#8221;-1&#8243; name=&#8221;b_ed850142e4687d1d8abf4b52a_72a699cbc5&#8243; type=&#8221;text&#8221; value=&#8221;&#8221; \/&gt;<\/div>\n<div class=\"clear\"><input id=\"mc-embedded-subscribe\" class=\"button\" style=\"background-color: #FF5100;\" name=\"subscribe\" type=\"submit\" value=\"S\u2019abonner\" \/><\/div>\n<\/div>\n<\/form>\n<\/div>\n[\/vc_column_text][\/vc_column][\/vc_row][vc_row css=&#8221;.vc_custom_1505403914677{margin-top: 60px !important;margin-bottom: 0px !important;}&#8221;][vc_column][vc_column_text el_class=&#8221;title-products&#8221;]\n<h3 style=\"text-align: center;\">Derni\u00e8res nouvelles<\/h3>\n[\/vc_column_text][latestposts][\/vc_column][\/vc_row]\n","protected":false},"excerpt":{"rendered":"[vc_row full_width=&#8221;stretch_row_content_no_spaces&#8221; full_height=&#8221;yes&#8221; el_class=&#8221;full-width&#8221; css=&#8221;.vc_custom_1488903521098{margin-top: 0px !important;margin-right: 0px !important;margin-bottom: 0px !important;margin-left: 0px !important;padding-top: 0px !important;padding-right: 0px !important;padding-bottom: 0px !important;padding-left: 0px !important;}&#8221;][vc_column][rev_slider_vc alias=&#8221;home-slider-2&#8243;][\/vc_column][\/vc_row][vc_row el_class=&#8221;corporate-about&#8221; css=&#8221;.vc_custom_1469585573135{padding-top: 25px !important;}&#8221;][vc_column width=&#8221;1\/3&#8243; css=&#8221;.vc_custom_1469586111981{padding-bottom: 60px !important;}&#8221;][vc_icon type=&#8221;entypo&#8221; icon_entypo=&#8221;entypo-icon entypo-icon-dropbox&#8221; color=&#8221;custom&#8221; size=&#8221;lg&#8221; align=&#8221;center&#8221; custom_color=&#8221;#FF5100&#8243; css=&#8221;.vc_custom_1496401296020{margin-top: 10px !important;margin-bottom: 10px !important;}&#8221;][vc_custom_heading text=&#8221;PRIX SPECIAUX SELON QUANTIT\u00c9S&#8221; font_container=&#8221;tag:h4|text_align:center|color:%23666666&#8243; use_theme_fonts=&#8221;yes&#8221; css=&#8221;.vc_custom_1535709837394{margin-bottom: 20px !important;}&#8221;][vc_column_text css=&#8221;.vc_custom_1535709871546{margin-bottom: 0px !important;padding-right: 10px [&#8230;]\n","protected":false},"author":5,"featured_media":0,"parent":0,"menu_order":0,"comment_status":"closed","ping_status":"closed","template":"page-templates\/front-page.php","meta":{"footnotes":""},"class_list":["post-76076","page","type-page","status-publish","hentry"],"_links":{"self":[{"href":"https:\/\/simex.es\/fr\/wp-json\/wp\/v2\/pages\/76076","targetHints":{"allow":["GET"]}}],"collection":[{"href":"https:\/\/simex.es\/fr\/wp-json\/wp\/v2\/pages"}],"about":[{"href":"https:\/\/simex.es\/fr\/wp-json\/wp\/v2\/types\/page"}],"author":[{"embeddable":true,"href":"https:\/\/simex.es\/fr\/wp-json\/wp\/v2\/users\/5"}],"replies":[{"embeddable":true,"href":"https:\/\/simex.es\/fr\/wp-json\/wp\/v2\/comments?post=76076"}],"version-history":[{"count":0,"href":"https:\/\/simex.es\/fr\/wp-json\/wp\/v2\/pages\/76076\/revisions"}],"wp:attachment":[{"href":"https:\/\/simex.es\/fr\/wp-json\/wp\/v2\/media?parent=76076"}],"curies":[{"name":"wp","href":"https:\/\/api.w.org\/{rel}","templated":true}]}}