{"id":75908,"date":"2017-03-07T11:45:45","date_gmt":"2017-03-07T11:45:45","guid":{"rendered":"https:\/\/simex.es\/empresa\/"},"modified":"2023-02-24T08:35:31","modified_gmt":"2023-02-24T07:35:31","slug":"enterprise","status":"publish","type":"page","link":"https:\/\/simex.es\/fr\/enterprise\/","title":{"rendered":"Entreprise"},"content":{"rendered":"<h1 data-line-height=\"xs\"><span style=\"font-size: 90%;\"><strong>ENTREPRISE<\/strong><\/span><\/h1>\n<div class=\"is-divider divider clearfix\" style=\"margin-top:-0.5em;margin-bottom:-0.5em;max-width:100%;height:1px;background-color:rgb(229, 120, 36);\"><\/div>\n\t<div id=\"gap-198755682\" class=\"gap-element clearfix\" style=\"display:block; height:auto;\">\n\t\t\n<style>\n#gap-198755682 {\n  padding-top: 30px;\n}\n<\/style>\n\t<\/div>\n\t\n<div class=\"row row-collapse row-full-width align-center\"  id=\"row-12269113\">\n\n\t<div id=\"col-1133468788\" class=\"col medium-11 small-12 large-11\"  >\n\t\t\t\t<div class=\"col-inner\"  >\n\t\t\t\n\t\t\t\n\t<div class=\"img has-hover x md-x lg-x y md-y lg-y\" id=\"image_636167346\">\n\t\t\t\t\t\t\t\t<div class=\"img-inner image-cover dark\" style=\"padding-top:30%;\">\n\t\t\t<img loading=\"lazy\" decoding=\"async\" width=\"1440\" height=\"548\" src=\"https:\/\/simex.es\/wp-content\/uploads\/2020\/03\/empresa-simex-1.png\" class=\"attachment-original size-original\" alt=\"\" srcset=\"https:\/\/simex.es\/wp-content\/uploads\/2020\/03\/empresa-simex-1.png 1440w, https:\/\/simex.es\/wp-content\/uploads\/2020\/03\/empresa-simex-1-510x194.png 510w, https:\/\/simex.es\/wp-content\/uploads\/2020\/03\/empresa-simex-1-300x114.png 300w, https:\/\/simex.es\/wp-content\/uploads\/2020\/03\/empresa-simex-1-1024x390.png 1024w, https:\/\/simex.es\/wp-content\/uploads\/2020\/03\/empresa-simex-1-768x292.png 768w, https:\/\/simex.es\/wp-content\/uploads\/2020\/03\/empresa-simex-1-600x228.png 600w\" sizes=\"auto, (max-width: 1440px) 100vw, 1440px\" \/>\t\t\t\t\t\t\n\t\t\t\t\t<\/div>\n\t\t\t\t\t\t\t\t\n<style>\n#image_636167346 {\n  width: 100%;\n}\n<\/style>\n\t<\/div>\n\t\n\t\t<\/div>\n\t\t\t\t\t<\/div>\n\n\t\n\n\t<div id=\"col-316567801\" class=\"col medium-11 small-12 large-11\"  >\n\t\t\t\t<div class=\"col-inner\"  >\n\t\t\t\n\t\t\t\n\t<div id=\"gap-747067038\" class=\"gap-element clearfix\" style=\"display:block; height:auto;\">\n\t\t\n<style>\n#gap-747067038 {\n  padding-top: 30px;\n}\n<\/style>\n\t<\/div>\n\t\n<h2><span style=\"color: #ff5100;\">A propos de nous<\/span><\/h2>\n<p><strong>Simex<\/strong>\u00a0est une entreprise cr\u00e9\u00e9e par des professionnels\u00a0fort\u00a0de nombreuses ann\u00e9es d\u2019exp\u00e9rience dans le secteur. Nous sommes des sp\u00e9cialistes du<strong> design<\/strong> et de la <strong>fabrication<\/strong> d\u2019une large gamme de produits pour les collectivit\u00e9s.<\/p>\n<p>Connu\u00a0pour \u00eatre\u00a0l\u2019un des leaders\u00a0dans\u00a0notre secteur\u00a0d\u2019activit\u00e9s,\u00a0aussi bien\u00a0au niveau national qu\u2019international, nous mettons \u00e0 la disposition de nos clients des <strong>solutions innovantes\u00a0<\/strong>que ce soit, en mati\u00e8re de <strong>design<\/strong>, de <strong>fonctionnalit\u00e9<\/strong>\u00a0ou bien encore\u00a0de <strong>qualit\u00e9<\/strong>.<\/p>\n\t\t<\/div>\n\t\t\t\t\t<\/div>\n\n\t\n\n\t<div id=\"col-414846014\" class=\"col medium-10 small-12 large-10\"  >\n\t\t\t\t<div class=\"col-inner\"  >\n\t\t\t\n\t\t\t\n\t<div id=\"gap-110689352\" class=\"gap-element clearfix\" style=\"display:block; height:auto;\">\n\t\t\n<style>\n#gap-110689352 {\n  padding-top: 30px;\n}\n<\/style>\n\t<\/div>\n\t\n\t<div class=\"img has-hover x md-x lg-x y md-y lg-y\" id=\"image_1689865658\">\n\t\t\t\t\t\t\t\t<div class=\"img-inner dark\" >\n\t\t\t<img loading=\"lazy\" decoding=\"async\" width=\"1020\" height=\"235\" src=\"https:\/\/simex.es\/wp-content\/uploads\/2020\/03\/Sobre-SimexIII-1024x236.jpeg\" class=\"attachment-large size-large\" alt=\"\" srcset=\"https:\/\/simex.es\/wp-content\/uploads\/2020\/03\/Sobre-SimexIII-1024x236.jpeg 1024w, https:\/\/simex.es\/wp-content\/uploads\/2020\/03\/Sobre-SimexIII-510x118.jpeg 510w, https:\/\/simex.es\/wp-content\/uploads\/2020\/03\/Sobre-SimexIII-300x69.jpeg 300w, https:\/\/simex.es\/wp-content\/uploads\/2020\/03\/Sobre-SimexIII-768x177.jpeg 768w, https:\/\/simex.es\/wp-content\/uploads\/2020\/03\/Sobre-SimexIII-1536x354.jpeg 1536w, https:\/\/simex.es\/wp-content\/uploads\/2020\/03\/Sobre-SimexIII-600x138.jpeg 600w, https:\/\/simex.es\/wp-content\/uploads\/2020\/03\/Sobre-SimexIII.jpeg 1618w\" sizes=\"auto, (max-width: 1020px) 100vw, 1020px\" \/>\t\t\t\t\t\t\n\t\t\t\t\t<\/div>\n\t\t\t\t\t\t\t\t\n<style>\n#image_1689865658 {\n  width: 100%;\n}\n<\/style>\n\t<\/div>\n\t\n\t\t<\/div>\n\t\t\t\t\t<\/div>\n\n\t\n<\/div>\n\t<div id=\"gap-1922521150\" class=\"gap-element clearfix\" style=\"display:block; height:auto;\">\n\t\t\n<style>\n#gap-1922521150 {\n  padding-top: 30px;\n}\n<\/style>\n\t<\/div>\n\t\n<div class=\"row row-collapse row-full-width align-center\"  id=\"row-2062037026\">\n\n\t<div id=\"col-1898429445\" class=\"col medium-10 small-12 large-10\"  >\n\t\t\t\t<div class=\"col-inner text-left\"  >\n\t\t\t\n\t\t\t\n\t<div id=\"gap-1756256483\" class=\"gap-element clearfix\" style=\"display:block; height:auto;\">\n\t\t\n<style>\n#gap-1756256483 {\n  padding-top: 30px;\n}\n<\/style>\n\t<\/div>\n\t\n<p>Notre catalogue contient des produits tels que: s\u00e8che-cheveux, s\u00e8che-mains, distributeurs de savon, distributeurs de papier, accessoires de salle de bain, barres PMR, si\u00e8ges de douche et bien plus encore.<\/p>\n<p>Nous disposons <strong>d\u2019un important centre logistique \u00e9quip\u00e9<\/strong> avec les derni\u00e8res technologies et d\u2019une grande capacit\u00e9 de stock pour toujours avoir suffisamment de produits en stock et ainsi pouvoir approvisionner rapidement nos clients.<\/p>\n\t\t<\/div>\n\t\t\t\t\t<\/div>\n\n\t\n\n\t<div id=\"col-1238015257\" class=\"col medium-10 small-12 large-10\"  >\n\t\t\t\t<div class=\"col-inner text-left\"  >\n\t\t\t\n\t\t\t\n\t<div id=\"gap-474845384\" class=\"gap-element clearfix\" style=\"display:block; height:auto;\">\n\t\t\n<style>\n#gap-474845384 {\n  padding-top: 30px;\n}\n<\/style>\n\t<\/div>\n\t\n\t<div class=\"img has-hover x md-x lg-x y md-y lg-y\" id=\"image_1492790176\">\n\t\t\t\t\t\t\t\t<div class=\"img-inner dark\" >\n\t\t\t<img loading=\"lazy\" decoding=\"async\" width=\"1712\" height=\"539\" src=\"https:\/\/simex.es\/wp-content\/uploads\/2020\/03\/Sobre-SimexII.jpeg\" class=\"attachment-original size-original\" alt=\"\" srcset=\"https:\/\/simex.es\/wp-content\/uploads\/2020\/03\/Sobre-SimexII.jpeg 1712w, https:\/\/simex.es\/wp-content\/uploads\/2020\/03\/Sobre-SimexII-510x161.jpeg 510w, https:\/\/simex.es\/wp-content\/uploads\/2020\/03\/Sobre-SimexII-300x94.jpeg 300w, https:\/\/simex.es\/wp-content\/uploads\/2020\/03\/Sobre-SimexII-1024x322.jpeg 1024w, https:\/\/simex.es\/wp-content\/uploads\/2020\/03\/Sobre-SimexII-768x242.jpeg 768w, https:\/\/simex.es\/wp-content\/uploads\/2020\/03\/Sobre-SimexII-1536x484.jpeg 1536w, https:\/\/simex.es\/wp-content\/uploads\/2020\/03\/Sobre-SimexII-600x189.jpeg 600w\" sizes=\"auto, (max-width: 1712px) 100vw, 1712px\" \/>\t\t\t\t\t\t\n\t\t\t\t\t<\/div>\n\t\t\t\t\t\t\t\t\n<style>\n#image_1492790176 {\n  width: 100%;\n}\n<\/style>\n\t<\/div>\n\t\n\t<div id=\"gap-1963725922\" class=\"gap-element clearfix\" style=\"display:block; height:auto;\">\n\t\t\n<style>\n#gap-1963725922 {\n  padding-top: 30px;\n}\n<\/style>\n\t<\/div>\n\t\n\t\t<\/div>\n\t\t\t\t\t<\/div>\n\n\t\n\n\t<div id=\"col-456116410\" class=\"col medium-10 small-12 large-10\"  >\n\t\t\t\t<div class=\"col-inner\"  >\n\t\t\t\n\t\t\t\n<p>De plus, notre \u00e9quipe qui compte de grands sp\u00e9cialistes dans diff\u00e9rents domaines, travaille constamment pour obtenir \u00e0 la fois <strong>la satisfaction de nos clients<\/strong> en offrant une attention personnalis\u00e9e et pour la recherche de la meilleure qualit\u00e9 de nos produits.<\/p>\n<h2><span style=\"color: #ff5100;\">Engag\u00e9 en faveur de l&#8217;environnement<\/span><\/h2>\n<p>SIMEX s&#8217;engage \u00e0 respecter l&#8217;environnement en produisant et en commercialisant des <strong>produits durables de haute qualit\u00e9<\/strong>. Les produits de l&#8217;entreprise sont certifi\u00e9s conformes aux <strong>normes europ\u00e9ennes<\/strong> et une grande partie des processus de production sont r\u00e9alis\u00e9s localement afin de garantir une empreinte<strong> carbone aussi faible que possible<\/strong>. Cela contribue \u00e0 la <strong>gestion durable des ressources naturelles<\/strong>, aidant l&#8217;entreprise \u00e0 respecter l&#8217;environnement.<\/p>\n<p>Tout ceci refl\u00e8te l&#8217;engagement de Simex envers l&#8217;environnement, et la tentative de <strong>r\u00e9duire au maximum la consommation d&#8217;\u00e9nergie<\/strong> pour obtenir les meilleurs r\u00e9sultats. En m\u00eame temps, Simex travaille sans rel\u00e2che pour offrir des produits de la plus haute qualit\u00e9, avec une durabilit\u00e9 et une<strong> efficacit\u00e9 \u00e9nerg\u00e9tique optimis\u00e9es<\/strong>.<\/p>\n\t\t<\/div>\n\t\t\t\t\t<\/div>\n\n\t\n<\/div>\n","protected":false},"excerpt":{"rendered":"<p>ENTREPRISE<\/p>\n","protected":false},"author":5,"featured_media":0,"parent":0,"menu_order":0,"comment_status":"closed","ping_status":"closed","template":"","meta":{"footnotes":""},"class_list":["post-75908","page","type-page","status-publish","hentry"],"_links":{"self":[{"href":"https:\/\/simex.es\/fr\/wp-json\/wp\/v2\/pages\/75908","targetHints":{"allow":["GET"]}}],"collection":[{"href":"https:\/\/simex.es\/fr\/wp-json\/wp\/v2\/pages"}],"about":[{"href":"https:\/\/simex.es\/fr\/wp-json\/wp\/v2\/types\/page"}],"author":[{"embeddable":true,"href":"https:\/\/simex.es\/fr\/wp-json\/wp\/v2\/users\/5"}],"replies":[{"embeddable":true,"href":"https:\/\/simex.es\/fr\/wp-json\/wp\/v2\/comments?post=75908"}],"version-history":[{"count":0,"href":"https:\/\/simex.es\/fr\/wp-json\/wp\/v2\/pages\/75908\/revisions"}],"wp:attachment":[{"href":"https:\/\/simex.es\/fr\/wp-json\/wp\/v2\/media?parent=75908"}],"curies":[{"name":"wp","href":"https:\/\/api.w.org\/{rel}","templated":true}]}}